{"id":1925,"date":"2024-07-30T05:45:43","date_gmt":"2024-07-30T05:45:43","guid":{"rendered":"https:\/\/aleyani-swimwear.ch\/?page_id=1925"},"modified":"2025-06-03T07:35:59","modified_gmt":"2025-06-03T07:35:59","slug":"ruckgaberichtlinie-2","status":"publish","type":"page","link":"https:\/\/aleyani-swimwear.ch\/de\/return-policy-2\/","title":{"rendered":"Bedingungen Bedingungen"},"content":{"rendered":"<div data-elementor-type=\"wp-page\" data-elementor-id=\"1925\" class=\"elementor elementor-1925\" wpc-filter-elementor-widget=\"1\" data-elementor-post-type=\"page\">\n\t\t\t\t<div class=\"elementor-element elementor-element-d955057 e-flex e-con-boxed e-con e-parent\" data-id=\"d955057\" data-element_type=\"container\" data-e-type=\"container\">\n\t\t\t\t\t<div class=\"e-con-inner\">\n\t\t\t\t<div class=\"elementor-element elementor-element-852af7e elementor-widget-divider--view-line elementor-widget elementor-widget-divider\" data-id=\"852af7e\" data-element_type=\"widget\" data-e-type=\"widget\" data-widget_type=\"divider.default\">\n\t\t\t\t<div class=\"elementor-widget-container\">\n\t\t\t\t\t\t\t<div class=\"elementor-divider\">\n\t\t\t<span class=\"elementor-divider-separator\">\n\t\t\t\t\t\t<\/span>\n\t\t<\/div>\n\t\t\t\t\t\t<\/div>\n\t\t\t\t<\/div>\n\t\t\t\t<div class=\"elementor-element elementor-element-5e35ffd elementor-widget__width-initial elementor-widget-mobile__width-inherit elementor-widget elementor-widget-text-editor\" data-id=\"5e35ffd\" data-element_type=\"widget\" data-e-type=\"widget\" data-widget_type=\"text-editor.default\">\n\t\t\t\t<div class=\"elementor-widget-container\">\n\t\t\t\t\t\t\t\t\t<p><b>1. ALLGEMEINE INFORMATIONEN<\/b><\/p><p>\"ALEYANI\" ist eine eingetragene Marke von ALEYANI Fashion &amp; Photography. Diese Allgemeinen Gesch\u00e4ftsbedingungen (AGB) regeln alle Rechtsbeziehungen aus Kaufvertr\u00e4gen, die zwischen ALEYANI Fashion &amp; Photography (Verk\u00e4ufer) und seinen Kunden (K\u00e4ufer) im Online-Shop (aleyani-swimwear.ch) geschlossen werden. Entgegenstehende Gesch\u00e4ftsbedingungen des K\u00e4ufers werden ausdr\u00fccklich ausgeschlossen.<\/p><p>Diese Vereinbarung legt die Bedingungen f\u00fcr die Nutzung der Website aleyani-swimwear.ch (\"Website\", \"Site\" oder \"Service\") und aller damit verbundenen Produkte und Dienstleistungen (zusammenfassend \"Services\") fest. Indem du auf die Website und die Dienstleistungen zugreifst und sie nutzt, best\u00e4tigst du, dass du diese Bedingungen gelesen, verstanden und akzeptiert hast. Diese Vereinbarung ist rechtsverbindlich zwischen dir (\"Nutzer\", \"du\" oder \"dein\") und ALEYANI Fashion &amp; Photography (\"ALEYANI\", \"wir\", \"uns\" oder \"unser\").<\/p><p>Wenn du diese Vereinbarung im Namen eines Unternehmens oder einer anderen juristischen Person abschlie\u00dft, best\u00e4tigst du, dass du die Befugnis hast, diese Person an diese Vereinbarung zu binden. In diesem Fall bezieht sich der Begriff \"Nutzer\", \"Sie\" oder \"Ihr\" auf diese juristische Person. Wenn du diese Befugnis nicht hast oder den Bedingungen nicht zustimmst, kannst du diese Vereinbarung nicht akzeptieren und bist nicht berechtigt, auf die Website oder die Dienste zuzugreifen oder sie zu nutzen. <br \/>Diese Vereinbarung, obwohl sie elektronisch und nicht physisch unterschrieben ist, stellt einen rechtsverbindlichen Vertrag dar, der deine Nutzung der Website und der Dienste regelt. Diese Bedingungen gelten f\u00fcr alle zuk\u00fcnftigen Transaktionen, sofern nicht anders vereinbart.<\/p><p><b>2. VERTRAGSPARTEIEN<\/b><\/p><p>Wenn ein Vertrag geschlossen wird, wird er mit geschlossen:<br \/>ALEYANI Mode &amp; Fotografie - St\u00e9phanie Alessia Nyffenegger<br \/>Vieristrasse 13<br \/>CH - 8603 Schwerzenbach<br \/>Unternehmensidentifikationsnummer: CHE-153.074.552, eingetragen im Handelsregister des Kantons Z\u00fcrich, Schweiz.<br \/>F\u00fcr Anfragen, Bestellungen oder Beschwerden kannst du den Verk\u00e4ufer per E-Mail unter hello@aleyani.ch kontaktieren. Bitte beachte, dass der Verk\u00e4ufer nicht f\u00fcr Probleme haftet, die durch falsche oder veraltete Kontaktinformationen entstehen.<\/p><p><b>3. KONTEN UND MITGLIEDSCHAFT<\/b><\/p><p><b>3.1 KONTOERSTELLUNG<\/b><br \/>Wenn du ein Konto auf der Website erstellst, bist du f\u00fcr die Sicherheit deines Kontos und aller Aktivit\u00e4ten, die unter diesem Konto stattfinden, verantwortlich. Wir behalten uns das Recht vor, neue Konten zu \u00fcberwachen und zu \u00fcberpr\u00fcfen, bevor wir den Zugang zu den Diensten gew\u00e4hren. Die Angabe falscher Kontaktinformationen kann zur K\u00fcndigung des Kontos f\u00fchren. Du musst uns unverz\u00fcglich \u00fcber jede unbefugte Nutzung deines Kontos oder jede andere Verletzung der Sicherheit informieren. Wir haften nicht f\u00fcr Sch\u00e4den, die sich aus deinen Handlungen oder Unterlassungen ergeben, einschlie\u00dflich aller Probleme, die sich aus der unbefugten Nutzung deines Kontos ergeben.<\/p><p><b>3.2 K\u00dcNDIGUNG<\/b><br \/>ALEYANI Fashion &amp; Photography beh\u00e4lt sich das Recht vor, deinen Zugang zu den Diensten auszusetzen oder zu k\u00fcndigen, wenn wir feststellen, dass du gegen diese Nutzungsbedingungen versto\u00dfen hast oder aus einem anderen Grund, der eine solche Ma\u00dfnahme rechtfertigt. Dein Konto kann gesperrt, deaktiviert oder gel\u00f6scht werden, wenn dein Verhalten als rufsch\u00e4digend erachtet wird. Nach der K\u00fcndigung deines Kontos kann die erneute Registrierung blockiert und E-Mail- oder IP-Adressen k\u00f6nnen eingeschr\u00e4nkt werden, um weiteren Zugriff zu verhindern.<\/p><p><b>3.3 NUTZERINHALTE<\/b><br \/>Du beh\u00e4ltst das Eigentum an allen Daten, Informationen oder Materialien (\"Inhalte\"), die du bei der Nutzung des Dienstes einreichst. Du bist jedoch allein verantwortlich f\u00fcr die Richtigkeit, Qualit\u00e4t, Rechtm\u00e4\u00dfigkeit und die Rechte am geistigen Eigentum, die mit diesen Inhalten verbunden sind. Wir behalten uns das Recht vor, Inhalte abzulehnen oder zu entfernen, die gegen unsere Richtlinien versto\u00dfen oder die wir als sch\u00e4dlich erachten. Mit der \u00dcbermittlung von Inhalten erteilst du uns die Erlaubnis, deine Inhalte zu nutzen, anzuzeigen und aufzuf\u00fchren, soweit dies f\u00fcr die Bereitstellung der Dienste erforderlich ist, einschlie\u00dflich f\u00fcr kommerzielle oder Marketingzwecke. Die Nutzer\/innen m\u00fcssen sicherstellen, dass ihre Inhalte mit den geltenden Datenschutzgesetzen \u00fcbereinstimmen.<\/p><p><b>3.3 NUTZERINHALTE<\/b><br \/>Wir sind nicht Eigent\u00fcmer der Daten, Informationen oder Materialien (\"Inhalte\"), die du bei der Nutzung des Dienstes auf der Website einreichst. Du bist allein f\u00fcr die Richtigkeit, Qualit\u00e4t, Integrit\u00e4t, Rechtm\u00e4\u00dfigkeit und die geistigen Eigentumsrechte der Inhalte verantwortlich. Wir behalten uns das Recht vor, Inhalte abzulehnen oder zu entfernen, die gegen unsere Richtlinien versto\u00dfen oder in irgendeiner Weise sch\u00e4dlich sind. Du erteilst uns die Erlaubnis, deine Inhalte im Rahmen der Bereitstellung der Dienste zu nutzen, anzuzeigen und vorzuf\u00fchren. Wir k\u00f6nnen Inhalte f\u00fcr kommerzielle, Marketing- oder \u00e4hnliche Zwecke nutzen.<\/p><p><b>4. ANGEBOTE<\/b><br \/>Die auf der Website angezeigten Angebote sind unverbindlich und dienen nur zur Veranschaulichung. Die Produktinformationen werden nur zu Informationszwecken bereitgestellt und sind nicht verbindlich. Preise, Produktpaletten und technische Spezifikationen k\u00f6nnen ohne vorherige Ank\u00fcndigung ge\u00e4ndert werden. Die Angebote sind nur g\u00fcltig, solange sie auf der Website angezeigt werden und solange der Vorrat reicht. Wir garantieren nicht f\u00fcr die Verf\u00fcgbarkeit der Produkte. Wenn du Fragen zu Produkten oder Bestellungen hast, kontaktiere uns bitte per E-Mail.<\/p><p><b>5. EINL\u00d6SEN VON AKTIONSGUTSCHEINEN<\/b><\/p><ol><li>Gutscheine, die im Rahmen von Werbeaktionen kostenlos ausgegeben werden, eine bestimmte G\u00fcltigkeitsdauer haben und nicht k\u00e4uflich erworben werden k\u00f6nnen (\"Aktionsgutscheine\"), k\u00f6nnen nur im Online-Shop des Verk\u00e4ufers und nur w\u00e4hrend der angegebenen G\u00fcltigkeitsdauer eingel\u00f6st werden.<\/li><li>Bestimmte Produkte k\u00f6nnen von Gutscheinaktionen ausgeschlossen sein, je nachdem, welche Bedingungen auf dem Gutschein angegeben sind.<\/li><li>Aktionsgutscheine m\u00fcssen vor Abschluss des Bestellvorgangs eingel\u00f6st werden und k\u00f6nnen nicht im Nachhinein angewendet werden.<\/li><li>Pro Bestellung kann nur ein Aktionsgutschein eingel\u00f6st werden.<\/li><li>Der Wert der Ware muss mindestens dem Wert des Aktionsgutscheins entsprechen; ein eventuelles Restguthaben wird nicht erstattet.<\/li><li>Wenn der Wert des Gutscheins nicht ausreicht, um die gesamte Bestellung zu bezahlen, m\u00fcssen andere verf\u00fcgbare Zahlungsmethoden verwendet werden, um den Restbetrag zu begleichen.<\/li><li>Aktionsgutscheine sind nicht gegen Bargeld einl\u00f6sbar und werden nicht verzinst.<\/li><li>Es werden keine R\u00fcckerstattungen gew\u00e4hrt, wenn mit einem Aktionsgutschein bezahlte Waren ganz oder teilweise innerhalb der gesetzlichen Widerrufsfrist zur\u00fcckgegeben werden.<\/li><li>Gutscheine sind \u00fcbertragbar. Die Zahlung an den Inhaber, der den Gutschein im Online-Shop einl\u00f6st, wird als g\u00fcltig betrachtet, es sei denn, der Verk\u00e4ufer hat Kenntnis oder grobe Fahrl\u00e4ssigkeit von der fehlenden Berechtigung des Inhabers.<\/li><li>Wir behalten uns das Recht vor, Werbe- und Geschenkgutscheine zu stornieren, wenn der Verdacht auf Betrug oder Missbrauch besteht. Wenn du Probleme mit einem Gutschein hast, wende dich bitte an den Kundenservice.<\/li><\/ol><p><b><br \/>6. BESTELLVORGANG UND LIEFERUNG<\/b><\/p><p><b>6.1 VERBINDLICHE BESTELLUNG<\/b><br \/>Durch eine Bestellung im Online-Shop gibt der K\u00e4ufer ein rechtsverbindliches Angebot zum Vertragsabschluss ab, indem er diese Gesch\u00e4ftsbedingungen akzeptiert. Der Vertrag kommt zustande, wenn der K\u00e4ufer eine Auftragsbest\u00e4tigung per E-Mail erh\u00e4lt.<\/p><p><b>6.2 LIEFERUNG<\/b><br \/>Die Lieferoptionen und -kosten werden im Online-Shop angezeigt. Verf\u00fcgbarkeit und Lieferzeiten sind nicht verbindlich. Wenn ein Artikel nicht auf Lager ist, informieren wir den K\u00e4ufer \u00fcber das voraussichtliche Lieferdatum. Sofern nicht anders vereinbart, werden die Waren per Post an die vom Kunden angegebene Adresse geliefert. Die w\u00e4hrend des Bestellvorgangs angegebene Lieferadresse ist f\u00fcr die Transaktion entscheidend. Wenn der Spediteur die Waren aufgrund einer erfolglosen Lieferung zur\u00fcckschickt, tr\u00e4gt der Kunde die Kosten f\u00fcr die R\u00fccksendung. Wir sind nicht f\u00fcr Verz\u00f6gerungen verantwortlich, die von Herstellern oder Dritten verursacht werden. Die Lieferzeiten sind daher nur ann\u00e4hernd und k\u00f6nnen sich \u00e4ndern. Die Lieferung erfolgt auf Risiko des K\u00e4ufers. Selbstabholung ist nicht m\u00f6glich.<\/p><p><b>6.3 PREISE UND ZAHLUNGSBEDINGUNGEN<\/b><br \/>Alle Preise auf der Website sind in Schweizer Franken (CHF) angegeben. Die Preise und Bedingungen k\u00f6nnen sich \u00e4ndern. Ma\u00dfgeblich ist das Datum der Bestellung des K\u00e4ufers\/der K\u00e4uferin. Die Bezahlung der bestellten Waren muss im Voraus per Kreditkarte, TWINT oder andere verf\u00fcgbare Zahlungsmittel erfolgen.<\/p><p>Bei Online-Zahlungen wird der Betrag nach Eingang der Bestellung abgebucht. Wir behalten uns das Recht vor, K\u00e4ufer\/innen ohne Begr\u00fcndung von bestimmten Zahlungsarten auszuschlie\u00dfen. Die Zahlung per Kreditkarte unterliegt den Gesch\u00e4ftsbedingungen von Worldline (http:\/\/www.worldline.com) oder Paypal (http:\/\/www.paypal.com).<\/p><p>Bei vereinbarten Bank\u00fcberweisungen ist die Zahlung sofort nach Vertragsabschluss f\u00e4llig, sofern nichts anderes vereinbart wurde. Wenn du eine Bestellung aufgibst, akzeptierst du die Zahlungsbedingungen.<\/p><p>Bei Zahlungsverzug behalten wir uns das Recht vor, Verzugszinsen in H\u00f6he von 5% pro Jahr gem\u00e4\u00df dem Schweizer Verbraucherschutzgesetz zu berechnen.<\/p><p><b>6.4 EIGENTUMSVORBEHALT<\/b><br \/>Die gelieferten Waren bleiben bis zur vollst\u00e4ndigen Bezahlung Eigentum des Verk\u00e4ufers. Der Verk\u00e4ufer kann den Eigentumsvorbehalt eintragen lassen. Wenn der K\u00e4ufer nicht zahlt, kann der Verk\u00e4ufer vom Vertrag zur\u00fccktreten und die Ware zur\u00fcckfordern.<\/p><p><b>6.5 WIDERRUFSRECHT<\/b><br \/>Bestellungen sind verbindlich und Kunden m\u00fcssen die Leistungen annehmen. Nachtr\u00e4gliche \u00c4nderungen sind nach dem Ermessen des Verk\u00e4ufers m\u00f6glich. Die K\u00e4ufer\/innen haben das Recht, den Vertrag innerhalb von 14 Tagen ohne Angabe von Gr\u00fcnden zu widerrufen. Der Widerruf muss schriftlich oder durch R\u00fccksendung der Ware erfolgen. Das R\u00fcckgaberecht kann nur ausge\u00fcbt werden, wenn die Ware unbenutzt, unbesch\u00e4digt, vollst\u00e4ndig und in der Originalverpackung ist. Nach Erhalt der zur\u00fcckgesandten Waren in dem beschriebenen Zustand erstattet der Verk\u00e4ufer den Warenwert. Ein Muster f\u00fcr ein R\u00fcckgabe-\/Widerrufsformular findest du auf unserer Website. Die R\u00fccksendung erfolgt auf Kosten, Risiko und Bequemlichkeit des K\u00e4ufers.<\/p><p><b>6.6 VORBEHALT VON RECHTEN<\/b><br \/>Wir behalten uns das Recht vor, Produkte und Preise jederzeit zu \u00e4ndern und Bestellungen abzulehnen. Es k\u00f6nnen Mengenbeschr\u00e4nkungen pro Person, Haushalt oder Bestellung gelten, auch f\u00fcr Bestellungen von demselben Konto, derselben Kreditkarte und\/oder derselben Adresse. Im Falle von \u00c4nderungen oder Stornierungen werden wir versuchen, dich \u00fcber die angegebene E-Mail-Adresse oder Telefonnummer zu kontaktieren.<\/p><p><b>7. GEW\u00c4HRLEISTUNG UND HAFTUNG<\/b><\/p><p><b>7.1 M\u00c4NGELR\u00dcGE<\/b><br \/>Beanstandungen von M\u00e4ngeln, unvollst\u00e4ndigen oder falschen Lieferungen m\u00fcssen dem Verk\u00e4ufer unverz\u00fcglich, sp\u00e4testens jedoch 14 Tage nach der Lieferung schriftlich mitgeteilt werden. Versteckte M\u00e4ngel m\u00fcssen unverz\u00fcglich, sp\u00e4testens jedoch 14 Tage nach ihrer Entdeckung, gemeldet werden. Wenn du den Verk\u00e4ufer nicht rechtzeitig informierst, verlierst du deine Rechte. Nach Erhalt der zur\u00fcckgesandten Ware wird ein Ersatz geliefert, wenn ein Mangel best\u00e4tigt wird. Wenn kein Ersatz m\u00f6glich ist, erstattet der Verk\u00e4ufer den gezahlten Betrag. Alle Anspr\u00fcche auf Minderung, R\u00fccktritt oder Ersatz von Folgesch\u00e4den sind ausgeschlossen, es sei denn, dies ist gesetzlich vorgeschrieben.<\/p><p><b>7.2 GARANTIE<\/b><br \/>Der K\u00e4ufer verliert alle Rechte in Bezug auf M\u00e4ngel bei unsachgem\u00e4\u00dfer Verwendung. M\u00e4ngel, die auf normale Abnutzung, unsachgem\u00e4\u00dfe Behandlung, vom K\u00e4ufer oder Dritten verursachte Sch\u00e4den sowie auf \u00e4u\u00dfere Umst\u00e4nde (z. B. unsachgem\u00e4\u00dfe Lagerung, Frost, Hitze) zur\u00fcckzuf\u00fchren sind, berechtigen den K\u00e4ufer nicht, vom Vertrag zur\u00fcckzutreten oder Schadensersatz zu verlangen. Der Verk\u00e4ufer \u00fcbernimmt keine Haftung f\u00fcr solche Angelegenheiten. Zur\u00fcckgesandte Waren m\u00fcssen ordnungsgem\u00e4\u00df in der Originalverpackung verpackt und per Einschreiben verschickt werden. Wenn keine M\u00e4ngel festgestellt werden, die unter die Garantie oder die Herstellergarantie fallen, beh\u00e4lt sich der Verk\u00e4ufer das Recht vor, die Kosten f\u00fcr die \u00dcberpr\u00fcfung und den Versand in Rechnung zu stellen.<\/p><p><b>7.3 AUSSCHLUSS DER HAFTUNG<\/b><br \/>Soweit gesetzlich zul\u00e4ssig, sind alle anderen Anspr\u00fcche des K\u00e4ufers im Zusammenhang mit der Nutzung oder Unm\u00f6glichkeit der Nutzung der Waren ausgeschlossen. Der Verk\u00e4ufer, seine Vertreter oder Beauftragten haften nicht f\u00fcr Sch\u00e4den, die nicht direkt an den Waren entstanden sind. Dies gilt auch f\u00fcr Folgesch\u00e4den, entgangenen Gewinn oder andere Verm\u00f6genssch\u00e4den. Die Haftung f\u00fcr Ungenauigkeiten in Angeboten (einschlie\u00dflich, aber nicht beschr\u00e4nkt auf fehlerhafte Abbildungen, Texte und Preise) und Lieferungen ist im gesetzlich zul\u00e4ssigen Umfang ausgeschlossen. Dieser Ausschluss gilt f\u00fcr direkte, indirekte, zuf\u00e4llige oder Folgesch\u00e4den. Der Verk\u00e4ufer haftet nicht f\u00fcr Handlungen, Unterlassungen oder das Verhalten Dritter im Zusammenhang mit dem Verkauf und der Lieferung der Waren, es sei denn, es liegt grobe Fahrl\u00e4ssigkeit oder vors\u00e4tzliches Fehlverhalten vor.<\/p><p><b>8. COPYRIGHT<\/b><\/p><p>Alle Inhalte auf der Website, einschlie\u00dflich, aber nicht beschr\u00e4nkt auf Texte, Grafiken, Logos, Bilder, Videos, Audiodateien, digitale Downloads und Daten, sind das Eigentum von ALEYANI Fashion &amp; Photography und durch die geltenden Urheberrechtsgesetze und andere geistige Eigentumsrechte weltweit gesch\u00fctzt. Die Vervielf\u00e4ltigung, Ver\u00e4nderung, Ver\u00f6ffentlichung, \u00dcbertragung, der Verkauf, die Lizenzierung, die Ableitung oder die sonstige Nutzung dieser Inhalte ohne die ausdr\u00fcckliche schriftliche Genehmigung von ALEYANI Fashion &amp; Photography ist strengstens untersagt. Alle Warenzeichen, Dienstleistungsmarken und Handelsnamen, die auf der Website verwendet werden, sind Eigentum von ALEYANI Fashion &amp; Photography oder ihrer jeweiligen Eigent\u00fcmer. Die unbefugte Verwendung dieser Marken ist verboten und kann rechtliche Schritte nach sich ziehen.<\/p><p><b>9. PRIVACY POLICY<\/b><\/p><p>ALEYANI Fashion &amp; Photography verpflichtet sich, deine pers\u00f6nlichen Daten zu sch\u00fctzen. Die Erhebung, Nutzung und Speicherung von personenbezogenen Daten erfolgt in \u00dcbereinstimmung mit den geltenden Datenschutzbestimmungen und den Datenschutzrichtlinien von ALEYANI Fashion &amp; Photography. Wir erheben personenbezogene Daten wie Name, Adresse, E-Mail-Adresse und Zahlungsinformationen nur, wenn du diese Informationen freiwillig angibst oder wenn sie f\u00fcr die Nutzung unserer Dienstleistungen unerl\u00e4sslich sind. Wir verwenden deine Daten, um deine Bestellungen zu bearbeiten, deine Anfragen zu beantworten, dir aktuelle Informationen \u00fcber unsere Produkte und Dienstleistungen zukommen zu lassen und um die Nutzung unserer Website zu verbessern. ALEYANI Fashion &amp; Photography verpflichtet sich, deine pers\u00f6nlichen Daten nicht zu verkaufen, zu vermieten oder anderweitig an Dritte weiterzugeben, es sei denn, dies ist notwendig, um die bestellten Dienstleistungen zu erbringen oder gesetzlich vorgeschrieben.<\/p><p>ALEYANI Fashion &amp; Photography kann dem Kunden Informationen \u00fcber andere Produkte oder Dienstleistungen des Verk\u00e4ufers zusenden (z. B. in Form eines Newsletters oder per Brief). Wenn der Kunde solche Mitteilungen des Verk\u00e4ufers nicht mehr erhalten m\u00f6chte, kann er sich jederzeit per E-Mail an hello@aleyani.ch abmelden.<\/p><p>Weitere Informationen findest du in der aktuellen Version der Datenschutzrichtlinie, die du unter www.aleyani-swimwear.ch einsehen kannst.<\/p><p><b>10. HAFTUNGSAUSSCHLUSS<\/b><\/p><p>ALEYANI Fashion &amp; Photography \u00fcbernimmt keine Haftung f\u00fcr Sch\u00e4den, die aus der Nutzung der Website, der Informationen oder Dienstleistungen entstehen. Die Nutzung der Website erfolgt auf eigene Gefahr. Wir geben keine ausdr\u00fccklichen oder stillschweigenden Garantien f\u00fcr die Richtigkeit, Zuverl\u00e4ssigkeit oder Verf\u00fcgbarkeit der auf der Website bereitgestellten Informationen. Wir behalten uns das Recht vor, die Website jederzeit und ohne Vorank\u00fcndigung zu \u00e4ndern oder einzustellen.<\/p><p>Es liegt in deiner Verantwortung, sicherzustellen, dass alle Produkte, Dienstleistungen oder Informationen, die du \u00fcber unsere Website kaufst oder erh\u00e4ltst, deinen spezifischen Anforderungen entsprechen. Wir sind nicht verantwortlich f\u00fcr Probleme, die au\u00dferhalb unserer Kontrolle liegen, einschlie\u00dflich technischer Schwierigkeiten, h\u00f6herer Gewalt oder Handlungen Dritter. Dieser Haftungsausschluss schlie\u00dft die Haftung f\u00fcr Sch\u00e4den, die durch grobe Fahrl\u00e4ssigkeit oder vors\u00e4tzliches Fehlverhalten verursacht wurden, nicht aus.<\/p><p>Durch die Nutzung unserer Dienste erkl\u00e4rst du dich damit einverstanden, ALEYANI Fashion &amp; Photography und seine Mitarbeiter, Vertreter und Partner im vollen gesetzlich zul\u00e4ssigen Umfang zu entsch\u00e4digen.<\/p><p><b>11. VERBOTENE VERWENDUNGEN<\/b><\/p><p>Du darfst die Website oder die Dienste nicht f\u00fcr rechtswidrige Zwecke nutzen oder andere dazu ermutigen, diese zu nutzen, einschlie\u00dflich, aber nicht beschr\u00e4nkt auf die Verletzung von Rechten an geistigem Eigentum, Bel\u00e4stigung, Missbrauch, Diskriminierung oder die \u00dcbermittlung falscher Informationen. Du darfst keine b\u00f6sartige Software hochladen oder die Funktionalit\u00e4t der Website beeintr\u00e4chtigen. Jeder Versuch, Sicherheitsfunktionen zu umgehen oder zu umgehen, ist ebenfalls verboten. Zuwiderhandlungen k\u00f6nnen rechtliche Schritte nach sich ziehen.<\/p><p><b>12. GENAUIGKEIT DER INFORMATIONEN<\/b><\/p><p>Bitte beachte, dass unsere Website Tippfehler, Ungenauigkeiten oder Auslassungen enthalten kann, insbesondere in Bezug auf Werbeaktionen und Angebote. Wir behalten uns das Recht vor, Fehler oder Ungenauigkeiten zu korrigieren und Informationen zu aktualisieren, auch nachdem eine Bestellung aufgegeben wurde. Wir bem\u00fchen uns zwar um Genauigkeit, sind aber nicht verpflichtet, die Informationen auf der Website regelm\u00e4\u00dfig zu aktualisieren, es sei denn, wir sind gesetzlich dazu verpflichtet. Das Datum der letzten Aktualisierung ist keine Garantie daf\u00fcr, dass alle Informationen auf dem neuesten Stand sind.<\/p><p><b>13. BACKUPS<\/b><\/p><p>ALEYANI Fashion &amp; Photography ist nicht verpflichtet, Nutzerinhalte, Bestellhistorien oder andere auf der Website bereitgestellte Informationen zu sichern. Die Nutzer\/innen sind f\u00fcr die regelm\u00e4\u00dfige Sicherung und Speicherung ihrer eigenen Daten verantwortlich. Wir \u00fcbernehmen keine Garantie f\u00fcr die Verf\u00fcgbarkeit oder Aufbewahrung von Nutzerdaten.<\/p><p><b>14. VERKN\u00dcPFTE RESSOURCEN<\/b><\/p><p>Unsere Website kann Links zu Websites von Dritten enthalten. ALEYANI Fashion &amp; Photography hat keine Kontrolle \u00fcber den Inhalt oder die Datenschutzpraktiken dieser Websites und \u00fcbernimmt keine Verantwortung f\u00fcr Sch\u00e4den, die aus deren Nutzung entstehen. Das Vorhandensein eines Links bedeutet nicht, dass wir die verlinkte Website oder ihren Inhalt guthei\u00dfen. Wir sind nicht f\u00fcr die Datenschutzpraktiken von Dritten verantwortlich.<\/p><p><b>15. INDEMNIT\u00c4T<\/b><\/p><p>Du erkl\u00e4rst dich damit einverstanden, ALEYANI Fashion &amp; Photography und seine Tochtergesellschaften, Agenten, Partner und Mitarbeiter von allen Anspr\u00fcchen oder Forderungen, einschlie\u00dflich angemessener Anwaltskosten, freizustellen, die von Dritten aufgrund von Verst\u00f6\u00dfen gegen diese Gesch\u00e4ftsbedingungen oder von Verst\u00f6\u00dfen gegen Gesetze oder Rechte anderer erhoben werden.<\/p><p><b>16. SEVERABILIT\u00c4T<\/b><\/p><p>Sollte eine Bestimmung dieser Bedingungen ganz oder teilweise unwirksam sein oder werden, so ber\u00fchrt dies die Wirksamkeit der \u00fcbrigen Bestimmungen nicht. Die unwirksame Bestimmung ist durch eine rechtlich zul\u00e4ssige Bestimmung zu ersetzen, die dem wirtschaftlichen Zweck der unwirksamen Bestimmung am n\u00e4chsten kommt. Die \u00fcbrigen Bestimmungen bleiben in vollem Umfang wirksam.<\/p><p><b>17. \u00c4NDERUNGEN UND ERG\u00c4NZUNGEN<\/b><\/p><p>ALEYANI Fashion &amp; Photography beh\u00e4lt sich das Recht vor, diese Allgemeinen Gesch\u00e4ftsbedingungen jederzeit mit sofortiger Wirkung nach Ver\u00f6ffentlichung auf der Website zu \u00e4ndern. Die fortgesetzte Nutzung der Dienste nach solchen \u00c4nderungen gilt als Zustimmung zu den ge\u00e4nderten Bedingungen. Wir werden dich per E-Mail oder durch einen auff\u00e4lligen Hinweis auf der Website \u00fcber alle wesentlichen \u00c4nderungen informieren.<\/p><p><b>18. AKZEPTANZ DIESER BEDINGUNGEN<\/b><\/p><p>Durch die Nutzung der Website und der Dienstleistungen von ALEYANI Fashion &amp; Photography erkl\u00e4rst du dich mit diesen Bedingungen einverstanden. Wenn du mit diesen Bedingungen nicht einverstanden bist, darfst du unsere Dienste nicht nutzen. Durch die fortgesetzte Nutzung unserer Website erkl\u00e4rst du dich mit diesen Bedingungen und Konditionen einverstanden.<\/p><p><b>19. ANWENDBARES RECHT UND GERICHTSBARKEIT<\/b><\/p><p>Alle mit ALEYANI Fashion &amp; Photography geschlossenen Vertr\u00e4ge unterliegen dem Schweizer Recht unter Ausschluss des Kollisionsrechts und des \u00dcbereinkommens der Vereinten Nationen \u00fcber Vertr\u00e4ge \u00fcber den internationalen Warenkauf (CISG). F\u00fcr Vertr\u00e4ge mit Privatpersonen zum pers\u00f6nlichen Gebrauch gelten die Bestimmungen des Konsumentenschutzgesetzes. In allen anderen F\u00e4llen ist Z\u00fcrich der ausschlie\u00dfliche Gerichtsstand. Streitigkeiten, die sich aus Verbrauchervertr\u00e4gen ergeben, werden nach den geltenden Verbraucherschutzgesetzen behandelt.<\/p><p>ALEYANI Mode &amp; Fotografie, 2024<\/p>\t\t\t\t\t\t\t\t<\/div>\n\t\t\t\t<\/div>\n\t\t\t\t\t<\/div>\n\t\t\t\t<\/div>\n\t\t\t\t<\/div>","protected":false},"excerpt":{"rendered":"<p>1. GENERAL INFORMATION &#8220;ALEYANI&#8221; is a registered trademark of ALEYANI Fashion &amp; Photography. These General Terms and Conditions (GTC) govern all legal relationships arising from sales contracts concluded between ALEYANI Fashion &amp; Photography (Seller) and its customers (Buyer) in the online shop (aleyani-swimwear.ch). Any conflicting terms and conditions of the Buyer are expressly excluded. This [&hellip;]<\/p>\n","protected":false},"author":1,"featured_media":0,"parent":0,"menu_order":0,"comment_status":"closed","ping_status":"closed","template":"elementor_header_footer","meta":{"_acf_changed":false,"footnotes":""},"class_list":["post-1925","page","type-page","status-publish","hentry"],"acf":[],"_links":{"self":[{"href":"https:\/\/aleyani-swimwear.ch\/de\/wp-json\/wp\/v2\/pages\/1925","targetHints":{"allow":["GET"]}}],"collection":[{"href":"https:\/\/aleyani-swimwear.ch\/de\/wp-json\/wp\/v2\/pages"}],"about":[{"href":"https:\/\/aleyani-swimwear.ch\/de\/wp-json\/wp\/v2\/types\/page"}],"author":[{"embeddable":true,"href":"https:\/\/aleyani-swimwear.ch\/de\/wp-json\/wp\/v2\/users\/1"}],"replies":[{"embeddable":true,"href":"https:\/\/aleyani-swimwear.ch\/de\/wp-json\/wp\/v2\/comments?post=1925"}],"version-history":[{"count":11,"href":"https:\/\/aleyani-swimwear.ch\/de\/wp-json\/wp\/v2\/pages\/1925\/revisions"}],"predecessor-version":[{"id":10701,"href":"https:\/\/aleyani-swimwear.ch\/de\/wp-json\/wp\/v2\/pages\/1925\/revisions\/10701"}],"wp:attachment":[{"href":"https:\/\/aleyani-swimwear.ch\/de\/wp-json\/wp\/v2\/media?parent=1925"}],"curies":[{"name":"wp","href":"https:\/\/api.w.org\/{rel}","templated":true}]}}