{"id":3486,"date":"2024-09-04T01:45:57","date_gmt":"2024-09-04T01:45:57","guid":{"rendered":"https:\/\/aleyani-swimwear.ch\/?page_id=3486"},"modified":"2025-05-20T08:25:48","modified_gmt":"2025-05-20T08:25:48","slug":"versandbedingungen","status":"publish","type":"page","link":"https:\/\/aleyani-swimwear.ch\/de\/shipping-conditions\/","title":{"rendered":"Versandbedingungen"},"content":{"rendered":"<div data-elementor-type=\"wp-page\" data-elementor-id=\"3486\" class=\"elementor elementor-3486\" wpc-filter-elementor-widget=\"1\" data-elementor-post-type=\"page\">\n\t\t\t\t<div class=\"elementor-element elementor-element-5a53ce3 e-flex e-con-boxed e-con e-parent\" data-id=\"5a53ce3\" data-element_type=\"container\" data-e-type=\"container\">\n\t\t\t\t\t<div class=\"e-con-inner\">\n\t\t\t\t<div class=\"elementor-element elementor-element-d7a918e elementor-widget-divider--view-line elementor-widget elementor-widget-divider\" data-id=\"d7a918e\" data-element_type=\"widget\" data-e-type=\"widget\" data-widget_type=\"divider.default\">\n\t\t\t\t<div class=\"elementor-widget-container\">\n\t\t\t\t\t\t\t<div class=\"elementor-divider\">\n\t\t\t<span class=\"elementor-divider-separator\">\n\t\t\t\t\t\t<\/span>\n\t\t<\/div>\n\t\t\t\t\t\t<\/div>\n\t\t\t\t<\/div>\n\t\t\t\t<div class=\"elementor-element elementor-element-32a0223 elementor-widget__width-initial elementor-widget-mobile__width-inherit elementor-widget elementor-widget-text-editor\" data-id=\"32a0223\" data-element_type=\"widget\" data-e-type=\"widget\" data-widget_type=\"text-editor.default\">\n\t\t\t\t<div class=\"elementor-widget-container\">\n\t\t\t\t\t\t\t\t\t<p>Wir versenden alle Bestellungen innerhalb der Schweiz \u00fcber <strong>kostenloser Standardversand<\/strong> direkt aus unserem Lager in Z\u00fcrich. <strong>Wir arbeiten mit einer sozialen Stiftung zusammen, die junge Menschen mit Behinderungen durch spezielle Ausbildungsprogramme unterst\u00fctzt<\/strong>. Durch diese Partnerschaft k\u00f6nnen wir ihnen helfen, ihr Ziel zu erreichen, ihre zuk\u00fcnftigen Berufsaussichten durch Ausbildung und Qualifizierung in der Logistik zu verbessern.<\/p><p>Du bekommst eine <strong>Trackingnummer mit jedem Paket<\/strong>damit du genau wei\u00dft, wo es ist. Wir liefern auch in alle anderen europ\u00e4ischen L\u00e4nder. Nur als Vorwarnung: Je nachdem, woher du bestellst, k\u00f6nnen Zollgeb\u00fchren anfallen. Diese sind in der Verantwortung des Kunden.<\/p><p>Bestellungen normalerweise <strong>Versand innerhalb von 1-3 Werktagen<\/strong>. Du bekommst eine E-Mail, wenn deine Bestellung versandt wird. Wenn du Fragen zu deiner Lieferung hast, wende dich einfach an unseren Kundenservice.<\/p><p>Manchmal kommt es trotz unserer besten Bem\u00fchungen zu unerwarteten Verz\u00f6gerungen bei den Paketdiensten. In diesen F\u00e4llen k\u00f6nnen wir keine Haftung \u00fcbernehmen und entschuldigen uns f\u00fcr etwaige Unannehmlichkeiten.<\/p><p>Sobald eine Bestellung \u00fcber unsere Website verschickt wurde, ist es normalerweise nicht mehr m\u00f6glich, sie zu stornieren. Wenn du noch keine Versandbest\u00e4tigung erhalten hast und deine Bestellung stornieren oder \u00e4ndern m\u00f6chtest, kontaktiere uns bitte sofort \u00fcber die <em><strong><a href=\"https:\/\/aleyani-swimwear.ch\/de\/kontaktiere-uns\/\"><span style=\"text-decoration: underline;\">Kontakt-Formular<\/span><\/a><\/strong><\/em>. Wir tun unser Bestes, um deine Anfrage vor dem Versand zu bearbeiten, aber wir k\u00f6nnen es nicht garantieren.<\/p>\t\t\t\t\t\t\t\t<\/div>\n\t\t\t\t<\/div>\n\t\t<div class=\"elementor-element elementor-element-934fc2f e-con-full elementor-hidden-desktop elementor-hidden-tablet e-flex e-con e-child\" data-id=\"934fc2f\" data-element_type=\"container\" data-e-type=\"container\">\n\t\t<div class=\"elementor-element elementor-element-0c1dfb6 e-con-full e-flex e-con e-child\" data-id=\"0c1dfb6\" data-element_type=\"container\" data-e-type=\"container\">\n\t\t\t\t<div class=\"elementor-element elementor-element-8226b68 elementor-widget elementor-widget-text-editor\" data-id=\"8226b68\" data-element_type=\"widget\" data-e-type=\"widget\" data-widget_type=\"text-editor.default\">\n\t\t\t\t<div class=\"elementor-widget-container\">\n\t\t\t\t\t\t\t\t\t<p><strong>Schweiz<\/strong><br \/>KOSTEN: Kostenfrei<br \/>LIEFERZEIT: 1 - 3 Arbeitstage<br \/>LIEFERTAGE: Mo - Fr<br \/>VERFOLGUNG UND R\u00dcCKVERFOLGUNG: JA<\/p>\t\t\t\t\t\t\t\t<\/div>\n\t\t\t\t<\/div>\n\t\t\t\t<\/div>\n\t\t<div class=\"elementor-element elementor-element-baf916b e-con-full e-flex e-con e-child\" data-id=\"baf916b\" data-element_type=\"container\" data-e-type=\"container\">\n\t\t\t\t<div class=\"elementor-element elementor-element-86f31a9 elementor-widget elementor-widget-text-editor\" data-id=\"86f31a9\" data-element_type=\"widget\" data-e-type=\"widget\" data-widget_type=\"text-editor.default\">\n\t\t\t\t<div class=\"elementor-widget-container\">\n\t\t\t\t\t\t\t\t\t<p><strong>EU<\/strong><br \/>KOSTEN: 25,00 CHF<br \/>LIEFERZEIT: 5 - 7 Arbeitstage<br \/>LIEFERTAGE: Mo - Fr, auch am Samstag m\u00f6glich<br \/>VERFOLGUNG UND R\u00dcCKVERFOLGUNG: JA<\/p>\t\t\t\t\t\t\t\t<\/div>\n\t\t\t\t<\/div>\n\t\t\t\t<\/div>\n\t\t\t\t<\/div>\n\t\t<div class=\"elementor-element elementor-element-c856c10 e-grid e-con-full elementor-hidden-mobile e-con e-child\" data-id=\"c856c10\" data-element_type=\"container\" data-e-type=\"container\">\n\t\t\t\t<div class=\"elementor-element elementor-element-b8a65af elementor-widget elementor-widget-heading\" data-id=\"b8a65af\" data-element_type=\"widget\" data-e-type=\"widget\" data-widget_type=\"heading.default\">\n\t\t\t\t<div class=\"elementor-widget-container\">\n\t\t\t\t\t<h4 class=\"elementor-heading-title elementor-size-default\">LAND<\/h4>\t\t\t\t<\/div>\n\t\t\t\t<\/div>\n\t\t\t\t<div class=\"elementor-element elementor-element-a0cf5f0 elementor-widget elementor-widget-heading\" data-id=\"a0cf5f0\" data-element_type=\"widget\" data-e-type=\"widget\" data-widget_type=\"heading.default\">\n\t\t\t\t<div class=\"elementor-widget-container\">\n\t\t\t\t\t<h4 class=\"elementor-heading-title elementor-size-default\">KOSTEN<\/h4>\t\t\t\t<\/div>\n\t\t\t\t<\/div>\n\t\t\t\t<div class=\"elementor-element elementor-element-9d1454a elementor-widget elementor-widget-heading\" data-id=\"9d1454a\" data-element_type=\"widget\" data-e-type=\"widget\" data-widget_type=\"heading.default\">\n\t\t\t\t<div class=\"elementor-widget-container\">\n\t\t\t\t\t<h4 class=\"elementor-heading-title elementor-size-default\">LIEFERZEIT<\/h4>\t\t\t\t<\/div>\n\t\t\t\t<\/div>\n\t\t\t\t<div class=\"elementor-element elementor-element-cc9194d elementor-widget elementor-widget-heading\" data-id=\"cc9194d\" data-element_type=\"widget\" data-e-type=\"widget\" data-widget_type=\"heading.default\">\n\t\t\t\t<div class=\"elementor-widget-container\">\n\t\t\t\t\t<h4 class=\"elementor-heading-title elementor-size-default\">LIEFERTAGE<\/h4>\t\t\t\t<\/div>\n\t\t\t\t<\/div>\n\t\t\t\t<div class=\"elementor-element elementor-element-e23a4af elementor-widget elementor-widget-heading\" data-id=\"e23a4af\" data-element_type=\"widget\" data-e-type=\"widget\" data-widget_type=\"heading.default\">\n\t\t\t\t<div class=\"elementor-widget-container\">\n\t\t\t\t\t<h4 class=\"elementor-heading-title elementor-size-default\">TRACKING<\/h4>\t\t\t\t<\/div>\n\t\t\t\t<\/div>\n\t\t\t\t<div class=\"elementor-element elementor-element-539cde6 elementor-widget elementor-widget-heading\" data-id=\"539cde6\" data-element_type=\"widget\" data-e-type=\"widget\" data-widget_type=\"heading.default\">\n\t\t\t\t<div class=\"elementor-widget-container\">\n\t\t\t\t\t<h4 class=\"elementor-heading-title elementor-size-default\">Schweiz<\/h4>\t\t\t\t<\/div>\n\t\t\t\t<\/div>\n\t\t\t\t<div class=\"elementor-element elementor-element-5f8d8de elementor-widget elementor-widget-heading\" data-id=\"5f8d8de\" data-element_type=\"widget\" data-e-type=\"widget\" data-widget_type=\"heading.default\">\n\t\t\t\t<div class=\"elementor-widget-container\">\n\t\t\t\t\t<h4 class=\"elementor-heading-title elementor-size-default\">Kostenfrei<\/h4>\t\t\t\t<\/div>\n\t\t\t\t<\/div>\n\t\t\t\t<div class=\"elementor-element elementor-element-0fed1ab elementor-widget elementor-widget-heading\" data-id=\"0fed1ab\" data-element_type=\"widget\" data-e-type=\"widget\" data-widget_type=\"heading.default\">\n\t\t\t\t<div class=\"elementor-widget-container\">\n\t\t\t\t\t<h4 class=\"elementor-heading-title elementor-size-default\">1 - 3 Arbeitstage<\/h4>\t\t\t\t<\/div>\n\t\t\t\t<\/div>\n\t\t\t\t<div class=\"elementor-element elementor-element-992c296 elementor-widget elementor-widget-heading\" data-id=\"992c296\" data-element_type=\"widget\" data-e-type=\"widget\" data-widget_type=\"heading.default\">\n\t\t\t\t<div class=\"elementor-widget-container\">\n\t\t\t\t\t<h4 class=\"elementor-heading-title elementor-size-default\">Mo - Fr<\/h4>\t\t\t\t<\/div>\n\t\t\t\t<\/div>\n\t\t\t\t<div class=\"elementor-element elementor-element-b029fe7 elementor-widget elementor-widget-heading\" data-id=\"b029fe7\" data-element_type=\"widget\" data-e-type=\"widget\" data-widget_type=\"heading.default\">\n\t\t\t\t<div class=\"elementor-widget-container\">\n\t\t\t\t\t<h4 class=\"elementor-heading-title elementor-size-default\">YES<\/h4>\t\t\t\t<\/div>\n\t\t\t\t<\/div>\n\t\t\t\t<div class=\"elementor-element elementor-element-1c97238 elementor-widget elementor-widget-heading\" data-id=\"1c97238\" data-element_type=\"widget\" data-e-type=\"widget\" data-widget_type=\"heading.default\">\n\t\t\t\t<div class=\"elementor-widget-container\">\n\t\t\t\t\t<h4 class=\"elementor-heading-title elementor-size-default\">EU<\/h4>\t\t\t\t<\/div>\n\t\t\t\t<\/div>\n\t\t\t\t<div class=\"elementor-element elementor-element-3a37c40 elementor-widget elementor-widget-heading\" data-id=\"3a37c40\" data-element_type=\"widget\" data-e-type=\"widget\" data-widget_type=\"heading.default\">\n\t\t\t\t<div class=\"elementor-widget-container\">\n\t\t\t\t\t<h4 class=\"elementor-heading-title elementor-size-default\">25.00 CHF<\/h4>\t\t\t\t<\/div>\n\t\t\t\t<\/div>\n\t\t\t\t<div class=\"elementor-element elementor-element-25d0278 elementor-widget elementor-widget-heading\" data-id=\"25d0278\" data-element_type=\"widget\" data-e-type=\"widget\" data-widget_type=\"heading.default\">\n\t\t\t\t<div class=\"elementor-widget-container\">\n\t\t\t\t\t<h4 class=\"elementor-heading-title elementor-size-default\">5 - 7 Arbeitstage<\/h4>\t\t\t\t<\/div>\n\t\t\t\t<\/div>\n\t\t\t\t<div class=\"elementor-element elementor-element-2555f3e elementor-widget elementor-widget-heading\" data-id=\"2555f3e\" data-element_type=\"widget\" data-e-type=\"widget\" data-widget_type=\"heading.default\">\n\t\t\t\t<div class=\"elementor-widget-container\">\n\t\t\t\t\t<h4 class=\"elementor-heading-title elementor-size-default\">Mo - Fr, auch am Samstag m\u00f6glich<\/h4>\t\t\t\t<\/div>\n\t\t\t\t<\/div>\n\t\t\t\t<div class=\"elementor-element elementor-element-c49c257 elementor-widget elementor-widget-heading\" data-id=\"c49c257\" data-element_type=\"widget\" data-e-type=\"widget\" data-widget_type=\"heading.default\">\n\t\t\t\t<div class=\"elementor-widget-container\">\n\t\t\t\t\t<h4 class=\"elementor-heading-title elementor-size-default\">YES<\/h4>\t\t\t\t<\/div>\n\t\t\t\t<\/div>\n\t\t\t\t<\/div>\n\t\t\t\t<div class=\"elementor-element elementor-element-6b03a31 elementor-widget__width-initial elementor-widget-mobile__width-inherit elementor-widget elementor-widget-text-editor\" data-id=\"6b03a31\" data-element_type=\"widget\" data-e-type=\"widget\" data-widget_type=\"text-editor.default\">\n\t\t\t\t<div class=\"elementor-widget-container\">\n\t\t\t\t\t\t\t\t\t<p><em>Bitte beachte: Bei Lieferungen innerhalb der EU k\u00f6nnen je nach den Bestimmungen deines Landes lokale Zollgeb\u00fchren oder Steuern anfallen. Diese liegen in der Verantwortung des K\u00e4ufers.\u00a0<\/em><\/p>\t\t\t\t\t\t\t\t<\/div>\n\t\t\t\t<\/div>\n\t\t\t\t\t<\/div>\n\t\t\t\t<\/div>\n\t\t\t\t<\/div>","protected":false},"excerpt":{"rendered":"<p>We ship all orders within Switzerland via free standard shipping directly from our warehouse in Zurich. We partner with a social foundation that supports young people with disabilities through specialized training programs. This partnership lets us help them achieve their goal of improving future job prospects through education and skill building in logistics. You&#8217;ll get [&hellip;]<\/p>\n","protected":false},"author":1,"featured_media":0,"parent":0,"menu_order":0,"comment_status":"closed","ping_status":"closed","template":"elementor_header_footer","meta":{"_acf_changed":false,"footnotes":""},"class_list":["post-3486","page","type-page","status-publish","hentry"],"acf":[],"_links":{"self":[{"href":"https:\/\/aleyani-swimwear.ch\/de\/wp-json\/wp\/v2\/pages\/3486","targetHints":{"allow":["GET"]}}],"collection":[{"href":"https:\/\/aleyani-swimwear.ch\/de\/wp-json\/wp\/v2\/pages"}],"about":[{"href":"https:\/\/aleyani-swimwear.ch\/de\/wp-json\/wp\/v2\/types\/page"}],"author":[{"embeddable":true,"href":"https:\/\/aleyani-swimwear.ch\/de\/wp-json\/wp\/v2\/users\/1"}],"replies":[{"embeddable":true,"href":"https:\/\/aleyani-swimwear.ch\/de\/wp-json\/wp\/v2\/comments?post=3486"}],"version-history":[{"count":78,"href":"https:\/\/aleyani-swimwear.ch\/de\/wp-json\/wp\/v2\/pages\/3486\/revisions"}],"predecessor-version":[{"id":10539,"href":"https:\/\/aleyani-swimwear.ch\/de\/wp-json\/wp\/v2\/pages\/3486\/revisions\/10539"}],"wp:attachment":[{"href":"https:\/\/aleyani-swimwear.ch\/de\/wp-json\/wp\/v2\/media?parent=3486"}],"curies":[{"name":"wp","href":"https:\/\/api.w.org\/{rel}","templated":true}]}}