{"id":352,"date":"2024-07-02T23:09:34","date_gmt":"2024-07-02T23:09:34","guid":{"rendered":"https:\/\/aleyani-swimwear.ch\/?page_id=352"},"modified":"2025-03-09T07:06:59","modified_gmt":"2025-03-09T07:06:59","slug":"uber-uns","status":"publish","type":"page","link":"https:\/\/aleyani-swimwear.ch\/de\/about-us\/","title":{"rendered":"\u00dcber uns"},"content":{"rendered":"<div data-elementor-type=\"wp-page\" data-elementor-id=\"352\" class=\"elementor elementor-352\" wpc-filter-elementor-widget=\"1\" data-elementor-post-type=\"page\">\n\t\t\t\t<div class=\"elementor-element elementor-element-202095e e-flex e-con-boxed e-con e-parent\" data-id=\"202095e\" data-element_type=\"container\" data-e-type=\"container\">\n\t\t\t\t\t<div class=\"e-con-inner\">\n\t\t<div class=\"elementor-element elementor-element-c2eb4e1 e-con-full e-flex e-con e-child\" data-id=\"c2eb4e1\" data-element_type=\"container\" data-e-type=\"container\">\n\t\t\t\t<div class=\"elementor-element elementor-element-02274f3 elementor-widget elementor-widget-heading\" data-id=\"02274f3\" data-element_type=\"widget\" data-e-type=\"widget\" data-widget_type=\"heading.default\">\n\t\t\t\t<div class=\"elementor-widget-container\">\n\t\t\t\t\t<h2 class=\"elementor-heading-title elementor-size-default\">DIE MARKE<\/h2>\t\t\t\t<\/div>\n\t\t\t\t<\/div>\n\t\t\t\t<div class=\"elementor-element elementor-element-28ec9ed elementor-widget elementor-widget-heading\" data-id=\"28ec9ed\" data-element_type=\"widget\" data-e-type=\"widget\" data-widget_type=\"heading.default\">\n\t\t\t\t<div class=\"elementor-widget-container\">\n\t\t\t\t\t<h1 class=\"elementor-heading-title elementor-size-default\">ALEYANI SWIMWEAR<\/h1>\t\t\t\t<\/div>\n\t\t\t\t<\/div>\n\t\t\t\t<div class=\"elementor-element elementor-element-d30a6f7 elementor-widget elementor-widget-text-editor\" data-id=\"d30a6f7\" data-element_type=\"widget\" data-e-type=\"widget\" data-widget_type=\"text-editor.default\">\n\t\t\t\t<div class=\"elementor-widget-container\">\n\t\t\t\t\t\t\t\t\t<p class=\"p1\">ALEYANI SWIMWEAR ist mehr als nur Bademode \u2013 es ist ein Statement f\u00fcr Selbstbewusstsein, Weiblichkeit und selbstbestimmte Ausdruckskraft.<\/p><p class=\"p1\">Inspiriert von der Strandkultur Brasiliens, wo Kurven gefeiert werden, und der Pr\u00e4zision des schweizerischen Luxus, verk\u00f6rpert ALEYANI SWIMWEAR m\u00fchelose Raffinesse und au\u00dfergew\u00f6hnliche Qualit\u00e4t.<\/p><p class=\"p1\">Jede Kollektion feiert Individualit\u00e4t und Selbstausdruck und sorgt daf\u00fcr, dass sich jede Frau in ihrer eigenen Haut wohlf\u00fchlt. Jedes St\u00fcck hebt nat\u00fcrliche Sch\u00f6nheit hervor und definiert, was es bedeutet, sich sexy und selbstbewusst zu f\u00fchlen.<\/p>\t\t\t\t\t\t\t\t<\/div>\n\t\t\t\t<\/div>\n\t\t\t\t<\/div>\n\t\t<div class=\"elementor-element elementor-element-a58c1e8 e-con-full e-flex e-con e-child\" data-id=\"a58c1e8\" data-element_type=\"container\" data-e-type=\"container\">\n\t\t\t\t<div class=\"elementor-element elementor-element-4898cc9 elementor-widget elementor-widget-image\" data-id=\"4898cc9\" data-element_type=\"widget\" data-e-type=\"widget\" data-widget_type=\"image.default\">\n\t\t\t\t<div class=\"elementor-widget-container\">\n\t\t\t\t\t\t\t\t\t\t\t\t\t\t\t<img fetchpriority=\"high\" decoding=\"async\" width=\"800\" height=\"857\" src=\"https:\/\/aleyani-swimwear.ch\/wp-content\/uploads\/2024\/07\/the-brand-956x1024.webp\" class=\"attachment-large size-large wp-image-531\" alt=\"ALEYANI SWIMWEAR - Eine Feier des Selbstbewusstseins, der Weiblichkeit und des Selbstausdrucks in Bademode. Wir ermutigen Frauen dazu, ihre Individualit\u00e4t zu leben.\" srcset=\"https:\/\/aleyani-swimwear.ch\/wp-content\/uploads\/2024\/07\/the-brand-956x1024.webp 956w, https:\/\/aleyani-swimwear.ch\/wp-content\/uploads\/2024\/07\/the-brand-600x643.webp 600w, https:\/\/aleyani-swimwear.ch\/wp-content\/uploads\/2024\/07\/the-brand-280x300.webp 280w, https:\/\/aleyani-swimwear.ch\/wp-content\/uploads\/2024\/07\/the-brand-768x823.webp 768w, https:\/\/aleyani-swimwear.ch\/wp-content\/uploads\/2024\/07\/the-brand-1434x1536.webp 1434w, https:\/\/aleyani-swimwear.ch\/wp-content\/uploads\/2024\/07\/the-brand.webp 1600w\" sizes=\"(max-width: 800px) 100vw, 800px\" \/>\t\t\t\t\t\t\t\t\t\t\t\t\t\t\t<\/div>\n\t\t\t\t<\/div>\n\t\t\t\t<\/div>\n\t\t\t\t\t<\/div>\n\t\t\t\t<\/div>\n\t\t<div class=\"elementor-element elementor-element-9ce3d24 e-flex e-con-boxed e-con e-parent\" data-id=\"9ce3d24\" data-element_type=\"container\" data-e-type=\"container\" data-settings=\"{&quot;background_background&quot;:&quot;classic&quot;}\">\n\t\t\t\t\t<div class=\"e-con-inner\">\n\t\t<div class=\"elementor-element elementor-element-49740bb e-con-full e-flex e-con e-child\" data-id=\"49740bb\" data-element_type=\"container\" data-e-type=\"container\">\n\t\t\t\t<div class=\"elementor-element elementor-element-9f2843b elementor-widget elementor-widget-image\" data-id=\"9f2843b\" data-element_type=\"widget\" data-e-type=\"widget\" data-widget_type=\"image.default\">\n\t\t\t\t<div class=\"elementor-widget-container\">\n\t\t\t\t\t\t\t\t\t\t\t\t\t\t\t<img decoding=\"async\" width=\"563\" height=\"600\" src=\"https:\/\/aleyani-swimwear.ch\/wp-content\/uploads\/2024\/07\/two-girl-img.webp\" class=\"attachment-full size-full wp-image-532\" alt=\"ALEYANI SWIMWEAR - Eine Feier des Selbstbewusstseins, der Weiblichkeit und des Selbstausdrucks in Bademode. Wir ermutigen Frauen dazu, ihre Individualit\u00e4t zu leben.\" srcset=\"https:\/\/aleyani-swimwear.ch\/wp-content\/uploads\/2024\/07\/two-girl-img.webp 563w, https:\/\/aleyani-swimwear.ch\/wp-content\/uploads\/2024\/07\/two-girl-img-282x300.webp 282w\" sizes=\"(max-width: 563px) 100vw, 563px\" \/>\t\t\t\t\t\t\t\t\t\t\t\t\t\t\t<\/div>\n\t\t\t\t<\/div>\n\t\t\t\t<\/div>\n\t\t<div class=\"elementor-element elementor-element-efbc267 e-con-full e-flex e-con e-child\" data-id=\"efbc267\" data-element_type=\"container\" data-e-type=\"container\">\n\t\t\t\t<div class=\"elementor-element elementor-element-76313e0 elementor-widget elementor-widget-heading\" data-id=\"76313e0\" data-element_type=\"widget\" data-e-type=\"widget\" data-widget_type=\"heading.default\">\n\t\t\t\t<div class=\"elementor-widget-container\">\n\t\t\t\t\t<h3 class=\"elementor-heading-title elementor-size-default\">DIE GR\u00dcNDERIN<\/h3>\t\t\t\t<\/div>\n\t\t\t\t<\/div>\n\t\t\t\t<div class=\"elementor-element elementor-element-9803120 elementor-widget elementor-widget-heading\" data-id=\"9803120\" data-element_type=\"widget\" data-e-type=\"widget\" data-widget_type=\"heading.default\">\n\t\t\t\t<div class=\"elementor-widget-container\">\n\t\t\t\t\t<h2 class=\"elementor-heading-title elementor-size-default\">DIE VISION\u00c4RIN HINTER ALEYANI<\/h2>\t\t\t\t<\/div>\n\t\t\t\t<\/div>\n\t\t\t\t<div class=\"elementor-element elementor-element-08b941c elementor-widget elementor-widget-text-editor\" data-id=\"08b941c\" data-element_type=\"widget\" data-e-type=\"widget\" data-widget_type=\"text-editor.default\">\n\t\t\t\t<div class=\"elementor-widget-container\">\n\t\t\t\t\t\t\t\t\t<p class=\"p1\">ALEYANI SWIMWEAR entstand aus der Leidenschaft f\u00fcr Reisen, Mode und die Sch\u00f6nheit eines authentischen, selbstbewussten K\u00f6rpers. F\u00fcr die Gr\u00fcnderin ist Reisen mehr als nur die Entdeckung neuer Orte \u2013 es ist die Freiheit und die Inspiration, die jede Reise ihr bringt.<\/p><p class=\"p1\">Von sonnenverw\u00f6hnten Str\u00e4nden bis hin zu pulsierenden St\u00e4dten befl\u00fcgelt jede Erfahrung ihre Kreativit\u00e4t. Als nat\u00fcrliche Geschichtenerz\u00e4hlerin l\u00e4sst sie Sch\u00f6nheit, Selbstvertrauen und Energie in jedes St\u00fcck ALEYANI SWIMWEAR einfliessen.<\/p><p class=\"p1\">ALEYANI SWIMWEAR steht f\u00fcr ein weit gereistes Leben, einen ungebundenen Geist und selbstbewusste Weiblichkeit. Es fordert Frauen auf, ihre Kurven zu akzeptieren und mit Selbstvertrauen durch das Leben zu gehen.<\/p>\t\t\t\t\t\t\t\t<\/div>\n\t\t\t\t<\/div>\n\t\t\t\t<\/div>\n\t\t\t\t\t<\/div>\n\t\t\t\t<\/div>\n\t\t<div class=\"elementor-element elementor-element-5ea0f19 e-flex e-con-boxed e-con e-parent\" data-id=\"5ea0f19\" data-element_type=\"container\" data-e-type=\"container\">\n\t\t\t\t\t<div class=\"e-con-inner\">\n\t\t<div class=\"elementor-element elementor-element-09ede95 e-con-full e-flex e-con e-child\" data-id=\"09ede95\" data-element_type=\"container\" data-e-type=\"container\">\n\t\t\t\t<div class=\"elementor-element elementor-element-a5b4fbe elementor-widget elementor-widget-heading\" data-id=\"a5b4fbe\" data-element_type=\"widget\" data-e-type=\"widget\" data-widget_type=\"heading.default\">\n\t\t\t\t<div class=\"elementor-widget-container\">\n\t\t\t\t\t<h5 class=\"elementor-heading-title elementor-size-default\">DIE IDEE<\/h5>\t\t\t\t<\/div>\n\t\t\t\t<\/div>\n\t\t\t\t<div class=\"elementor-element elementor-element-df38c2e elementor-widget elementor-widget-heading\" data-id=\"df38c2e\" data-element_type=\"widget\" data-e-type=\"widget\" data-widget_type=\"heading.default\">\n\t\t\t\t<div class=\"elementor-widget-container\">\n\t\t\t\t\t<h2 class=\"elementor-heading-title elementor-size-default\">DIE GESCHICHTE HINTER ALEYANI<\/h2>\t\t\t\t<\/div>\n\t\t\t\t<\/div>\n\t\t\t\t<div class=\"elementor-element elementor-element-e2e2aeb elementor-widget elementor-widget-text-editor\" data-id=\"e2e2aeb\" data-element_type=\"widget\" data-e-type=\"widget\" data-widget_type=\"text-editor.default\">\n\t\t\t\t<div class=\"elementor-widget-container\">\n\t\t\t\t\t\t\t\t\t<p class=\"p1\">Die Idee f\u00fcr ALEYANI SWIMWEAR entstand aus der Leidenschaft f\u00fcr Reisen, Mode und die Sch\u00f6nheit eines authentischen K\u00f6rpers. Ein Bikini ist mehr als nur Kleidung \u2013 er steht f\u00fcr Abenteuer, Selbstvertrauen und Grenzenlose Freiheit.<\/p><p class=\"p1\">ALEYANI SWIMWEAR verbindet den unbeschwerten Geist der brasilianischen Str\u00e4nde mit der Pr\u00e4zision und Qualit\u00e4t der Schweiz und bringt Bademode, Mode, Passform und Nachhaltigkeit in Einklang.<\/p><p class=\"translation-block\">Entdecke deine perfekte Passform mit Hilfe unseres <a href=\"https:\/\/aleyani-swimwear.ch\/de\/passform-anleitung\/\" target=\"_self\"><span style=\"text-decoration: underline\">Fit Guide<\/span><\/a>'s.<\/p>\t\t\t\t\t\t\t\t<\/div>\n\t\t\t\t<\/div>\n\t\t\t\t<\/div>\n\t\t<div class=\"elementor-element elementor-element-a4c9ace e-con-full e-flex e-con e-child\" data-id=\"a4c9ace\" data-element_type=\"container\" data-e-type=\"container\">\n\t\t\t\t<div class=\"elementor-element elementor-element-c91ed31 elementor-widget elementor-widget-image\" data-id=\"c91ed31\" data-element_type=\"widget\" data-e-type=\"widget\" data-widget_type=\"image.default\">\n\t\t\t\t<div class=\"elementor-widget-container\">\n\t\t\t\t\t\t\t\t\t\t\t\t\t\t\t<img decoding=\"async\" width=\"800\" height=\"852\" src=\"https:\/\/aleyani-swimwear.ch\/wp-content\/uploads\/2024\/08\/DSC2353-961x1024.jpg\" class=\"attachment-large size-large wp-image-3141\" alt=\"ALEYANI SWIMWEAR - Eine Feier des Selbstbewusstseins, der Weiblichkeit und des Selbstausdrucks in Bademode. Wir ermutigen Frauen dazu, ihre Individualit\u00e4t zu leben.\" srcset=\"https:\/\/aleyani-swimwear.ch\/wp-content\/uploads\/2024\/08\/DSC2353-961x1024.jpg 961w, https:\/\/aleyani-swimwear.ch\/wp-content\/uploads\/2024\/08\/DSC2353-282x300.jpg 282w, https:\/\/aleyani-swimwear.ch\/wp-content\/uploads\/2024\/08\/DSC2353-768x818.jpg 768w, https:\/\/aleyani-swimwear.ch\/wp-content\/uploads\/2024\/08\/DSC2353-1441x1536.jpg 1441w, https:\/\/aleyani-swimwear.ch\/wp-content\/uploads\/2024\/08\/DSC2353-1922x2048.jpg 1922w, https:\/\/aleyani-swimwear.ch\/wp-content\/uploads\/2024\/08\/DSC2353-600x639.jpg 600w\" sizes=\"(max-width: 800px) 100vw, 800px\" \/>\t\t\t\t\t\t\t\t\t\t\t\t\t\t\t<\/div>\n\t\t\t\t<\/div>\n\t\t\t\t<\/div>\n\t\t\t\t\t<\/div>\n\t\t\t\t<\/div>\n\t\t<div class=\"elementor-element elementor-element-b880c47 e-flex e-con-boxed e-con e-parent\" data-id=\"b880c47\" data-element_type=\"container\" data-e-type=\"container\" data-settings=\"{&quot;background_background&quot;:&quot;classic&quot;}\">\n\t\t\t\t\t<div class=\"e-con-inner\">\n\t\t<div class=\"elementor-element elementor-element-929cc71 e-con-full e-flex e-con e-child\" data-id=\"929cc71\" data-element_type=\"container\" data-e-type=\"container\">\n\t\t\t\t<div class=\"elementor-element elementor-element-69d6da8 elementor-widget elementor-widget-image\" data-id=\"69d6da8\" data-element_type=\"widget\" data-e-type=\"widget\" data-widget_type=\"image.default\">\n\t\t\t\t<div class=\"elementor-widget-container\">\n\t\t\t\t\t\t\t\t\t\t\t\t\t\t\t<img loading=\"lazy\" decoding=\"async\" width=\"563\" height=\"600\" src=\"https:\/\/aleyani-swimwear.ch\/wp-content\/uploads\/2024\/08\/Frauen-in-Bikinis_Body-Positivity.jpg\" class=\"attachment-full size-full wp-image-3124\" alt=\"ALEYANI SWIMWEAR - Eine Feier des Selbstbewusstseins, der Weiblichkeit und des Selbstausdrucks in Bademode. Wir ermutigen Frauen dazu, ihre Individualit\u00e4t zu leben.\" srcset=\"https:\/\/aleyani-swimwear.ch\/wp-content\/uploads\/2024\/08\/Frauen-in-Bikinis_Body-Positivity.jpg 563w, https:\/\/aleyani-swimwear.ch\/wp-content\/uploads\/2024\/08\/Frauen-in-Bikinis_Body-Positivity-282x300.jpg 282w\" sizes=\"(max-width: 563px) 100vw, 563px\" \/>\t\t\t\t\t\t\t\t\t\t\t\t\t\t\t<\/div>\n\t\t\t\t<\/div>\n\t\t\t\t<\/div>\n\t\t<div class=\"elementor-element elementor-element-fba5560 e-con-full e-flex e-con e-child\" data-id=\"fba5560\" data-element_type=\"container\" data-e-type=\"container\">\n\t\t\t\t<div class=\"elementor-element elementor-element-69ae35f elementor-widget elementor-widget-heading\" data-id=\"69ae35f\" data-element_type=\"widget\" data-e-type=\"widget\" data-widget_type=\"heading.default\">\n\t\t\t\t<div class=\"elementor-widget-container\">\n\t\t\t\t\t<h5 class=\"elementor-heading-title elementor-size-default\">UNSERE MOTIVATION<\/h5>\t\t\t\t<\/div>\n\t\t\t\t<\/div>\n\t\t\t\t<div class=\"elementor-element elementor-element-a17a906 elementor-widget elementor-widget-heading\" data-id=\"a17a906\" data-element_type=\"widget\" data-e-type=\"widget\" data-widget_type=\"heading.default\">\n\t\t\t\t<div class=\"elementor-widget-container\">\n\t\t\t\t\t<h2 class=\"elementor-heading-title elementor-size-default\">K\u00d6RPERBEWUSSTSEIN NEU DEFINIERT MIT ALEYANI<\/h2>\t\t\t\t<\/div>\n\t\t\t\t<\/div>\n\t\t\t\t<div class=\"elementor-element elementor-element-37136df elementor-widget elementor-widget-text-editor\" data-id=\"37136df\" data-element_type=\"widget\" data-e-type=\"widget\" data-widget_type=\"text-editor.default\">\n\t\t\t\t<div class=\"elementor-widget-container\">\n\t\t\t\t\t\t\t\t\t<p class=\"p1\">Wir alle haben Tage, an denen Selbstzweifel aufkommen \u2013 besonders bei Bademode. Doch bei ALEYANI SWIMWEAR sind wir \u00fcberzeugt, dass jede Frau es verdient, sich stark, selbstbewusst und sch\u00f6n zu f\u00fchlen.<\/p><p class=\"p1\">Deshalb entwerfen wir Bikinis, die Individualit\u00e4t und Authentizit\u00e4t feiern und unrealistischen Sch\u00f6nheitsidealen widersprechen. Unsere Mission ist es, eine Bewegung der Selbstliebe und Selbstbestimmung zu schaffen \u2013 denn jeder K\u00f6rper ist ein Bikinik\u00f6rper.<\/p><p class=\"p1\">Erfahre mehr \u00fcber unsere\u00a0<a href=\"https:\/\/aleyani-swimwear.ch\/de\/korperfreundlichkeit\/\"><span style=\"text-decoration: underline;\">Body Positivity<\/span><\/a> -Philosophie.\u00a0<\/p>\t\t\t\t\t\t\t\t<\/div>\n\t\t\t\t<\/div>\n\t\t\t\t<\/div>\n\t\t\t\t\t<\/div>\n\t\t\t\t<\/div>\n\t\t<div class=\"elementor-element elementor-element-4e66d46 e-flex e-con-boxed e-con e-parent\" data-id=\"4e66d46\" data-element_type=\"container\" data-e-type=\"container\">\n\t\t\t\t\t<div class=\"e-con-inner\">\n\t\t<div class=\"elementor-element elementor-element-5b27175 e-con-full e-flex e-con e-child\" data-id=\"5b27175\" data-element_type=\"container\" data-e-type=\"container\">\n\t\t\t\t<div class=\"elementor-element elementor-element-794c88d elementor-widget elementor-widget-heading\" data-id=\"794c88d\" data-element_type=\"widget\" data-e-type=\"widget\" data-widget_type=\"heading.default\">\n\t\t\t\t<div class=\"elementor-widget-container\">\n\t\t\t\t\t<h5 class=\"elementor-heading-title elementor-size-default\">UNSERE MISSION<\/h5>\t\t\t\t<\/div>\n\t\t\t\t<\/div>\n\t\t\t\t<div class=\"elementor-element elementor-element-d25453e elementor-widget elementor-widget-heading\" data-id=\"d25453e\" data-element_type=\"widget\" data-e-type=\"widget\" data-widget_type=\"heading.default\">\n\t\t\t\t<div class=\"elementor-widget-container\">\n\t\t\t\t\t<h2 class=\"elementor-heading-title elementor-size-default\">SEXY, REBELLISCH &amp; DIVERS<\/h2>\t\t\t\t<\/div>\n\t\t\t\t<\/div>\n\t\t\t\t<div class=\"elementor-element elementor-element-ce84b8c elementor-widget elementor-widget-text-editor\" data-id=\"ce84b8c\" data-element_type=\"widget\" data-e-type=\"widget\" data-widget_type=\"text-editor.default\">\n\t\t\t\t<div class=\"elementor-widget-container\">\n\t\t\t\t\t\t\t\t\t<p class=\"p1\">Bei ALEYANI SWIMWEAR feiern wir Vielfalt und ermutigen Frauen, ihre Individualit\u00e4t zu leben. Unsere Gemeinschaft besteht aus mutigen, selbstbewussten Frauen, die sich von gesellschaftlichen Erwartungen befreien und ihre Kurven feiern.<\/p><p class=\"p1\">Wir f\u00f6rdern eine Gemeinschaft mutiger, selbstbewusster Frauen, die ihre Kurven feiern und sich von gesellschaftlichen Erwartungen l\u00f6sen. Unser Credo \"Sexy, rebellisch und divers\" steht im Herzen von ALEYANI und spiegelt unser Engagement f\u00fcr die St\u00e4rkung von Frauen und die Akzeptanz von Vielfalt in der Sch\u00f6nheit wider.<\/p><p>Tritt unserer Gemeinschaft von <span style=\"text-decoration: underline;\"><a href=\"https:\/\/www.instagram.com\/aleyani_swim\" target=\"_blank\" rel=\"noopener\">#ALEYANIRebels<\/a><\/span> indem du uns auf Instagram folgst.<\/p>\t\t\t\t\t\t\t\t<\/div>\n\t\t\t\t<\/div>\n\t\t\t\t<\/div>\n\t\t<div class=\"elementor-element elementor-element-be2ac54 e-con-full elementor-hidden-tablet elementor-hidden-mobile e-flex e-con e-child\" data-id=\"be2ac54\" data-element_type=\"container\" data-e-type=\"container\">\n\t\t\t\t<div class=\"elementor-element elementor-element-2c3876b elementor-widget elementor-widget-image\" data-id=\"2c3876b\" data-element_type=\"widget\" data-e-type=\"widget\" data-widget_type=\"image.default\">\n\t\t\t\t<div class=\"elementor-widget-container\">\n\t\t\t\t\t\t\t\t\t\t\t\t\t\t\t<img loading=\"lazy\" decoding=\"async\" width=\"563\" height=\"600\" src=\"https:\/\/aleyani-swimwear.ch\/wp-content\/uploads\/2024\/09\/Blaues-Triangle-Bikini_ALEYANI_sexy-und-nachhaltig.jpg\" class=\"attachment-large size-large wp-image-3427\" alt=\"ALEYANI SWIMWEAR - Eine Feier des Selbstbewusstseins, der Weiblichkeit und des Selbstausdrucks in Bademode. Wir ermutigen Frauen dazu, ihre Individualit\u00e4t zu leben.\" srcset=\"https:\/\/aleyani-swimwear.ch\/wp-content\/uploads\/2024\/09\/Blaues-Triangle-Bikini_ALEYANI_sexy-und-nachhaltig.jpg 563w, https:\/\/aleyani-swimwear.ch\/wp-content\/uploads\/2024\/09\/Blaues-Triangle-Bikini_ALEYANI_sexy-und-nachhaltig-282x300.jpg 282w\" sizes=\"(max-width: 563px) 100vw, 563px\" \/>\t\t\t\t\t\t\t\t\t\t\t\t\t\t\t<\/div>\n\t\t\t\t<\/div>\n\t\t\t\t<\/div>\n\t\t\t\t\t<\/div>\n\t\t\t\t<\/div>\n\t\t<div class=\"elementor-element elementor-element-03ee0c6 e-flex e-con-boxed e-con e-parent\" data-id=\"03ee0c6\" data-element_type=\"container\" data-e-type=\"container\" data-settings=\"{&quot;background_background&quot;:&quot;classic&quot;}\">\n\t\t\t\t\t<div class=\"e-con-inner\">\n\t\t\t\t<div class=\"elementor-element elementor-element-11333dc elementor-widget-mobile__width-inherit elementor-widget elementor-widget-heading\" data-id=\"11333dc\" data-element_type=\"widget\" data-e-type=\"widget\" data-widget_type=\"heading.default\">\n\t\t\t\t<div class=\"elementor-widget-container\">\n\t\t\t\t\t<div class=\"elementor-heading-title elementor-size-default\">BEGLEITE UNS AUF UNSERER REISE ZU EINER<br> NACHHALTIGEREN ZUKUNFT!<\/div>\t\t\t\t<\/div>\n\t\t\t\t<\/div>\n\t\t\t\t<div class=\"elementor-element elementor-element-8f17293 elementor-widget elementor-widget-heading\" data-id=\"8f17293\" data-element_type=\"widget\" data-e-type=\"widget\" data-widget_type=\"heading.default\">\n\t\t\t\t<div class=\"elementor-widget-container\">\n\t\t\t\t\t<h2 class=\"elementor-heading-title elementor-size-default\">Erfahre mehr \u00fcber die umweltfreundlichen Praktiken von ALEYANI.<\/h2>\t\t\t\t<\/div>\n\t\t\t\t<\/div>\n\t\t\t\t<div class=\"elementor-element elementor-element-edcc70e elementor-widget elementor-widget-button\" data-id=\"edcc70e\" data-element_type=\"widget\" data-e-type=\"widget\" data-widget_type=\"button.default\">\n\t\t\t\t<div class=\"elementor-widget-container\">\n\t\t\t\t\t\t\t\t\t<div class=\"elementor-button-wrapper\">\n\t\t\t\t\t<a class=\"elementor-button elementor-button-link elementor-size-sm\" href=\"https:\/\/aleyani-swimwear.ch\/de\/sustainable-swimwear\/\">\n\t\t\t\t\t\t<span class=\"elementor-button-content-wrapper\">\n\t\t\t\t\t\t\t\t\t<span class=\"elementor-button-text\">NACHHALTIGE PRAKTIKEN <\/span>\n\t\t\t\t\t<\/span>\n\t\t\t\t\t<\/a>\n\t\t\t\t<\/div>\n\t\t\t\t\t\t\t\t<\/div>\n\t\t\t\t<\/div>\n\t\t\t\t\t<\/div>\n\t\t\t\t<\/div>\n\t\t\t\t<\/div>","protected":false},"excerpt":{"rendered":"<p>THE BRAND ALEYANI SWIMWEAR ALEYANI SWIMWEAR is more than swimwear \u2013 it\u2019s an attitude. A statement of confidence, bold femininity, and fearless self-expression. A fusion of confidence, diversity, and timeless elegance, inspired by Brazil\u2019s vibrant beach culture where curves are celebrated, and Swiss luxury precision. ALEYANI SWIMWEAR embodies effortless sophistication and exceptional quality. Each collection [&hellip;]<\/p>\n","protected":false},"author":1,"featured_media":0,"parent":0,"menu_order":0,"comment_status":"closed","ping_status":"closed","template":"elementor_header_footer","meta":{"_acf_changed":false,"footnotes":""},"class_list":["post-352","page","type-page","status-publish","hentry"],"acf":[],"_links":{"self":[{"href":"https:\/\/aleyani-swimwear.ch\/de\/wp-json\/wp\/v2\/pages\/352","targetHints":{"allow":["GET"]}}],"collection":[{"href":"https:\/\/aleyani-swimwear.ch\/de\/wp-json\/wp\/v2\/pages"}],"about":[{"href":"https:\/\/aleyani-swimwear.ch\/de\/wp-json\/wp\/v2\/types\/page"}],"author":[{"embeddable":true,"href":"https:\/\/aleyani-swimwear.ch\/de\/wp-json\/wp\/v2\/users\/1"}],"replies":[{"embeddable":true,"href":"https:\/\/aleyani-swimwear.ch\/de\/wp-json\/wp\/v2\/comments?post=352"}],"version-history":[{"count":116,"href":"https:\/\/aleyani-swimwear.ch\/de\/wp-json\/wp\/v2\/pages\/352\/revisions"}],"predecessor-version":[{"id":10294,"href":"https:\/\/aleyani-swimwear.ch\/de\/wp-json\/wp\/v2\/pages\/352\/revisions\/10294"}],"wp:attachment":[{"href":"https:\/\/aleyani-swimwear.ch\/de\/wp-json\/wp\/v2\/media?parent=352"}],"curies":[{"name":"wp","href":"https:\/\/api.w.org\/{rel}","templated":true}]}}