{"id":410,"date":"2024-07-03T00:39:51","date_gmt":"2024-07-03T00:39:51","guid":{"rendered":"https:\/\/aleyani-swimwear.ch\/?page_id=410"},"modified":"2024-10-20T01:35:12","modified_gmt":"2024-10-20T01:35:12","slug":"ruckgabepolitik","status":"publish","type":"page","link":"https:\/\/aleyani-swimwear.ch\/de\/return-policy\/","title":{"rendered":"R\u00fcckgaberecht"},"content":{"rendered":"<div data-elementor-type=\"wp-page\" data-elementor-id=\"410\" class=\"elementor elementor-410\" wpc-filter-elementor-widget=\"1\" data-elementor-post-type=\"page\">\n\t\t\t\t<div class=\"elementor-element elementor-element-d955057 e-flex e-con-boxed e-con e-parent\" data-id=\"d955057\" data-element_type=\"container\" data-e-type=\"container\">\n\t\t\t\t\t<div class=\"e-con-inner\">\n\t\t\t\t<div class=\"elementor-element elementor-element-852af7e elementor-widget-divider--view-line elementor-widget elementor-widget-divider\" data-id=\"852af7e\" data-element_type=\"widget\" data-e-type=\"widget\" data-widget_type=\"divider.default\">\n\t\t\t\t<div class=\"elementor-widget-container\">\n\t\t\t\t\t\t\t<div class=\"elementor-divider\">\n\t\t\t<span class=\"elementor-divider-separator\">\n\t\t\t\t\t\t<\/span>\n\t\t<\/div>\n\t\t\t\t\t\t<\/div>\n\t\t\t\t<\/div>\n\t\t\t\t<div class=\"elementor-element elementor-element-5e35ffd elementor-widget__width-initial elementor-widget-mobile__width-inherit elementor-widget elementor-widget-text-editor\" data-id=\"5e35ffd\" data-element_type=\"widget\" data-e-type=\"widget\" data-widget_type=\"text-editor.default\">\n\t\t\t\t<div class=\"elementor-widget-container\">\n\t\t\t\t\t\t\t\t\t<p>Wir sorgen uns um unsere Umwelt. Deshalb bieten wir keine kostenlosen R\u00fccksendungen an. Das f\u00fchrt oft zu Spontank\u00e4ufen, die zur\u00fcckgegeben werden m\u00fcssen. Danke, dass du bewusst einkaufst.\u00a0<\/p><p>Unser <a href=\"https:\/\/aleyani-swimwear.ch\/de\/passform-anleitung\/\"><span style=\"text-decoration: underline;\">Fit Guide<\/span><\/a> und <a href=\"https:\/\/aleyani-swimwear.ch\/de\/grosenfuhrer\/\"><span style=\"text-decoration: underline;\">Gr\u00f6ssentabelle<\/span><\/a> helfen dir, die richtige Gr\u00f6\u00dfe und Passform zu finden, damit du dich in unserer Bademode wohl und sexy f\u00fchlst. Sollte deine Bestellung jedoch nicht passen oder nicht deinen Erwartungen entsprechen, gelten die folgenden Bedingungen:<\/p><p><strong>R\u00dcCKGABERECHT UND ERSTATTUNGEN<\/strong><\/p><p>Du hast 14 Kalendertage ab Lieferung der Ware Zeit, sie zur\u00fcckzugeben. Die Erstattung erfolgt auf die urspr\u00fcngliche Zahlungsmethode.<\/p><p><strong>MEHRWEGARTIKEL<\/strong><\/p><p>Die Artikel k\u00f6nnen nur zur\u00fcckgegeben werden, wenn sie sich in unbenutztem Zustand befinden und alle Etiketten und Hygieneeinlagen noch angebracht sind. Die Artikel d\u00fcrfen nicht getragen, gewaschen oder ver\u00e4ndert worden sein. Im Ausverkauf gekaufte Artikel k\u00f6nnen nicht zur\u00fcckgegeben werden. Au\u00dferdem k\u00f6nnen Artikel, die Gebrauchsspuren wie Flecken oder Ger\u00fcche aufweisen, nicht zur\u00fcckgegeben werden und werden auf deine Kosten zur\u00fcckgeschickt.<\/p><p><strong>R\u00dcCKKEHRPROZESS<\/strong><\/p><ol><li>Melde dich bei deinem Kundenkonto an<\/li><li>Download und Druck des R\u00fcckgabeformulars<\/li><li>Gib den Grund f\u00fcr die R\u00fcckgabe auf dem Formular an<\/li><li>Lege das R\u00fccksendeformular dem Paket bei<\/li><li>Schicke das Paket an die Adresse auf dem Formular<\/li><\/ol><p>F\u00fcr Gastbestellungen erstellst du bitte ein Konto mit der E-Mail, die du f\u00fcr deine Gastbestellung verwendet hast. Dort findest du das R\u00fccksendeformular.<\/p><p><strong>KOSTEN &amp; ERTR\u00c4GE<\/strong><\/p><p>Die Kosten f\u00fcr die R\u00fccksendung liegen in deiner Verantwortung. Wir empfehlen dir dringend, die R\u00fccksendung mit einer Versandmethode mit Sendungsverfolgung zu versenden, um eine sichere und nachvollziehbare Lieferung zu gew\u00e4hrleisten. Bitte beachte, dass eine R\u00fcckerstattung nur m\u00f6glich ist, wenn die R\u00fccksendung innerhalb der angegebenen Fristen bei uns eingeht.<\/p><p><strong>FEHLERHAFTES PRODUKT ODER FALSCHE LIEFERUNG<\/strong><\/p><p>Im Falle eines Herstellungsfehlers oder einer falschen Lieferung, bitte <a href=\"https:\/\/aleyani-swimwear.ch\/de\/kontaktiere-uns\/\"><span style=\"text-decoration: underline;\">Kontakt<\/span><\/a> f\u00fcr schnelle Hilfe.<\/p><p><strong>UNZUSTELLBARE ODER NICHT ANGENOMMENE PAKETE<\/strong><\/p><p>Pakete, die aufgrund einer falschen Lieferadresse nicht zugestellt werden k\u00f6nnen, werden wie eine normale R\u00fccksendung behandelt. Du erh\u00e4ltst eine Gutschrift \u00fcber den urspr\u00fcnglichen Bestellwert abz\u00fcglich der R\u00fccksendekosten.<\/p><p><strong>DU BRAUCHST HILFE?<\/strong><\/p><p>Wenn du Fragen hast oder ein Problem mit einem defekten Artikel auftritt, kannst du dich jederzeit an uns wenden. <span style=\"text-decoration: underline;\"><a href=\"https:\/\/aleyani-swimwear.ch\/de\/kontaktiere-uns\/\">Kontakt-Formular<\/a><\/span>.<\/p>\t\t\t\t\t\t\t\t<\/div>\n\t\t\t\t<\/div>\n\t\t\t\t\t<\/div>\n\t\t\t\t<\/div>\n\t\t\t\t<\/div>","protected":false},"excerpt":{"rendered":"<p>We care about our environment. That is why we do not offer free returns. This often leads to impulse purchases that have to be returned. Thank you for shopping consciously.\u00a0 Our Fit Guide and Size Guide will help you find the right size and fit to make you feel comfortable and sexy in our swimwear. [&hellip;]<\/p>\n","protected":false},"author":1,"featured_media":0,"parent":0,"menu_order":0,"comment_status":"closed","ping_status":"closed","template":"elementor_header_footer","meta":{"_acf_changed":false,"footnotes":""},"class_list":["post-410","page","type-page","status-publish","hentry"],"acf":[],"_links":{"self":[{"href":"https:\/\/aleyani-swimwear.ch\/de\/wp-json\/wp\/v2\/pages\/410","targetHints":{"allow":["GET"]}}],"collection":[{"href":"https:\/\/aleyani-swimwear.ch\/de\/wp-json\/wp\/v2\/pages"}],"about":[{"href":"https:\/\/aleyani-swimwear.ch\/de\/wp-json\/wp\/v2\/types\/page"}],"author":[{"embeddable":true,"href":"https:\/\/aleyani-swimwear.ch\/de\/wp-json\/wp\/v2\/users\/1"}],"replies":[{"embeddable":true,"href":"https:\/\/aleyani-swimwear.ch\/de\/wp-json\/wp\/v2\/comments?post=410"}],"version-history":[{"count":40,"href":"https:\/\/aleyani-swimwear.ch\/de\/wp-json\/wp\/v2\/pages\/410\/revisions"}],"predecessor-version":[{"id":5713,"href":"https:\/\/aleyani-swimwear.ch\/de\/wp-json\/wp\/v2\/pages\/410\/revisions\/5713"}],"wp:attachment":[{"href":"https:\/\/aleyani-swimwear.ch\/de\/wp-json\/wp\/v2\/media?parent=410"}],"curies":[{"name":"wp","href":"https:\/\/api.w.org\/{rel}","templated":true}]}}