{"id":428,"date":"2024-07-03T01:09:56","date_gmt":"2024-07-03T01:09:56","guid":{"rendered":"https:\/\/aleyani-swimwear.ch\/?page_id=428"},"modified":"2025-05-21T15:58:06","modified_gmt":"2025-05-21T15:58:06","slug":"kontaktiere-uns","status":"publish","type":"page","link":"https:\/\/aleyani-swimwear.ch\/de\/contact-us\/","title":{"rendered":"Kontakt"},"content":{"rendered":"\t\t<div data-elementor-type=\"wp-page\" data-elementor-id=\"428\" class=\"elementor elementor-428\" wpc-filter-elementor-widget=\"1\" data-elementor-post-type=\"page\">\n\t\t\t\t<div class=\"elementor-element elementor-element-c5991a5 e-flex e-con-boxed e-con e-parent\" data-id=\"c5991a5\" data-element_type=\"container\" data-e-type=\"container\">\n\t\t\t\t\t<div class=\"e-con-inner\">\n\t\t\t\t<div class=\"elementor-element elementor-element-bc20af6 elementor-widget elementor-widget-heading\" data-id=\"bc20af6\" data-element_type=\"widget\" data-e-type=\"widget\" data-widget_type=\"heading.default\">\n\t\t\t\t<div class=\"elementor-widget-container\">\n\t\t\t\t\t<h1 class=\"elementor-heading-title elementor-size-default\">CONTACT ALEYANI<\/h1>\t\t\t\t<\/div>\n\t\t\t\t<\/div>\n\t\t\t\t<div class=\"elementor-element elementor-element-1a7a065 elementor-widget elementor-widget-text-editor\" data-id=\"1a7a065\" data-element_type=\"widget\" data-e-type=\"widget\" data-widget_type=\"text-editor.default\">\n\t\t\t\t<div class=\"elementor-widget-container\">\n\t\t\t\t\t\t\t\t\t<p class=\"p1\">Need help? Let\u2019s guide you to the right place. Before filling out the form, check out these quick links \u2013 you might find what you need instantly:<\/p>\t\t\t\t\t\t\t\t<\/div>\n\t\t\t\t<\/div>\n\t\t\t\t<div class=\"elementor-element elementor-element-73955df elementor-widget__width-initial elementor-widget-mobile__width-inherit elementor-widget elementor-widget-text-editor\" data-id=\"73955df\" data-element_type=\"widget\" data-e-type=\"widget\" data-widget_type=\"text-editor.default\">\n\t\t\t\t<div class=\"elementor-widget-container\">\n\t\t\t\t\t\t\t\t\t<ul style=\"text-align: left;\"><li><strong><a href=\"https:\/\/aleyani-swimwear.ch\/size-guide\/\">Size<\/a> or <a href=\"https:\/\/aleyani-swimwear.ch\/fit-guide\/\">Fit Guide<\/a><\/strong> \u2013 Find your perfect ALEYANI fit &amp; size<\/li><li><a href=\"https:\/\/aleyani-swimwear.ch\/shipping-conditions\/\"><strong>Shipping Info<\/strong><\/a> \u2013 Delivery times, zones &amp; costs<\/li><li><a href=\"https:\/\/aleyani-swimwear.ch\/return-policy\/\"><strong>Returns &amp; Exchanges<\/strong><\/a> \u2013 How to return or swap an item<\/li><li><strong><a href=\"https:\/\/aleyani-swimwear.ch\/faq\/\">FAQ&#8217;s<\/a><\/strong> \u2013 Other common questions (e.g. care instructions)<\/li><\/ul>\t\t\t\t\t\t\t\t<\/div>\n\t\t\t\t<\/div>\n\t\t\t\t<div class=\"elementor-element elementor-element-01e77d5 elementor-widget elementor-widget-text-editor\" data-id=\"01e77d5\" data-element_type=\"widget\" data-e-type=\"widget\" data-widget_type=\"text-editor.default\">\n\t\t\t\t<div class=\"elementor-widget-container\">\n\t\t\t\t\t\t\t\t\t<p>Still have a question? We\u2019re happy to help. Fill out the form below and our team will get back to you as soon as possible \u2013 usually within 24 hours.<\/p>\t\t\t\t\t\t\t\t<\/div>\n\t\t\t\t<\/div>\n\t\t\t\t<div class=\"elementor-element elementor-element-f788466 elementor-button-align-stretch elementor-widget elementor-widget-form\" data-id=\"f788466\" data-element_type=\"widget\" data-e-type=\"widget\" data-settings=\"{&quot;button_width&quot;:&quot;60&quot;,&quot;step_next_label&quot;:&quot;Next&quot;,&quot;step_previous_label&quot;:&quot;Previous&quot;,&quot;step_type&quot;:&quot;number_text&quot;,&quot;step_icon_shape&quot;:&quot;circle&quot;}\" data-widget_type=\"form.default\">\n\t\t\t\t<div class=\"elementor-widget-container\">\n\t\t\t\t\t\t\t<form class=\"elementor-form\" method=\"post\" id=\"ContactForm\" name=\"Contact Form\" aria-label=\"Contact Form\">\n\t\t\t<input type=\"hidden\" name=\"post_id\" value=\"428\"\/>\n\t\t\t<input type=\"hidden\" name=\"form_id\" value=\"f788466\"\/>\n\t\t\t<input type=\"hidden\" name=\"referer_title\" value=\"Contact ALEYANI \u2013 Support For Sustainable Brazilian Bikinis\" \/>\n\n\t\t\t\t\t\t\t<input type=\"hidden\" name=\"queried_id\" value=\"428\"\/>\n\t\t\t\n\t\t\t<div class=\"elementor-form-fields-wrapper elementor-labels-above\">\n\t\t\t\t\t\t\t\t<div class=\"elementor-field-type-text elementor-field-group elementor-column elementor-field-group-f_name elementor-col-50\">\n\t\t\t\t\t\t\t\t\t\t\t\t<label for=\"form-field-f_name\" class=\"elementor-field-label\">\n\t\t\t\t\t\t\t\tFirst Name\t\t\t\t\t\t\t<\/label>\n\t\t\t\t\t\t\t\t\t\t\t\t\t\t<input size=\"1\" type=\"text\" name=\"form_fields[f_name]\" id=\"form-field-f_name\" class=\"elementor-field elementor-size-md  elementor-field-textual\">\n\t\t\t\t\t\t\t\t\t\t\t<\/div>\n\t\t\t\t\t\t\t\t<div class=\"elementor-field-type-text elementor-field-group elementor-column elementor-field-group-l_name elementor-col-50\">\n\t\t\t\t\t\t\t\t\t\t\t\t<label for=\"form-field-l_name\" class=\"elementor-field-label\">\n\t\t\t\t\t\t\t\tLast Name\t\t\t\t\t\t\t<\/label>\n\t\t\t\t\t\t\t\t\t\t\t\t\t\t<input size=\"1\" type=\"text\" name=\"form_fields[l_name]\" id=\"form-field-l_name\" class=\"elementor-field elementor-size-md  elementor-field-textual\">\n\t\t\t\t\t\t\t\t\t\t\t<\/div>\n\t\t\t\t\t\t\t\t<div class=\"elementor-field-type-email elementor-field-group elementor-column elementor-field-group-email elementor-col-50 elementor-field-required\">\n\t\t\t\t\t\t\t\t\t\t\t\t<label for=\"form-field-email\" class=\"elementor-field-label\">\n\t\t\t\t\t\t\t\tEmail\t\t\t\t\t\t\t<\/label>\n\t\t\t\t\t\t\t\t\t\t\t\t\t\t<input size=\"1\" type=\"email\" name=\"form_fields[email]\" id=\"form-field-email\" class=\"elementor-field elementor-size-md  elementor-field-textual\" required=\"required\">\n\t\t\t\t\t\t\t\t\t\t\t<\/div>\n\t\t\t\t\t\t\t\t<div class=\"elementor-field-type-tel elementor-field-group elementor-column elementor-field-group-phone elementor-col-50\">\n\t\t\t\t\t\t\t\t\t\t\t\t<label for=\"form-field-phone\" class=\"elementor-field-label\">\n\t\t\t\t\t\t\t\tPhone\t\t\t\t\t\t\t<\/label>\n\t\t\t\t\t\t\t\t<input size=\"1\" type=\"tel\" name=\"form_fields[phone]\" id=\"form-field-phone\" class=\"elementor-field elementor-size-md  elementor-field-textual\" pattern=\"[0-9()#&amp;+*-=.]+\" title=\"Es werden nur Zahlen und Telefonzeichen (#, -, *, etc.) akzeptiert.\">\n\n\t\t\t\t\t\t<\/div>\n\t\t\t\t\t\t\t\t<div class=\"elementor-field-type-select elementor-field-group elementor-column elementor-field-group-subject elementor-col-100\">\n\t\t\t\t\t\t\t\t\t\t\t\t<label for=\"form-field-subject\" class=\"elementor-field-label\">\n\t\t\t\t\t\t\t\tChoose a Topic\t\t\t\t\t\t\t<\/label>\n\t\t\t\t\t\t\t\t<div class=\"elementor-field elementor-select-wrapper remove-before \">\n\t\t\t<div class=\"select-caret-down-wrapper\">\n\t\t\t\t<svg aria-hidden=\"true\" class=\"e-font-icon-svg e-eicon-caret-down\" viewBox=\"0 0 571.4 571.4\" xmlns=\"http:\/\/www.w3.org\/2000\/svg\"><path d=\"M571 393Q571 407 561 418L311 668Q300 679 286 679T261 668L11 418Q0 407 0 393T11 368 36 357H536Q550 357 561 368T571 393Z\"><\/path><\/svg>\t\t\t<\/div>\n\t\t\t<select name=\"form_fields[subject]\" id=\"form-field-subject\" class=\"elementor-field-textual elementor-size-md\">\n\t\t\t\t\t\t\t\t\t<option value=\"Choose a Topic\">Choose a Topic<\/option>\n\t\t\t\t\t\t\t\t\t<option value=\"Returns\/Exchanges\">Returns\/Exchanges<\/option>\n\t\t\t\t\t\t\t\t\t<option value=\"Order &amp; Shipping\">Order &amp; Shipping<\/option>\n\t\t\t\t\t\t\t\t\t<option value=\"Product &amp; Sizing Inquiries\">Product &amp; Sizing Inquiries<\/option>\n\t\t\t\t\t\t\t\t\t<option value=\"General Inquiry\">General Inquiry<\/option>\n\t\t\t\t\t\t\t\t\t<option value=\"Feedback\">Feedback<\/option>\n\t\t\t\t\t\t\t\t\t<option value=\"Technical Issues\">Technical Issues<\/option>\n\t\t\t\t\t\t\t<\/select>\n\t\t<\/div>\n\t\t\t\t\t\t<\/div>\n\t\t\t\t\t\t\t\t<div class=\"elementor-field-type-text elementor-field-group elementor-column elementor-field-group-order_ref elementor-col-100\">\n\t\t\t\t\t\t\t\t\t\t\t\t<label for=\"form-field-order_ref\" class=\"elementor-field-label\">\n\t\t\t\t\t\t\t\tOrder reference\t\t\t\t\t\t\t<\/label>\n\t\t\t\t\t\t\t\t\t\t\t\t\t\t<input size=\"1\" type=\"text\" name=\"form_fields[order_ref]\" id=\"form-field-order_ref\" class=\"elementor-field elementor-size-md  elementor-field-textual\">\n\t\t\t\t\t\t\t\t\t\t\t<\/div>\n\t\t\t\t\t\t\t\t<div class=\"elementor-field-type-upload elementor-field-group elementor-column elementor-field-group-attachment elementor-col-100\">\n\t\t\t\t\t\t\t<input type=\"file\" name=\"form_fields[attachment][]\" id=\"form-field-attachment\" class=\"elementor-field elementor-size-md  elementor-upload-field\" multiple=\"multiple\" data-maxsize=\"5\" data-maxsize-message=\"Diese Datei \u00fcberschreitet die maximal zul\u00e4ssige Gr\u00f6\u00dfe.\">\n\n\t\t\t\t\t\t<\/div>\n\t\t\t\t\t\t\t\t<div class=\"elementor-field-type-html elementor-field-group elementor-column elementor-field-group-field_a33b686 elementor-col-100\">\n\t\t\t\t\tALLOWED FILE (.PNG, .JPG, .PDF)\t\t\t\t<\/div>\n\t\t\t\t\t\t\t\t<div class=\"elementor-field-type-textarea elementor-field-group elementor-column elementor-field-group-message elementor-col-100\">\n\t\t\t\t\t\t\t\t\t\t\t\t<label for=\"form-field-message\" class=\"elementor-field-label\">\n\t\t\t\t\t\t\t\tMessage\t\t\t\t\t\t\t<\/label>\n\t\t\t\t\t\t<textarea class=\"elementor-field-textual elementor-field  elementor-size-md\" name=\"form_fields[message]\" id=\"form-field-message\" rows=\"5\"><\/textarea>\t\t\t\t<\/div>\n\t\t\t\t\t\t\t\t<div class=\"elementor-field-type-recaptcha elementor-field-group elementor-column elementor-field-group-field_6a531d3 elementor-col-100\">\n\t\t\t\t\t<div class=\"elementor-field\" id=\"form-field-field_6a531d3\"><div class=\"elementor-g-recaptcha\" data-sitekey=\"6LdIBDUqAAAAADFCzdYWv-QbGow_IrDdyAijW2DK\" data-type=\"v2_checkbox\" data-theme=\"light\" data-size=\"normal\"><\/div><\/div>\t\t\t\t<\/div>\n\t\t\t\t\t\t\t\t<div class=\"elementor-field-group elementor-column elementor-field-type-submit elementor-col-60 e-form__buttons\">\n\t\t\t\t\t<button class=\"elementor-button elementor-size-sm\" type=\"submit\">\n\t\t\t\t\t\t<span class=\"elementor-button-content-wrapper\">\n\t\t\t\t\t\t\t\t\t\t\t\t\t\t\t\t\t\t\t\t\t\t<span class=\"elementor-button-text\">SEND YOUR MESSAGE<\/span>\n\t\t\t\t\t\t\t\t\t\t\t\t\t<\/span>\n\t\t\t\t\t<\/button>\n\t\t\t\t<\/div>\n\t\t\t<\/div>\n\t\t<\/form>\n\t\t\t\t\t\t<\/div>\n\t\t\t\t<\/div>\n\t\t\t\t<div class=\"elementor-element elementor-element-977030f elementor-widget elementor-widget-html\" data-id=\"977030f\" data-element_type=\"widget\" data-e-type=\"widget\" data-widget_type=\"html.default\">\n\t\t\t\t<div class=\"elementor-widget-container\">\n\t\t\t\t\t    <style>\n        \/*Label Position normal state*\/\n        label:not(.elementor-field-type-checkbox label):not(.elementor-field-type-acceptance label):not(.elementor-field-type-radio label) {\n            position: absolute;\n            left: 1.1rem;\n            top: 0.97rem;\n            color: rgba(51,51,51,.5);\n        }\n\n        \/*Label Position on Focus state*\/\n        label.focused:not(.elementor-field-type-checkbox label):not(.elementor-field-type-acceptance label):not(.elementor-field-type-radio label):not(.elementor-field-type-select label) {\n            top: -.6rem; \/* Change how high the label moves up  *\/\n            background: white; \/* Change background color (label)) *\/\n            padding: 2px 8px;\n            margin: 2px -10px; \/* Change position  (label)) *\/\n            border-radius: 3px;\n            font-size: 12px;  \/* Change font size (label)) *\/\n            transition: all 0.2s ease;\n        }\n\n        \/* Scale the label on focus *\/\n        label.focused:hover:not(.elementor-field-type-checkbox label):not(.elementor-field-type-acceptance label):not(.elementor-field-type-radio label):not(.elementor-field-type-select label) {\n            transform: scale(1.1); \/* Scale on focus *\/\n        }\n\n        \/* Add border color on focus for input and textarea *\/\n        .elementor-field-group .elementor-field-textual:focus {\n            border-color: black;\n            border-width: 1px;\n            border-style: solid;\n        }\n\n        \/*transition*\/\n        .focused, label, input, textarea:focus {\n            transition: all 0.2s ease;\n        }\n    <\/style>\n\n\n    <script>\n        document.addEventListener(\"DOMContentLoaded\", function () {\n            document.body.addEventListener(\"focusin\", function (event) {\n                var target = event.target;\n                if (target.matches(\"input, textarea\")) {\n                    var label = target.closest(\".elementor-field-group\").querySelector(\"label\");\n                    if (label) {\n                        label.classList.add(\"focused\");\n                    }\n                }\n            });\n\n            document.body.addEventListener(\"focusout\", function (event) {\n                var target = event.target;\n                if (target.matches(\"input, textarea\")) {\n                    var label = target.closest(\".elementor-field-group\").querySelector(\"label\");\n                    if (label) {\n                        var inputValue = target.value.trim();\n                        label.classList.toggle(\"focused\", inputValue !== \"\");\n                    }\n                }\n            });\n        });\n    <\/script>\n\n\n\t\t\t\t<\/div>\n\t\t\t\t<\/div>\n\t\t\t\t\t<\/div>\n\t\t\t\t<\/div>\n\t\t\t\t<\/div>\n\t\t","protected":false},"excerpt":{"rendered":"<p>CONTACT ALEYANI Need help? Let\u2019s guide you to the right place. Before filling out the form, check out these quick links \u2013 you might find what you need instantly: Size or Fit Guide \u2013 Find your perfect ALEYANI fit &amp; size Shipping Info \u2013 Delivery times, zones &amp; costs Returns &amp; Exchanges \u2013 How to [&hellip;]<\/p>\n","protected":false},"author":1,"featured_media":0,"parent":0,"menu_order":0,"comment_status":"closed","ping_status":"closed","template":"elementor_header_footer","meta":{"_acf_changed":false,"footnotes":""},"class_list":["post-428","page","type-page","status-publish","hentry"],"acf":[],"_links":{"self":[{"href":"https:\/\/aleyani-swimwear.ch\/de\/wp-json\/wp\/v2\/pages\/428","targetHints":{"allow":["GET"]}}],"collection":[{"href":"https:\/\/aleyani-swimwear.ch\/de\/wp-json\/wp\/v2\/pages"}],"about":[{"href":"https:\/\/aleyani-swimwear.ch\/de\/wp-json\/wp\/v2\/types\/page"}],"author":[{"embeddable":true,"href":"https:\/\/aleyani-swimwear.ch\/de\/wp-json\/wp\/v2\/users\/1"}],"replies":[{"embeddable":true,"href":"https:\/\/aleyani-swimwear.ch\/de\/wp-json\/wp\/v2\/comments?post=428"}],"version-history":[{"count":169,"href":"https:\/\/aleyani-swimwear.ch\/de\/wp-json\/wp\/v2\/pages\/428\/revisions"}],"predecessor-version":[{"id":10575,"href":"https:\/\/aleyani-swimwear.ch\/de\/wp-json\/wp\/v2\/pages\/428\/revisions\/10575"}],"wp:attachment":[{"href":"https:\/\/aleyani-swimwear.ch\/de\/wp-json\/wp\/v2\/media?parent=428"}],"curies":[{"name":"wp","href":"https:\/\/api.w.org\/{rel}","templated":true}]}}