{"id":509,"date":"2024-07-03T03:24:00","date_gmt":"2024-07-03T03:24:00","guid":{"rendered":"https:\/\/aleyani-swimwear.ch\/?page_id=509"},"modified":"2025-07-01T14:40:21","modified_gmt":"2025-07-01T14:40:21","slug":"korperfreundlichkeit","status":"publish","type":"page","link":"https:\/\/aleyani-swimwear.ch\/de\/body-positivity\/","title":{"rendered":"Body Positivity"},"content":{"rendered":"<div data-elementor-type=\"wp-page\" data-elementor-id=\"509\" class=\"elementor elementor-509\" wpc-filter-elementor-widget=\"1\" data-elementor-post-type=\"page\">\n\t\t\t\t<div class=\"elementor-element elementor-element-e77093c elementor-hidden-mobile e-flex e-con-boxed e-con e-parent\" data-id=\"e77093c\" data-element_type=\"container\" data-e-type=\"container\" data-settings=\"{&quot;background_background&quot;:&quot;classic&quot;}\">\n\t\t\t\t\t<div class=\"e-con-inner\">\n\t\t\t\t<div class=\"elementor-element elementor-element-d0d2178 elementor-widget elementor-widget-heading\" data-id=\"d0d2178\" data-element_type=\"widget\" data-e-type=\"widget\" data-widget_type=\"heading.default\">\n\t\t\t\t<div class=\"elementor-widget-container\">\n\t\t\t\t\t<h3 class=\"elementor-heading-title elementor-size-default\">UNSERE MESSAGE<\/h3>\t\t\t\t<\/div>\n\t\t\t\t<\/div>\n\t\t\t\t<div class=\"elementor-element elementor-element-640406a elementor-widget elementor-widget-heading\" data-id=\"640406a\" data-element_type=\"widget\" data-e-type=\"widget\" data-widget_type=\"heading.default\">\n\t\t\t\t<div class=\"elementor-widget-container\">\n\t\t\t\t\t<h1 class=\"elementor-heading-title elementor-size-default\">BODY POSITIVITY BADEMODE <\/h1>\t\t\t\t<\/div>\n\t\t\t\t<\/div>\n\t\t\t\t<div class=\"elementor-element elementor-element-e78abcb elementor-hidden-mobile elementor-widget elementor-widget-text-editor\" data-id=\"e78abcb\" data-element_type=\"widget\" data-e-type=\"widget\" data-widget_type=\"text-editor.default\">\n\t\t\t\t<div class=\"elementor-widget-container\">\n\t\t\t\t\t\t\t\t\t<p>Ein positives K\u00f6rpergef\u00fchl ist die Basis f\u00fcr echtes Selbstvertrauen. Bei ALEYANI feiern wir die nat\u00fcrliche Vielfalt von Frauenk\u00f6rpern \u2013 keine veralteten Sch\u00f6nheitsideale. Unsere liebevoll designte Bademode passt sich verschiedenen K\u00f6rperformen, Brustgr\u00f6\u00dfen und Styles an \u2013 damit du dich frei, sch\u00f6n und einfach du selbst f\u00fchlen kannst. Ob sportlich, kurvig oder zierlich \u2013 unsere Bikinis unterst\u00fctzen dich dabei, dich wohlzuf\u00fchlen und dich selbst zu akzeptieren.<\/p>\t\t\t\t\t\t\t\t<\/div>\n\t\t\t\t<\/div>\n\t\t\t\t\t<\/div>\n\t\t\t\t<\/div>\n\t\t<div class=\"elementor-element elementor-element-9cc3b09 elementor-hidden-desktop elementor-hidden-tablet e-flex e-con-boxed e-con e-parent\" data-id=\"9cc3b09\" data-element_type=\"container\" data-e-type=\"container\" data-settings=\"{&quot;background_background&quot;:&quot;classic&quot;}\">\n\t\t\t\t\t<div class=\"e-con-inner\">\n\t\t\t\t<div class=\"elementor-element elementor-element-23f6e4b elementor-widget elementor-widget-heading\" data-id=\"23f6e4b\" data-element_type=\"widget\" data-e-type=\"widget\" data-widget_type=\"heading.default\">\n\t\t\t\t<div class=\"elementor-widget-container\">\n\t\t\t\t\t<h3 class=\"elementor-heading-title elementor-size-default\">UNSERE MESSAGE<\/h3>\t\t\t\t<\/div>\n\t\t\t\t<\/div>\n\t\t\t\t<div class=\"elementor-element elementor-element-29a6832 elementor-widget elementor-widget-heading\" data-id=\"29a6832\" data-element_type=\"widget\" data-e-type=\"widget\" data-widget_type=\"heading.default\">\n\t\t\t\t<div class=\"elementor-widget-container\">\n\t\t\t\t\t<h1 class=\"elementor-heading-title elementor-size-default\">BODY POSITIVITY BADEMODE<\/h1>\t\t\t\t<\/div>\n\t\t\t\t<\/div>\n\t\t\t\t<div class=\"elementor-element elementor-element-4947f48 elementor-widget elementor-widget-text-editor\" data-id=\"4947f48\" data-element_type=\"widget\" data-e-type=\"widget\" data-widget_type=\"text-editor.default\">\n\t\t\t\t<div class=\"elementor-widget-container\">\n\t\t\t\t\t\t\t\t\t<p>Ein positives K\u00f6rpergef\u00fchl ist die Basis f\u00fcr echtes Selbstvertrauen. Bei ALEYANI feiern wir die nat\u00fcrliche Vielfalt von Frauenk\u00f6rpern \u2013 keine veralteten Sch\u00f6nheitsideale. Unsere liebevoll designte Bademode passt sich verschiedenen K\u00f6rperformen, Brustgr\u00f6\u00dfen und Styles an \u2013 damit du dich frei, sch\u00f6n und einfach du selbst f\u00fchlen kannst. Ob sportlich, kurvig oder zierlich \u2013 unsere Bikinis unterst\u00fctzen dich dabei, dich wohlzuf\u00fchlen und dich selbst zu akzeptieren.<\/p>\t\t\t\t\t\t\t\t<\/div>\n\t\t\t\t<\/div>\n\t\t\t\t<div class=\"elementor-element elementor-element-9426676 elementor-widget elementor-widget-image\" data-id=\"9426676\" data-element_type=\"widget\" data-e-type=\"widget\" data-widget_type=\"image.default\">\n\t\t\t\t<div class=\"elementor-widget-container\">\n\t\t\t\t\t\t\t\t\t\t\t\t\t\t\t<img decoding=\"async\" src=\"https:\/\/aleyani-swimwear.ch\/wp-content\/uploads\/elementor\/thumbs\/DSC2555-qtk5ysiee9joxn7bwdqxz31t7y1fpk8kkoe7jp3zgg.jpg\" title=\"Body-Positivity_Frauen in Bademode\" alt=\"Zwei Frauen mit einem gesunden K\u00f6rperbild in Body Positivity Bademode von ALEYANI\" loading=\"lazy\" \/>\t\t\t\t\t\t\t\t\t\t\t\t\t\t\t<\/div>\n\t\t\t\t<\/div>\n\t\t\t\t<div class=\"elementor-element elementor-element-7d433bf elementor-widget elementor-widget-html\" data-id=\"7d433bf\" data-element_type=\"widget\" data-e-type=\"widget\" data-widget_type=\"html.default\">\n\t\t\t\t<div class=\"elementor-widget-container\">\n\t\t\t\t\t<style>\n@media(max-width: 767px) {\n.elementor-sticky svg, .wp-image-81 {\n    filter: invert(100%);\n}\n.elementor-sticky.elementor-sticky--active svg {\n    filter: none !important;\n}\n}\n<\/style>\t\t\t\t<\/div>\n\t\t\t\t<\/div>\n\t\t\t\t\t<\/div>\n\t\t\t\t<\/div>\n\t\t<div class=\"elementor-element elementor-element-72f64805 e-flex e-con-boxed e-con e-parent\" data-id=\"72f64805\" data-element_type=\"container\" data-e-type=\"container\" data-settings=\"{&quot;background_background&quot;:&quot;classic&quot;}\">\n\t\t\t\t\t<div class=\"e-con-inner\">\n\t\t<div class=\"elementor-element elementor-element-3d18a8d1 e-con-full e-flex e-con e-child\" data-id=\"3d18a8d1\" data-element_type=\"container\" data-e-type=\"container\">\n\t\t\t\t<div class=\"elementor-element elementor-element-5a099342 elementor-widget elementor-widget-image\" data-id=\"5a099342\" data-element_type=\"widget\" data-e-type=\"widget\" data-widget_type=\"image.default\">\n\t\t\t\t<div class=\"elementor-widget-container\">\n\t\t\t\t\t\t\t\t\t\t\t\t\t\t\t<img fetchpriority=\"high\" decoding=\"async\" width=\"563\" height=\"600\" src=\"https:\/\/aleyani-swimwear.ch\/wp-content\/uploads\/2024\/08\/Women-with-healthy-body-image.jpg\" class=\"attachment-full size-full wp-image-3133\" alt=\"Echte Frau in Body-Positivity-Bademode von ALEYANI - selbstbewusstes und nat\u00fcrliches Aussehen.\" srcset=\"https:\/\/aleyani-swimwear.ch\/wp-content\/uploads\/2024\/08\/Women-with-healthy-body-image.jpg 563w, https:\/\/aleyani-swimwear.ch\/wp-content\/uploads\/2024\/08\/Women-with-healthy-body-image-282x300.jpg 282w\" sizes=\"(max-width: 563px) 100vw, 563px\" \/>\t\t\t\t\t\t\t\t\t\t\t\t\t\t\t<\/div>\n\t\t\t\t<\/div>\n\t\t\t\t<\/div>\n\t\t<div class=\"elementor-element elementor-element-4ce7aea7 e-con-full e-flex e-con e-child\" data-id=\"4ce7aea7\" data-element_type=\"container\" data-e-type=\"container\">\n\t\t\t\t<div class=\"elementor-element elementor-element-bb72403 elementor-widget elementor-widget-heading\" data-id=\"bb72403\" data-element_type=\"widget\" data-e-type=\"widget\" data-widget_type=\"heading.default\">\n\t\t\t\t<div class=\"elementor-widget-container\">\n\t\t\t\t\t<h5 class=\"elementor-heading-title elementor-size-default\">UNSER VERSPRECHEN<\/h5>\t\t\t\t<\/div>\n\t\t\t\t<\/div>\n\t\t\t\t<div class=\"elementor-element elementor-element-2e1cafee elementor-widget elementor-widget-heading\" data-id=\"2e1cafee\" data-element_type=\"widget\" data-e-type=\"widget\" data-widget_type=\"heading.default\">\n\t\t\t\t<div class=\"elementor-widget-container\">\n\t\t\t\t\t<h2 class=\"elementor-heading-title elementor-size-default\">F\u00dcR EIN GESUNDES K\u00d6RPERBILD<br>\n\u2013 DURCH BADEMODE<\/h2>\t\t\t\t<\/div>\n\t\t\t\t<\/div>\n\t\t\t\t<div class=\"elementor-element elementor-element-5aef1c87 elementor-widget elementor-widget-text-editor\" data-id=\"5aef1c87\" data-element_type=\"widget\" data-e-type=\"widget\" data-widget_type=\"text-editor.default\">\n\t\t\t\t<div class=\"elementor-widget-container\">\n\t\t\t\t\t\t\t\t\t<p>Wir bei ALEYANI setzen uns daf\u00fcr ein, dass mehr echte Frauen in der Mode sichtbar werden. Wir glauben: Ein gesundes K\u00f6rperbild beginnt mit echter Repr\u00e4sentation \u2013 mit echten K\u00f6rpern, echten Geschichten, echtem Selbstbewusstsein.<\/p><p>Als unabh\u00e4ngiges Label hinterfragen wir unrealistische Sch\u00f6nheitsideale und zeigen lieber nat\u00fcrliche Kurven, Ecken und Kanten. Mit durchdachtem Design m\u00f6chten wir mehr Ehrlichkeit, mehr Komfort und mehr Selbstliebe in die Bademode bringen.<\/p><p>Hol dir unseren\u00a0<a id=\"BodyPositivity\" href=\"#BodyPositivity\">Guide f\u00fcr ein ges\u00fcnderes K\u00f6rperbild<\/a> \u2013 f\u00fcr mehr Vertrauen und weniger Vergleiche.<\/p><p>\u00a0<\/p>\t\t\t\t\t\t\t\t<\/div>\n\t\t\t\t<\/div>\n\t\t\t\t<\/div>\n\t\t\t\t\t<\/div>\n\t\t\t\t<\/div>\n\t\t<div class=\"elementor-element elementor-element-2b0fd520 e-flex e-con-boxed e-con e-parent\" data-id=\"2b0fd520\" data-element_type=\"container\" data-e-type=\"container\" data-settings=\"{&quot;background_background&quot;:&quot;classic&quot;}\">\n\t\t\t\t\t<div class=\"e-con-inner\">\n\t\t<div class=\"elementor-element elementor-element-3448e9d6 e-con-full e-flex e-con e-child\" data-id=\"3448e9d6\" data-element_type=\"container\" data-e-type=\"container\">\n\t\t\t\t<div class=\"elementor-element elementor-element-60771615 elementor-widget elementor-widget-heading\" data-id=\"60771615\" data-element_type=\"widget\" data-e-type=\"widget\" data-widget_type=\"heading.default\">\n\t\t\t\t<div class=\"elementor-widget-container\">\n\t\t\t\t\t<h5 class=\"elementor-heading-title elementor-size-default\">UNSERE MODELS<\/h5>\t\t\t\t<\/div>\n\t\t\t\t<\/div>\n\t\t\t\t<div class=\"elementor-element elementor-element-e406988 elementor-widget elementor-widget-heading\" data-id=\"e406988\" data-element_type=\"widget\" data-e-type=\"widget\" data-widget_type=\"heading.default\">\n\t\t\t\t<div class=\"elementor-widget-container\">\n\t\t\t\t\t<h2 class=\"elementor-heading-title elementor-size-default\">AUTHENTISCHE FRAUEN<\/h2>\t\t\t\t<\/div>\n\t\t\t\t<\/div>\n\t\t\t\t<div class=\"elementor-element elementor-element-26745b0e elementor-widget elementor-widget-text-editor\" data-id=\"26745b0e\" data-element_type=\"widget\" data-e-type=\"widget\" data-widget_type=\"text-editor.default\">\n\t\t\t\t<div class=\"elementor-widget-container\">\n\t\t\t\t\t\t\t\t\t<p>Unsere Body-Positivity-Botschaft beginnt bei unseren Models \u2013 Frauen wie du und ich. Keine Profis vor der Kamera, sondern echte Pers\u00f6nlichkeiten, die zeigen, wie sch\u00f6n Vielfalt ist.<\/p><p>Ob unterschiedliche K\u00f6rper, Altersgruppen oder Backgrounds \u2013 wir wollen, dass du dich wiedererkennst. Wir glauben an Authentizit\u00e4t \u2013 und zeigen unsere Bademode so, wie sie ist: ohne \u00fcberm\u00e4\u00dfige Retusche. Denn echtes Selbstvertrauen braucht keine Filter.<\/p><p>Erfahre mehr <a href=\"https:\/\/aleyani-swimwear.ch\/de\/uber-uns\/\"><span style=\"text-decoration: underline;\">\u00fcber ALEYANI<\/span><\/a>'s Mission und Motivation.<\/p>\t\t\t\t\t\t\t\t<\/div>\n\t\t\t\t<\/div>\n\t\t\t\t<\/div>\n\t\t<div class=\"elementor-element elementor-element-13e21441 e-con-full e-flex e-con e-child\" data-id=\"13e21441\" data-element_type=\"container\" data-e-type=\"container\">\n\t\t\t\t<div class=\"elementor-element elementor-element-122ec9aa elementor-widget elementor-widget-image\" data-id=\"122ec9aa\" data-element_type=\"widget\" data-e-type=\"widget\" data-widget_type=\"image.default\">\n\t\t\t\t<div class=\"elementor-widget-container\">\n\t\t\t\t\t\t\t\t\t\t\t\t\t\t\t<img decoding=\"async\" width=\"563\" height=\"600\" src=\"https:\/\/aleyani-swimwear.ch\/wp-content\/uploads\/2024\/08\/Authentic-Women_Body-Positivity.jpg\" class=\"attachment-full size-full wp-image-3132\" alt=\"R\u00fcckenansicht der inklusiven Bademode f\u00fcr alle K\u00f6rpertypen - ALEYANI Kollektion\" srcset=\"https:\/\/aleyani-swimwear.ch\/wp-content\/uploads\/2024\/08\/Authentic-Women_Body-Positivity.jpg 563w, https:\/\/aleyani-swimwear.ch\/wp-content\/uploads\/2024\/08\/Authentic-Women_Body-Positivity-282x300.jpg 282w\" sizes=\"(max-width: 563px) 100vw, 563px\" \/>\t\t\t\t\t\t\t\t\t\t\t\t\t\t\t<\/div>\n\t\t\t\t<\/div>\n\t\t\t\t<\/div>\n\t\t\t\t\t<\/div>\n\t\t\t\t<\/div>\n\t\t<div class=\"elementor-element elementor-element-16b722c8 e-flex e-con-boxed e-con e-parent\" data-id=\"16b722c8\" data-element_type=\"container\" data-e-type=\"container\" data-settings=\"{&quot;background_background&quot;:&quot;classic&quot;}\">\n\t\t\t\t\t<div class=\"e-con-inner\">\n\t\t<div class=\"elementor-element elementor-element-2020dc1a e-con-full e-flex e-con e-child\" data-id=\"2020dc1a\" data-element_type=\"container\" data-e-type=\"container\">\n\t\t\t\t<div class=\"elementor-element elementor-element-15e2a28e elementor-widget elementor-widget-image\" data-id=\"15e2a28e\" data-element_type=\"widget\" data-e-type=\"widget\" data-widget_type=\"image.default\">\n\t\t\t\t<div class=\"elementor-widget-container\">\n\t\t\t\t\t\t\t\t\t\t\t\t\t\t\t<img decoding=\"async\" width=\"2402\" height=\"2560\" src=\"https:\/\/aleyani-swimwear.ch\/wp-content\/uploads\/2025\/02\/Flattering-and-Sustainable-Bikinis-for-women-with-different-body-shapes.-1-4-scaled.jpg\" class=\"attachment-full size-full wp-image-7307\" alt=\"Eine Gruppe unterschiedlicher Frauen in Bademode von ALEYANI - ein Zeichen f\u00fcr K\u00f6rperbewusstsein und Individualit\u00e4t\" srcset=\"https:\/\/aleyani-swimwear.ch\/wp-content\/uploads\/2025\/02\/Flattering-and-Sustainable-Bikinis-for-women-with-different-body-shapes.-1-4-scaled.jpg 2402w, https:\/\/aleyani-swimwear.ch\/wp-content\/uploads\/2025\/02\/Flattering-and-Sustainable-Bikinis-for-women-with-different-body-shapes.-1-4-281x300.jpg 281w, https:\/\/aleyani-swimwear.ch\/wp-content\/uploads\/2025\/02\/Flattering-and-Sustainable-Bikinis-for-women-with-different-body-shapes.-1-4-961x1024.jpg 961w, https:\/\/aleyani-swimwear.ch\/wp-content\/uploads\/2025\/02\/Flattering-and-Sustainable-Bikinis-for-women-with-different-body-shapes.-1-4-768x819.jpg 768w, https:\/\/aleyani-swimwear.ch\/wp-content\/uploads\/2025\/02\/Flattering-and-Sustainable-Bikinis-for-women-with-different-body-shapes.-1-4-1441x1536.jpg 1441w, https:\/\/aleyani-swimwear.ch\/wp-content\/uploads\/2025\/02\/Flattering-and-Sustainable-Bikinis-for-women-with-different-body-shapes.-1-4-1922x2048.jpg 1922w, https:\/\/aleyani-swimwear.ch\/wp-content\/uploads\/2025\/02\/Flattering-and-Sustainable-Bikinis-for-women-with-different-body-shapes.-1-4-600x639.jpg 600w\" sizes=\"(max-width: 2402px) 100vw, 2402px\" \/>\t\t\t\t\t\t\t\t\t\t\t\t\t\t\t<\/div>\n\t\t\t\t<\/div>\n\t\t\t\t<\/div>\n\t\t<div class=\"elementor-element elementor-element-7f1ab82e e-con-full e-flex e-con e-child\" data-id=\"7f1ab82e\" data-element_type=\"container\" data-e-type=\"container\">\n\t\t\t\t<div class=\"elementor-element elementor-element-657988d elementor-widget elementor-widget-heading\" data-id=\"657988d\" data-element_type=\"widget\" data-e-type=\"widget\" data-widget_type=\"heading.default\">\n\t\t\t\t<div class=\"elementor-widget-container\">\n\t\t\t\t\t<h5 class=\"elementor-heading-title elementor-size-default\">UNSERE DESIGNS<\/h5>\t\t\t\t<\/div>\n\t\t\t\t<\/div>\n\t\t\t\t<div class=\"elementor-element elementor-element-47f2db7 elementor-widget elementor-widget-heading\" data-id=\"47f2db7\" data-element_type=\"widget\" data-e-type=\"widget\" data-widget_type=\"heading.default\">\n\t\t\t\t<div class=\"elementor-widget-container\">\n\t\t\t\t\t<h2 class=\"elementor-heading-title elementor-size-default\">UNSERE INKLUSIVE KOLLEKTION<\/h2>\t\t\t\t<\/div>\n\t\t\t\t<\/div>\n\t\t\t\t<div class=\"elementor-element elementor-element-70e0bb07 elementor-widget elementor-widget-text-editor\" data-id=\"70e0bb07\" data-element_type=\"widget\" data-e-type=\"widget\" data-widget_type=\"text-editor.default\">\n\t\t\t\t<div class=\"elementor-widget-container\">\n\t\t\t\t\t\t\t\t\t<p>Unsere Bademode ist so entworfen, dass sie sich deinem K\u00f6rper anpasst \u2013 ganz egal, welche Form oder K\u00f6rbchengr\u00f6sse du hast. Gemeinsam mit unserer Community entstehen Designs, die nicht nur gut aussehen, sondern sich auch gut anf\u00fchlen.<\/p><p>Das Ergebnis? Eine Kollektion, die echte Frauen feiert \u2013 von zierlich bis sportlich, von klein bis gross. F\u00fcr ein gutes Gef\u00fchl und einen Look, der zu dir passt.<\/p><p>Entdecke <a href=\"https:\/\/aleyani-swimwear.ch\/de\/shop\/\">unsere Kollektion<\/a>und finde mit unserem\u00a0<a href=\"https:\/\/aleyani-swimwear.ch\/de\/passform-anleitung\/\">Fit Guide<\/a> deinen perfekten Style.\u00a0<\/p>\t\t\t\t\t\t\t\t<\/div>\n\t\t\t\t<\/div>\n\t\t\t\t<\/div>\n\t\t\t\t\t<\/div>\n\t\t\t\t<\/div>\n\t\t<div class=\"elementor-element elementor-element-2f2c6f33 e-flex e-con-boxed e-con e-parent\" data-id=\"2f2c6f33\" data-element_type=\"container\" data-e-type=\"container\" data-settings=\"{&quot;background_background&quot;:&quot;classic&quot;}\">\n\t\t\t\t\t<div class=\"e-con-inner\">\n\t\t<div class=\"elementor-element elementor-element-6b4e28ea e-con-full e-flex e-con e-child\" data-id=\"6b4e28ea\" data-element_type=\"container\" data-e-type=\"container\">\n\t\t\t\t<div class=\"elementor-element elementor-element-8cfcaed elementor-widget elementor-widget-heading\" data-id=\"8cfcaed\" data-element_type=\"widget\" data-e-type=\"widget\" data-widget_type=\"heading.default\">\n\t\t\t\t<div class=\"elementor-widget-container\">\n\t\t\t\t\t<h5 class=\"elementor-heading-title elementor-size-default\">DIE BEWEGUNG<\/h5>\t\t\t\t<\/div>\n\t\t\t\t<\/div>\n\t\t\t\t<div class=\"elementor-element elementor-element-9a86d0f elementor-widget elementor-widget-heading\" data-id=\"9a86d0f\" data-element_type=\"widget\" data-e-type=\"widget\" data-widget_type=\"heading.default\">\n\t\t\t\t<div class=\"elementor-widget-container\">\n\t\t\t\t\t<h2 class=\"elementor-heading-title elementor-size-default\">#ALEYANIREBELS<\/h2>\t\t\t\t<\/div>\n\t\t\t\t<\/div>\n\t\t\t\t<div class=\"elementor-element elementor-element-cbd0dd elementor-widget elementor-widget-text-editor\" data-id=\"cbd0dd\" data-element_type=\"widget\" data-e-type=\"widget\" data-widget_type=\"text-editor.default\">\n\t\t\t\t<div class=\"elementor-widget-container\">\n\t\t\t\t\t\t\t\t\t<p>Wir feiern Frauen, die ihren eigenen Weg gehen und sich nicht verbiegen. Unsere <a href=\"https:\/\/www.instagram.com\/aleyani_swim\" target=\"_blank\" rel=\"noopener\">#ALEYANIRebels <\/a>sind laut, selbstbewusst und zeigen, dass Body Positivity nicht nur ein Trend ist \u2013 sondern eine Haltung.<\/p><p>Sie inspirieren mit Mut, Energie und dem Willen, g\u00e4ngige Sch\u00f6nheitsideale hinter sich zu lassen. Ob du sportlich, kurvig oder zierlich bist \u2013 jede Form ist richtig, jede Stimme z\u00e4hlt.<\/p><p>Mach mit. Zeig dich, wie du bist. Und trag das, worin du dich stark f\u00fchlst.<\/p>\t\t\t\t\t\t\t\t<\/div>\n\t\t\t\t<\/div>\n\t\t\t\t<\/div>\n\t\t<div class=\"elementor-element elementor-element-a2086d1 e-con-full elementor-hidden-tablet elementor-hidden-mobile e-flex e-con e-child\" data-id=\"a2086d1\" data-element_type=\"container\" data-e-type=\"container\">\n\t\t\t\t<div class=\"elementor-element elementor-element-59705853 elementor-widget elementor-widget-image\" data-id=\"59705853\" data-element_type=\"widget\" data-e-type=\"widget\" data-widget_type=\"image.default\">\n\t\t\t\t<div class=\"elementor-widget-container\">\n\t\t\t\t\t\t\t\t\t\t\t\t\t\t\t<img loading=\"lazy\" decoding=\"async\" width=\"800\" height=\"751\" src=\"https:\/\/aleyani-swimwear.ch\/wp-content\/uploads\/2024\/08\/DSC1313-1024x961.jpg\" class=\"attachment-large size-large wp-image-3152\" alt=\"Authentischer Moment einer selbstbewussten Frau in k\u00f6rperbetonter Bademode von ALEYANI\" srcset=\"https:\/\/aleyani-swimwear.ch\/wp-content\/uploads\/2024\/08\/DSC1313-1024x961.jpg 1024w, https:\/\/aleyani-swimwear.ch\/wp-content\/uploads\/2024\/08\/DSC1313-300x281.jpg 300w, https:\/\/aleyani-swimwear.ch\/wp-content\/uploads\/2024\/08\/DSC1313-768x721.jpg 768w, https:\/\/aleyani-swimwear.ch\/wp-content\/uploads\/2024\/08\/DSC1313-1536x1441.jpg 1536w, https:\/\/aleyani-swimwear.ch\/wp-content\/uploads\/2024\/08\/DSC1313-2048x1922.jpg 2048w, https:\/\/aleyani-swimwear.ch\/wp-content\/uploads\/2024\/08\/DSC1313-600x563.jpg 600w\" sizes=\"(max-width: 800px) 100vw, 800px\" \/>\t\t\t\t\t\t\t\t\t\t\t\t\t\t\t<\/div>\n\t\t\t\t<\/div>\n\t\t\t\t<\/div>\n\t\t\t\t\t<\/div>\n\t\t\t\t<\/div>\n\t\t<div class=\"elementor-element elementor-element-39a4d1bd e-flex e-con-boxed e-con e-parent\" data-id=\"39a4d1bd\" data-element_type=\"container\" data-e-type=\"container\" data-settings=\"{&quot;background_background&quot;:&quot;classic&quot;}\">\n\t\t\t\t\t<div class=\"e-con-inner\">\n\t\t\t\t<div class=\"elementor-element elementor-element-6d70bfaa elementor-widget elementor-widget-heading\" data-id=\"6d70bfaa\" data-element_type=\"widget\" data-e-type=\"widget\" data-widget_type=\"heading.default\">\n\t\t\t\t<div class=\"elementor-widget-container\">\n\t\t\t\t\t<h2 class=\"elementor-heading-title elementor-size-default\">FINDE DEINE PERFEKTE PASSFORM!<\/h2>\t\t\t\t<\/div>\n\t\t\t\t<\/div>\n\t\t\t\t<div class=\"elementor-element elementor-element-78f99f09 elementor-widget elementor-widget-heading\" data-id=\"78f99f09\" data-element_type=\"widget\" data-e-type=\"widget\" data-widget_type=\"heading.default\">\n\t\t\t\t<div class=\"elementor-widget-container\">\n\t\t\t\t\t<div class=\"elementor-heading-title elementor-size-default\">Entdecke unsere Body Positivity Bademode, die f\u00fcr Frauen wie du und ich entworfen wurde.<\/div>\t\t\t\t<\/div>\n\t\t\t\t<\/div>\n\t\t\t\t<div class=\"elementor-element elementor-element-2436e9 elementor-widget elementor-widget-button\" data-id=\"2436e9\" data-element_type=\"widget\" data-e-type=\"widget\" data-widget_type=\"button.default\">\n\t\t\t\t<div class=\"elementor-widget-container\">\n\t\t\t\t\t\t\t\t\t<div class=\"elementor-button-wrapper\">\n\t\t\t\t\t<a class=\"elementor-button elementor-button-link elementor-size-sm\" href=\"https:\/\/aleyani-swimwear.ch\/de\/shop\/\">\n\t\t\t\t\t\t<span class=\"elementor-button-content-wrapper\">\n\t\t\t\t\t\t\t\t\t<span class=\"elementor-button-text\">ALLE BIKINIS ENTDECKEN<\/span>\n\t\t\t\t\t<\/span>\n\t\t\t\t\t<\/a>\n\t\t\t\t<\/div>\n\t\t\t\t\t\t\t\t<\/div>\n\t\t\t\t<\/div>\n\t\t\t\t\t<\/div>\n\t\t\t\t<\/div>\n\t\t\t\t<\/div>","protected":false},"excerpt":{"rendered":"<p>OUR MESSAGE BODY POSITIVITY SWIMWEAR A positive body image is the foundation of true confidence. At ALEYANI, we celebrate the natural diversity of women\u2019s bodies \u2014 not outdated beauty ideals. Our thoughtfully designed swimwear fits different body types, bust sizes and styles, so every woman can feel strong, free and beautiful in her own skin. [&hellip;]<\/p>\n","protected":false},"author":1,"featured_media":0,"parent":0,"menu_order":0,"comment_status":"closed","ping_status":"closed","template":"elementor_header_footer","meta":{"_acf_changed":false,"footnotes":""},"class_list":["post-509","page","type-page","status-publish","hentry"],"acf":[],"_links":{"self":[{"href":"https:\/\/aleyani-swimwear.ch\/de\/wp-json\/wp\/v2\/pages\/509","targetHints":{"allow":["GET"]}}],"collection":[{"href":"https:\/\/aleyani-swimwear.ch\/de\/wp-json\/wp\/v2\/pages"}],"about":[{"href":"https:\/\/aleyani-swimwear.ch\/de\/wp-json\/wp\/v2\/types\/page"}],"author":[{"embeddable":true,"href":"https:\/\/aleyani-swimwear.ch\/de\/wp-json\/wp\/v2\/users\/1"}],"replies":[{"embeddable":true,"href":"https:\/\/aleyani-swimwear.ch\/de\/wp-json\/wp\/v2\/comments?post=509"}],"version-history":[{"count":193,"href":"https:\/\/aleyani-swimwear.ch\/de\/wp-json\/wp\/v2\/pages\/509\/revisions"}],"predecessor-version":[{"id":10764,"href":"https:\/\/aleyani-swimwear.ch\/de\/wp-json\/wp\/v2\/pages\/509\/revisions\/10764"}],"wp:attachment":[{"href":"https:\/\/aleyani-swimwear.ch\/de\/wp-json\/wp\/v2\/media?parent=509"}],"curies":[{"name":"wp","href":"https:\/\/api.w.org\/{rel}","templated":true}]}}