{"id":2107,"date":"2024-08-02T04:38:23","date_gmt":"2024-08-02T04:38:23","guid":{"rendered":"https:\/\/aleyani-swimwear.ch\/?post_type=product&#038;p=2107"},"modified":"2025-08-15T09:30:35","modified_gmt":"2025-08-15T09:30:35","slug":"bralette-bikinioberteil-brasilia","status":"publish","type":"product","link":"https:\/\/aleyani-swimwear.ch\/de\/bralette-bikini-top-brasilia\/","title":{"rendered":"BRAS\u00cdLIA BRALETTE BIKINIOBERTEIL - Schwarz"},"content":{"rendered":"<h2>SUPPORTIVE BRALETTE BIKINI TOP F\u00dcR GROSSE CUPS<\/h2>\n<p>Das unterst\u00fctzende Bralette-Bikinioberteil f\u00fcr in Schwarz wurde f\u00fcr Frauen entworfen, die zus\u00e4tzliche Unterst\u00fctzung brauchen, ohne auf Stil zu verzichten. Dieses elegante Bikinitop verbindet eine sichere Passform mit einem zeitlosen Look und sorgt f\u00fcr Selbstvertrauen und Komfort. Egal, ob du dich sonnst, schwimmst oder einen tropischen Urlaub geniesst, dieses st\u00fctzende Bralette-Bikinioberteil f\u00fcr grosse Oberweite bietet die perfekte Passform f\u00fcr den ganzen Tag.<\/p>\n<h3>UN\u00dcBERTROFFENE UNTERST\u00dcTZUNG &amp; INDIVIDUELLE PASSFORM<\/h3>\n<ul>\n<li>Die extrabreiten Tr\u00e4ger verteilen das Gewicht gleichm\u00e4ssig und bieten aussergew\u00f6hnlichen Halt, ohne zu beschweren.<\/li>\n<li>Verstellbare Tr\u00e4ger und ein verst\u00e4rktes Unterbrustband sorgen f\u00fcr einen sicheren, festen Sitz, der sich deinem K\u00f6rper anpasst.<\/li>\n<li>Der tiefe V-Ausschnitt bietet einen nat\u00fcrlichen Push-up-Effekt und sorgt f\u00fcr eine gestraffte und geformte Silhouette.<\/li>\n<\/ul>\n<h3>ENTWORFEN F\u00dcR MITTLERE BIS GROSSE OBERWEITEN - SCHMEICHELHAFT &amp; FUNKTIONAL<\/h3>\n<ul>\n<li>Speziell als st\u00fctzendes Bralette-Bikinioberteil f\u00fcr gr\u00f6ssere Oberweiten entwickelt, das strukturierten Halt ohne B\u00fcgel bietet.<\/li>\n<li>Die herausnehmbaren Pads sorgen f\u00fcr eine individuelle Formgebung und Abdeckung, die sich deinen individuellen Bed\u00fcrfnissen anpasst.<\/li>\n<li>Das doppellagige Design sorgt f\u00fcr nahtlosen Halt und h\u00e4lt die Passform atmungsaktiv und leicht.<\/li>\n<\/ul>\n<h3>PREMIUM-STOFF F\u00dcR LANGLEBIGKEIT UND ZEITLOSE ATTRAKTIVIT\u00c4T<\/h3>\n<ul>\n<li>Das ultraweiche, hochelastische Material schmiegt sich wunderbar an den K\u00f6rper an und f\u00fchlt sich somit an wie eine zweite Haut.<\/li>\n<li>Aus recyceltem Material und UV-best\u00e4ndig, damit Farbe und Form lange erhalten bleiben.<\/li>\n<li>Goldfarbene Ringakzente unterstreichen die raffinierte \u00c4sthetik dieses Bikinitops.<\/li>\n<\/ul>\n<p>Egal, ob du nach einem sicheren Sitz f\u00fcr gr\u00f6ssere Oberweiten, einem eleganten und stilvollen Bikinioberteil oder einem Bademode-Essential suchst, das allen K\u00f6rpertypen schmeichelt, dieses st\u00fctzende Bralette-Bikinioberteil ist die perfekte Mischung aus Eleganz, Selbstbewusstsein und lang anhaltendem Komfort.<\/p>","protected":false},"excerpt":{"rendered":"<p>SUPPORTIVE BRALETTE BIKINI TOP \u2013 Sculpted Fit &amp; All-Day Comfort The supportive bralette bikini top for larger bust in Black is designed for women who need extra support without compromising on style. This elegant and functional swimwear piece blends a secure fit with a timeless look, ensuring confidence and comfort. Whether you\u2019re sunbathing, swimming, or [&hellip;]<\/p>\n","protected":false},"featured_media":6809,"comment_status":"open","ping_status":"closed","template":"","meta":{"_acf_changed":false},"product_brand":[],"product_cat":[205,20,204,30,380,202,391,402,401,398,389,385,404,393,392,383,388,390,387,400],"product_tag":[120,97,118,116,121,115,126,123,122,124,127,119,125,117,128],"class_list":{"0":"post-2107","1":"product","2":"type-product","3":"status-publish","4":"has-post-thumbnail","6":"product_cat-large-bust-bikinis","7":"product_cat-bikini-tops","8":"product_cat-black-bikinis","9":"product_cat-bralette-bikinis","10":"product_cat-collections","11":"product_cat-push-up-bikinis","12":"product_cat-wizard-do-not-delete","13":"product_cat-wizard-body-type-inverted-triangle","14":"product_cat-wizard-body-type-oval","15":"product_cat-wizard-body-type-triangle","16":"product_cat-wizard-classic-elegant","17":"product_cat-wizard-dark-colors","18":"product_cat-wizard-fall-back","19":"product_cat-wizard-padding","20":"product_cat-wizard-push-up-effect","21":"product_cat-wizard-sexy-seductive","22":"product_cat-wizard-sporty","23":"product_cat-wizard-support","24":"product_cat-wizard-sustainable-bikinis","25":"product_cat-wizard-body-type-rectangle","26":"product_tag-adjustable-bikini-top","27":"product_tag-bikini-for-large-bust","28":"product_tag-bikini-with-wide-straps","29":"product_tag-black-bikini-top","30":"product_tag-black-swimwear","31":"product_tag-bralette-bikini-top","32":"product_tag-brazilian-inspired-bikini","33":"product_tag-chic-swimwear","34":"product_tag-classic-bikini-top","35":"product_tag-comfortable-bikini-top","36":"product_tag-luxury-swimwear","37":"product_tag-sculpting-bikini-top","38":"product_tag-stylish-bikini-top","39":"product_tag-supportive-bikini-top","40":"product_tag-sustainable-swimwear","42":"first","43":"instock","44":"sale","45":"shipping-taxable","46":"purchasable","47":"product-type-variable","48":"has-default-attributes"},"acf":[],"_links":{"self":[{"href":"https:\/\/aleyani-swimwear.ch\/de\/wp-json\/wp\/v2\/product\/2107","targetHints":{"allow":["GET"]}}],"collection":[{"href":"https:\/\/aleyani-swimwear.ch\/de\/wp-json\/wp\/v2\/product"}],"about":[{"href":"https:\/\/aleyani-swimwear.ch\/de\/wp-json\/wp\/v2\/types\/product"}],"replies":[{"embeddable":true,"href":"https:\/\/aleyani-swimwear.ch\/de\/wp-json\/wp\/v2\/comments?post=2107"}],"wp:featuredmedia":[{"embeddable":true,"href":"https:\/\/aleyani-swimwear.ch\/de\/wp-json\/wp\/v2\/media\/6809"}],"wp:attachment":[{"href":"https:\/\/aleyani-swimwear.ch\/de\/wp-json\/wp\/v2\/media?parent=2107"}],"wp:term":[{"taxonomy":"product_brand","embeddable":true,"href":"https:\/\/aleyani-swimwear.ch\/de\/wp-json\/wp\/v2\/product_brand?post=2107"},{"taxonomy":"product_cat","embeddable":true,"href":"https:\/\/aleyani-swimwear.ch\/de\/wp-json\/wp\/v2\/product_cat?post=2107"},{"taxonomy":"product_tag","embeddable":true,"href":"https:\/\/aleyani-swimwear.ch\/de\/wp-json\/wp\/v2\/product_tag?post=2107"}],"curies":[{"name":"wp","href":"https:\/\/api.w.org\/{rel}","templated":true}]}}