{"id":3592,"date":"2024-09-05T18:10:23","date_gmt":"2024-09-05T18:10:23","guid":{"rendered":"https:\/\/aleyani-swimwear.ch\/?post_type=product&#038;p=3592"},"modified":"2025-08-31T18:42:06","modified_gmt":"2025-08-31T18:42:06","slug":"triangel-bikinoberteil-goia-gruen","status":"publish","type":"product","link":"https:\/\/aleyani-swimwear.ch\/de\/triangle-bikini-top-goia-green\/","title":{"rendered":"GOI\u00c1 TRIANGLE BIKINIOBERTEIL - Gr\u00fcn"},"content":{"rendered":"<h2>SPEZIELLES TRIANGEL BIKINI \u2013 Vielseitig &amp; Eye-Catching<\/h2>\n<p>Das spezielle Goia Triangel Bikini ist ein 2-in-1 Bikini f\u00fcr alle, die ultimative Vielseitigkeit lieben. Mit seinen abnehmbaren Wickelb\u00e4ndern kannst du es klassisch als Triangel-Bikini tragen oder mit den Cross-Straps einen auff\u00e4lligen und einzigartigen Look kreieren.<\/p>\n<h3>2-IN-1 DESIGN \u2013 KLASSISCH ODER MIT WICKELB\u00c4NDERN<\/h3>\n<ul>\n<li class=\"p1\">Spezielles Triangel Bikini mit abnehmbaren Cross-Straps \u2013 f\u00fcr einen klassischen oder gewickelten Look.<\/li>\n<li class=\"p1\">Goldener Karabiner als edles Accessoire, das die Anpassung der Tr\u00e4ger erleichtert.<\/li>\n<\/ul>\n<h3>FIGURBETONT \u2013 IDEAL F\u00dcR KLEINERE OBERWEITEN<\/h3>\n<ul>\n<li>F\u00e4llt kleiner aus \u2013 f\u00fcr einen echten Brazilian Cut. Falls du mehr Bedeckung m\u00f6chtest, w\u00e4hle eine Nummer gr\u00f6sser.<\/li>\n<li>Wenig Stoff, maximale Wirkung \u2013 perfekt f\u00fcr kleine Oberweiten, die optisch voller wirken sollen.<\/li>\n<li>Leichte, herausnehmbare Polster f\u00fcr eine anpassbare Form &amp; ein nat\u00fcrliches Volumen.<\/li>\n<li>Verstellbare R\u00fccken- &amp; Nackenb\u00e4nder sorgen f\u00fcr einen sicheren, bequemen Sitz den ganzen Tag.<\/li>\n<\/ul>\n<h3>PREMIUM MATERIAL F\u00dcR EIN ANGENEHMES TRAGEGEF\u00dcHL<\/h3>\n<ul>\n<li class=\"p1\">Aus recyceltem, UV-best\u00e4ndigem Stoff \u2013 weich, atmungsaktiv &amp; umweltfreundlich.<\/li>\n<li class=\"p1\">Doppellagiges Stretch-Material f\u00fcr ein angenehmes Gef\u00fchl &amp; langanhaltende Formstabilit\u00e4t.<\/li>\n<li class=\"p1\">Schnelltrocknend &amp; ultraleicht \u2013 perfekt f\u00fcr ganzt\u00e4gigen Komfort.<\/li>\n<li class=\"p1\">Goldene Ringe sind salzwasser-, chlor- &amp; hitzebest\u00e4ndig \u2013 f\u00fcr langlebigen Glanz.<\/li>\n<\/ul>","protected":false},"excerpt":{"rendered":"<p>CRISS CROSS TRIANGLE BIKINI TOP \u2013 Convertible, Bold &amp; Eye-Catching The Goi\u00e1 criss cross triangle bikini top in Jungle Green is the ultimate statement piece, offering multiple styling options. With its removable wrap straps and adjustable fit, this bikini top effortlessly transitions from an eye-catching crossover design to a classic, minimal triangle bikini top. Whether [&hellip;]<\/p>\n","protected":false},"featured_media":7057,"comment_status":"open","ping_status":"closed","template":"","meta":{"_acf_changed":false},"product_brand":[],"product_cat":[32,20,206,380,203,391,398,389,386,393,392,383,388,387,400],"product_tag":[120,194,111,267,257,259,176,196,260,265,240,229,261,264,263,266,256,146,262,258],"class_list":{"0":"post-3592","1":"product","2":"type-product","3":"status-publish","4":"has-post-thumbnail","6":"product_cat-triangle-bikinis","7":"product_cat-bikini-tops","8":"product_cat-small-bust-bikinis","9":"product_cat-collections","10":"product_cat-green-bikinis","11":"product_cat-wizard-do-not-delete","12":"product_cat-wizard-body-type-triangle","13":"product_cat-wizard-classic-elegant","14":"product_cat-wizards-colorful","15":"product_cat-wizard-padding","16":"product_cat-wizard-push-up-effect","17":"product_cat-wizard-sexy-seductive","18":"product_cat-wizard-sporty","19":"product_cat-wizard-sustainable-bikinis","20":"product_cat-wizard-body-type-rectangle","21":"product_tag-adjustable-bikini-top","22":"product_tag-aleyani-swim","23":"product_tag-beachwear","24":"product_tag-bold-bikini-design","25":"product_tag-brazilian-bikini","26":"product_tag-crossover-bikini","27":"product_tag-flattering-bikini","28":"product_tag-green-bikini-top","29":"product_tag-halter-bikini-top","30":"product_tag-luxury-bikini","31":"product_tag-minimal-coverage-bikini","32":"product_tag-premium-swimwear","33":"product_tag-removable-straps","34":"product_tag-summer-bikini","35":"product_tag-swimwear-for-small-busts","36":"product_tag-trendy-bikini-top","37":"product_tag-triangle-bikini-top","38":"product_tag-uv-resistant-swimwear","39":"product_tag-versatile-bikini","40":"product_tag-wrap-bikini-top","42":"first","43":"instock","44":"sale","45":"shipping-taxable","46":"purchasable","47":"product-type-variable","48":"has-default-attributes"},"acf":[],"_links":{"self":[{"href":"https:\/\/aleyani-swimwear.ch\/de\/wp-json\/wp\/v2\/product\/3592","targetHints":{"allow":["GET"]}}],"collection":[{"href":"https:\/\/aleyani-swimwear.ch\/de\/wp-json\/wp\/v2\/product"}],"about":[{"href":"https:\/\/aleyani-swimwear.ch\/de\/wp-json\/wp\/v2\/types\/product"}],"replies":[{"embeddable":true,"href":"https:\/\/aleyani-swimwear.ch\/de\/wp-json\/wp\/v2\/comments?post=3592"}],"wp:featuredmedia":[{"embeddable":true,"href":"https:\/\/aleyani-swimwear.ch\/de\/wp-json\/wp\/v2\/media\/7057"}],"wp:attachment":[{"href":"https:\/\/aleyani-swimwear.ch\/de\/wp-json\/wp\/v2\/media?parent=3592"}],"wp:term":[{"taxonomy":"product_brand","embeddable":true,"href":"https:\/\/aleyani-swimwear.ch\/de\/wp-json\/wp\/v2\/product_brand?post=3592"},{"taxonomy":"product_cat","embeddable":true,"href":"https:\/\/aleyani-swimwear.ch\/de\/wp-json\/wp\/v2\/product_cat?post=3592"},{"taxonomy":"product_tag","embeddable":true,"href":"https:\/\/aleyani-swimwear.ch\/de\/wp-json\/wp\/v2\/product_tag?post=3592"}],"curies":[{"name":"wp","href":"https:\/\/api.w.org\/{rel}","templated":true}]}}