{"id":3600,"date":"2024-09-05T18:33:53","date_gmt":"2024-09-05T18:33:53","guid":{"rendered":"https:\/\/aleyani-swimwear.ch\/?post_type=product&#038;p=3600"},"modified":"2025-08-31T18:42:06","modified_gmt":"2025-08-31T18:42:06","slug":"string-bikinihose-cabo-gruen","status":"publish","type":"product","link":"https:\/\/aleyani-swimwear.ch\/de\/string-bikini-bottom-cabo-green\/","title":{"rendered":"CABO STRING BIKINIHOSE - Gr\u00fcn"},"content":{"rendered":"<h2 class=\"p1\">ADJUSTABLE STRING BIKINI BOTTOM - Bold Fit<\/h2>\n<p class=\"p1\">Der Cabo Adjustable String Bikini Bottom in Jungle Green ist wie gemacht, um aufzufallen. Inspiriert vom sonnenverw\u00f6hnten Cabo Frio schmiegt sich dieses gewagte, hochgeschnittene Design an deine Kurven und sitzt genau richtig - egal ob du dich br\u00e4unst, eintauchst oder \u00fcber den Strand l\u00e4ufst, als w\u00e4re er dein Laufsteg. Dieses Design ist wie geschaffen, um alle Blicke auf sich zu ziehen!<\/p>\n<h3 class=\"p1\">VERSTELLBARE B\u00c4NDER F\u00dcR EINE INDIVIDUELLE PASSFORM<\/h3>\n<ul>\n<li class=\"p1\">Mit den schmalen Seitenb\u00e4ndern kannst du die Passform an deinen K\u00f6rper anpassen - und nicht andersherum.<\/li>\n<li class=\"p1\">Der hochgeschnittene Schnitt verl\u00e4ngert die Beine und definiert deine Form an den richtigen Stellen.<\/li>\n<\/ul>\n<h3 class=\"p1\">MINIMALE ABDECKUNG, MAXIMALER STIL<\/h3>\n<ul>\n<li class=\"p1\">Der brasilianische R\u00fccken betont deine Kurven mit einer nat\u00fcrlich angehobenen Silhouette.<\/li>\n<li class=\"p1\">Minimale Abdeckung sorgt f\u00fcr minimale Br\u00e4unungsstreifen und ein hohes Selbstbewusstsein.<\/li>\n<li class=\"p1\">Die nahtlose Konstruktion bedeutet kein Zwicken, kein Einschneiden - nur geschmeidigen, hautnahen Komfort.<\/li>\n<\/ul>\n<h3 class=\"p1\">HOCHWERTIGER STOFF &amp; GOLDENE HARDWARE<\/h3>\n<ul>\n<li class=\"p1\">Gl\u00e4nzender, ultraweicher Stretchstoff - doppellagig, atmungsaktiv und schnelltrocknend.<\/li>\n<li class=\"p1\">Die UV-Best\u00e4ndigkeit sorgt daf\u00fcr, dass der Jungle Green-Farbton auch nach l\u00e4ngerem Tragen frisch bleibt.<\/li>\n<li class=\"p1\">Luxuri\u00f6se goldfarbene Ringe sind resistent gegen Salz, Chlor und Hitze - wie gemacht f\u00fcr den Sommer.<\/li>\n<\/ul>\n<p class=\"p1\">Ob in Strandclubs oder an abgelegenen Orten, der Cabo Adjustable String Bikini Bottom sorgt f\u00fcr W\u00e4rme, Selbstvertrauen und eine perfekte Passform - wo auch immer du ihn hinbringst.<\/p>","protected":false},"excerpt":{"rendered":"<p>ADJUSTABLE STRING BIKINI BOTTOM \u2013 Bold Fit The Cabo Adjustable String Bikini Bottom in Jungle Green is made to stand out. Inspired by the sun-drenched vibe of Cabo Frio, this daring, high-cut design hugs your curves and sits just right \u2013 whether you\u2019re tanning, diving in, or walking the beach like it\u2019s your runway. This [&hellip;]<\/p>\n","protected":false},"featured_media":7105,"comment_status":"open","ping_status":"closed","template":"","meta":{"_acf_changed":false},"product_brand":[],"product_cat":[207,39,35,36,380,203,38,391,402,401,396,386,394,387,400],"product_tag":[302,111,137,129,145,133,307,174,303,127,304,169,264,306,219,305,308,252,309],"class_list":{"0":"post-3600","1":"product","2":"type-product","3":"status-publish","4":"has-post-thumbnail","6":"product_cat-string-bikinis","7":"product_cat-adjustable-bikinis","8":"product_cat-bikini-bottoms","9":"product_cat-brazilian-bikinis","10":"product_cat-collections","11":"product_cat-green-bikinis","12":"product_cat-high-waisted-bikinis","13":"product_cat-wizard-do-not-delete","14":"product_cat-wizard-body-type-inverted-triangle","15":"product_cat-wizard-body-type-oval","16":"product_cat-wizard-bum-coverage-minimal","17":"product_cat-wizards-colorful","18":"product_cat-wizard-with-bottoms-side-adjustability","19":"product_cat-wizard-sustainable-bikinis","20":"product_cat-wizard-body-type-rectangle","21":"product_tag-adjustable-string-bikini-bottom","22":"product_tag-beachwear","23":"product_tag-brazilian-bikini-bottom","24":"product_tag-cheeky-bikini-bottom","25":"product_tag-chlorine-resistant-bikini","26":"product_tag-flattering-bikini-bottom","27":"product_tag-gold-detail-bikini","28":"product_tag-green-bikini-bottom","29":"product_tag-high-waisted-bikini-bottom","30":"product_tag-luxury-swimwear","31":"product_tag-minimal-coverage-bikini-bottom","32":"product_tag-saltwater-resistant-bikini","33":"product_tag-summer-bikini","34":"product_tag-swimwear","35":"product_tag-thong-bikini-bottom","36":"product_tag-tie-side-bikini-bottom","37":"product_tag-tropical-bikini","38":"product_tag-uv-resistant-bikini","39":"product_tag-vacation-bikini","41":"first","42":"instock","43":"sale","44":"shipping-taxable","45":"purchasable","46":"product-type-variable","47":"has-default-attributes"},"acf":[],"_links":{"self":[{"href":"https:\/\/aleyani-swimwear.ch\/de\/wp-json\/wp\/v2\/product\/3600","targetHints":{"allow":["GET"]}}],"collection":[{"href":"https:\/\/aleyani-swimwear.ch\/de\/wp-json\/wp\/v2\/product"}],"about":[{"href":"https:\/\/aleyani-swimwear.ch\/de\/wp-json\/wp\/v2\/types\/product"}],"replies":[{"embeddable":true,"href":"https:\/\/aleyani-swimwear.ch\/de\/wp-json\/wp\/v2\/comments?post=3600"}],"wp:featuredmedia":[{"embeddable":true,"href":"https:\/\/aleyani-swimwear.ch\/de\/wp-json\/wp\/v2\/media\/7105"}],"wp:attachment":[{"href":"https:\/\/aleyani-swimwear.ch\/de\/wp-json\/wp\/v2\/media?parent=3600"}],"wp:term":[{"taxonomy":"product_brand","embeddable":true,"href":"https:\/\/aleyani-swimwear.ch\/de\/wp-json\/wp\/v2\/product_brand?post=3600"},{"taxonomy":"product_cat","embeddable":true,"href":"https:\/\/aleyani-swimwear.ch\/de\/wp-json\/wp\/v2\/product_cat?post=3600"},{"taxonomy":"product_tag","embeddable":true,"href":"https:\/\/aleyani-swimwear.ch\/de\/wp-json\/wp\/v2\/product_tag?post=3600"}],"curies":[{"name":"wp","href":"https:\/\/api.w.org\/{rel}","templated":true}]}}