{"id":4132,"date":"2024-09-10T09:16:59","date_gmt":"2024-09-10T09:16:59","guid":{"rendered":"https:\/\/aleyani-swimwear.ch\/?post_type=product&#038;p=4132"},"modified":"2026-03-21T08:51:56","modified_gmt":"2026-03-21T08:51:56","slug":"cheeky-bikinihose-iguacu-gruen","status":"publish","type":"product","link":"https:\/\/aleyani-swimwear.ch\/de\/cheeky-bikini-bottom-iguacu-green\/","title":{"rendered":"IGUA\u00c7\u00da CHEEKY BIKINIHOSE - Gr\u00fcn"},"content":{"rendered":"<h2>CHEEKY &amp; HIGH-WAIST BIKINHOSE \u2013 Figurbetont &amp; Bequem<\/h2>\n<p>Inspiriert von der unber\u00fchrten Natur Brasiliens, wurde die Igua\u00e7u Cheeky &amp; High-Waist Bikinihose so entworfen, dass sie deine nat\u00fcrlichen Kurven perfekt unterst\u00fctzt. Mit ihrer hohen Taille &amp; dem cheeky Schnitt sorgt sie f\u00fcr die perfekte Mischung aus Bedeckung &amp; sexy Beach-Look.<\/p>\n<h3>FIGURSCHMEICHELND MIT HOHEM BEINAUSSCHNITT<\/h3>\n<ul>\n<li>Hoher Bund, der die Taille betont &amp; die Beine optisch verl\u00e4ngert \u2013 f\u00fcr einen schlanken, selbstbewussten Look.<\/li>\n<li>Nahtlose, weiche Seiten sorgen f\u00fcr eine glatte Passform ohne Einschneiden.<\/li>\n<li>Frecher R\u00fcckenausschnitt f\u00fcr einen verspielten Touch \u2013 hebt die nat\u00fcrlichen Kurven hervor.<\/li>\n<\/ul>\n<h3>HIGH-WAIST F\u00dcR EINE SCHMEICHELNDE SILHOUETTE<\/h3>\n<ul>\n<li>Passt sich perfekt an den K\u00f6rper an &amp; bietet sanfte Kompression f\u00fcr eine geformte Silhouette.<\/li>\n<li>Doppellagiges Material sorgt f\u00fcr einen glatten, figurformenden Effekt &amp; ein angenehmes Tragegef\u00fchl.<\/li>\n<li>Die perfekte Balance zwischen Halt &amp; Flexibilit\u00e4t \u2013 bleibt immer an Ort und Stelle, egal ob beim Sonnenbaden oder Schwimmen.<\/li>\n<\/ul>\n<h3>HOCHWERTIGES MATERIAL F\u00dcR LANGANHALTENDEN KOMFORT<\/h3>\n<ul>\n<li>Ultraweiches, dehnbares Material, das sich perfekt an deine Figur anpasst.<\/li>\n<li>UV-best\u00e4ndig &amp; recycelt \u2013 langlebige Farbe &amp; umweltfreundlicher Tragekomfort.<\/li>\n<li>Nahtloses Design verhindert Reibung \u2013 f\u00fcr ein angenehmes, kaum sp\u00fcrbares Tragegef\u00fchl.<\/li>\n<\/ul>\n<p>Ob am Pool oder am Strand \u2013 die Igua\u00e7u Cheeky &amp; High-Waist Bikinihose ist ein Must-have f\u00fcr einen stylischen &amp; bequemen Sommer!<\/p>","protected":false},"excerpt":{"rendered":"<p>CHEEKY HIGH WAISTED BIKINI BOTTOM \u2013 Confidence &amp; Flattering Fit Inspired by the lush beauty of nature, the Igua\u00e7u Cheeky High Waisted Bikini Bottom in Jungle Green is designed to sculpt, enhance, and move with you. Combining a flattering high-waist silhouette with a cheeky cut, this bikini bottom creates a perfect balance between coverage and [&hellip;]<\/p>\n","protected":false},"featured_media":6878,"comment_status":"open","ping_status":"closed","template":"","meta":{"_acf_changed":false},"product_brand":[],"product_cat":[37,35,380,203,38,391,402,401,398,397,386,395,387,400],"product_tag":[351,339,337,342,239,347,322,348,349,226,352,350,132,228,354,353,340,146],"class_list":{"0":"post-4132","1":"product","2":"type-product","3":"status-publish","4":"has-post-thumbnail","6":"product_cat-cheeky-bikinis","7":"product_cat-bikini-bottoms","8":"product_cat-collections","9":"product_cat-green-bikinis","10":"product_cat-high-waisted-bikinis","11":"product_cat-wizard-do-not-delete","12":"product_cat-wizard-body-type-inverted-triangle","13":"product_cat-wizard-body-type-oval","14":"product_cat-wizard-body-type-triangle","15":"product_cat-wizard-bum-coverage-cheeky","16":"product_cat-wizards-colorful","17":"product_cat-wizard-no-side-adjustabiliy","18":"product_cat-wizard-sustainable-bikinis","19":"product_cat-wizard-body-type-rectangle","20":"product_tag-beach-ready-swimwear","21":"product_tag-brazilian-high-waist-bikini-bottom","22":"product_tag-cheeky-high-waisted-bikini-bottom","23":"product_tag-chlorine-resistant-bikini-bottom","24":"product_tag-comfortable-bikini-bottom","25":"product_tag-double-layered-bikini-bottom","26":"product_tag-elegant-bikini-bottom","27":"product_tag-green-high-waist-bikini-bottom","28":"product_tag-high-waist-bikini-for-curves","29":"product_tag-high-leg-bikini-bottom","30":"product_tag-jungle-green-bikini-bottom","31":"product_tag-minimal-tan-lines-bikini-bottom","32":"product_tag-sculpting-bikini-bottom","33":"product_tag-seamless-bikini-bottom","34":"product_tag-supportive-swimwear","35":"product_tag-timeless-high-waist-bikini","36":"product_tag-tummy-control-bikini-bottom","37":"product_tag-uv-resistant-swimwear","39":"first","40":"instock","41":"sale","42":"shipping-taxable","43":"purchasable","44":"product-type-variable","45":"has-default-attributes"},"acf":[],"_links":{"self":[{"href":"https:\/\/aleyani-swimwear.ch\/de\/wp-json\/wp\/v2\/product\/4132","targetHints":{"allow":["GET"]}}],"collection":[{"href":"https:\/\/aleyani-swimwear.ch\/de\/wp-json\/wp\/v2\/product"}],"about":[{"href":"https:\/\/aleyani-swimwear.ch\/de\/wp-json\/wp\/v2\/types\/product"}],"replies":[{"embeddable":true,"href":"https:\/\/aleyani-swimwear.ch\/de\/wp-json\/wp\/v2\/comments?post=4132"}],"wp:featuredmedia":[{"embeddable":true,"href":"https:\/\/aleyani-swimwear.ch\/de\/wp-json\/wp\/v2\/media\/6878"}],"wp:attachment":[{"href":"https:\/\/aleyani-swimwear.ch\/de\/wp-json\/wp\/v2\/media?parent=4132"}],"wp:term":[{"taxonomy":"product_brand","embeddable":true,"href":"https:\/\/aleyani-swimwear.ch\/de\/wp-json\/wp\/v2\/product_brand?post=4132"},{"taxonomy":"product_cat","embeddable":true,"href":"https:\/\/aleyani-swimwear.ch\/de\/wp-json\/wp\/v2\/product_cat?post=4132"},{"taxonomy":"product_tag","embeddable":true,"href":"https:\/\/aleyani-swimwear.ch\/de\/wp-json\/wp\/v2\/product_tag?post=4132"}],"curies":[{"name":"wp","href":"https:\/\/api.w.org\/{rel}","templated":true}]}}