{"id":4146,"date":"2024-09-10T10:42:40","date_gmt":"2024-09-10T10:42:40","guid":{"rendered":"https:\/\/aleyani-swimwear.ch\/?post_type=product&#038;p=4146"},"modified":"2025-08-15T09:30:35","modified_gmt":"2025-08-15T09:30:35","slug":"cheeky-bikinihose-iguacu","status":"publish","type":"product","link":"https:\/\/aleyani-swimwear.ch\/de\/cheeky-bikini-bottom-iguacu\/","title":{"rendered":"IGUA\u00c7\u00da CHEEKY BIKINIHOSE - Schwarz"},"content":{"rendered":"<h2>CHEEKY HIGH WAISTED BIKINIHOSE - schmeichelt &amp; kaschiert<\/h2>\n<p>Mit der Igua\u00e7u Cheeky High-Waist Bikinihose f\u00fchlst du dich selbstbewusst &amp; rundum wohl. Hier trifft figurbetontes Design auf ganzt\u00e4gigen Komfort. Mit seiner High-Waist-Silhouette und dem schmeichelhaften Cheeky-Schnitt sorgt dieser Bikini f\u00fcr einen eleganten, selbstbewussten Look und bietet genau die richtige Mischung aus Bedeckung und Stil.<\/p>\n<h3>HOCH TAILLIERT F\u00dcR EINE PERFEKTE PASSFORM<\/h3>\n<ul>\n<li>Das hoch taillierte Bikiniunterteil formt die Taille und verl\u00e4ngert durch den hohen Beinausschnitt optisch die Beine.<\/li>\n<li>Die breiten Seiten sorgen f\u00fcr ein weiches Gef\u00fchl wie eine zweite Haut, ohne einzuschneiden oder aufzutragen.<\/li>\n<li>Ob beim Sonnen oder Schwimmen, dieses H\u00f6schen bleibt an seinem Platz und bietet aus jedem Blickwinkel eine schmeichelhafte Form.<\/li>\n<\/ul>\n<h3>CHEEKY PO-BEDECKUNG &amp; SUBTILE KASCHIERUNG<\/h3>\n<ul>\n<li>Dank ihres figurschmeichelnden High-Waist-Schnitts ist unsere Igua\u00e7u Bikinihose die ideale Wahl f\u00fcr alle, die eine stilvolle Silhouette mit sanfter Kaschierung bevorzugen.<\/li>\n<li>Mittlere Po-Bedeckung betont deine nat\u00fcrlichen Kurven.<\/li>\n<li>Das doppellagige Design bietet leichten Halt und ist gleichzeitig atmungsaktiv und flexibel.<\/li>\n<\/ul>\n<h3 class=\"p1\">HOCHWERTIGER STOFF \u2013 RECYCELT &amp; GL\u00c4NZEND<\/h3>\n<ul>\n<li class=\"p1\">Dieses Bikini-Unterteil ist aus ultraweichem, dehnbarem Stoff gefertigt und sitzt wie eine zweite Haut, die sich mit dir bewegt.<\/li>\n<li class=\"p1\">Gl\u00e4nzender, umweltfreundlicher Stoff aus recyceltem Meeresabfall \u2013 UV-best\u00e4ndig &amp; langlebig.<\/li>\n<li class=\"p1\">Die glatte, nahtlose Oberfl\u00e4che verhindert Reibung und sorgt f\u00fcr langanhaltenden Komfort \u2013 perfekt f\u00fcr Strandtage &amp; dar\u00fcber hinaus.<\/li>\n<\/ul>\n<p>Ob am Pool oder in den Tropen - der Cheeky High-Waist Bikini ist ein Muss f\u00fcr alle, die einen klassischen Allrounder suchen.<\/p>","protected":false},"excerpt":{"rendered":"<p>CHEEKY HIGH WAISTED BIKINI BOTTOM \u2013 Flattering Fit &amp; Sculpted Comfort Feel as bold and breathtaking as the Iguazu Falls in the Igua\u00e7u Cheeky High Waisted Bikini Bottom \u2013 where figure-enhancing design meets all-day comfort. With a high-waist silhouette and a flattering cheeky cut, this bikini bottom creates a sleek, confidence-boosting look while providing just [&hellip;]<\/p>\n","protected":false},"featured_media":6826,"comment_status":"open","ping_status":"closed","template":"","meta":{"_acf_changed":false},"product_brand":[],"product_cat":[37,35,204,380,38,391,402,401,398,397,385,404,395,387,400],"product_tag":[338,339,341,337,342,239,347,344,343,133,226,127,132,228,346,345,340,146],"class_list":{"0":"post-4146","1":"product","2":"type-product","3":"status-publish","4":"has-post-thumbnail","6":"product_cat-cheeky-bikinis","7":"product_cat-bikini-bottoms","8":"product_cat-black-bikinis","9":"product_cat-collections","10":"product_cat-high-waisted-bikinis","11":"product_cat-wizard-do-not-delete","12":"product_cat-wizard-body-type-inverted-triangle","13":"product_cat-wizard-body-type-oval","14":"product_cat-wizard-body-type-triangle","15":"product_cat-wizard-bum-coverage-cheeky","16":"product_cat-wizard-dark-colors","17":"product_cat-wizard-fall-back","18":"product_cat-wizard-no-side-adjustabiliy","19":"product_cat-wizard-sustainable-bikinis","20":"product_cat-wizard-body-type-rectangle","21":"product_tag-black-high-waist-bikini-bottom","22":"product_tag-brazilian-high-waist-bikini-bottom","23":"product_tag-cheeky-coverage-bikini-bottom","24":"product_tag-cheeky-high-waisted-bikini-bottom","25":"product_tag-chlorine-resistant-bikini-bottom","26":"product_tag-comfortable-bikini-bottom","27":"product_tag-double-layered-bikini-bottom","28":"product_tag-elegant-high-waist-bikini-bottom","29":"product_tag-figure-enhancing-bikini-bottom","30":"product_tag-flattering-bikini-bottom","31":"product_tag-high-leg-bikini-bottom","32":"product_tag-luxury-swimwear","33":"product_tag-sculpting-bikini-bottom","34":"product_tag-seamless-bikini-bottom","35":"product_tag-supportive-bikini-bottom","36":"product_tag-timeless-beachwear","37":"product_tag-tummy-control-bikini-bottom","38":"product_tag-uv-resistant-swimwear","40":"first","41":"instock","42":"sale","43":"shipping-taxable","44":"purchasable","45":"product-type-variable","46":"has-default-attributes"},"acf":[],"_links":{"self":[{"href":"https:\/\/aleyani-swimwear.ch\/de\/wp-json\/wp\/v2\/product\/4146","targetHints":{"allow":["GET"]}}],"collection":[{"href":"https:\/\/aleyani-swimwear.ch\/de\/wp-json\/wp\/v2\/product"}],"about":[{"href":"https:\/\/aleyani-swimwear.ch\/de\/wp-json\/wp\/v2\/types\/product"}],"replies":[{"embeddable":true,"href":"https:\/\/aleyani-swimwear.ch\/de\/wp-json\/wp\/v2\/comments?post=4146"}],"wp:featuredmedia":[{"embeddable":true,"href":"https:\/\/aleyani-swimwear.ch\/de\/wp-json\/wp\/v2\/media\/6826"}],"wp:attachment":[{"href":"https:\/\/aleyani-swimwear.ch\/de\/wp-json\/wp\/v2\/media?parent=4146"}],"wp:term":[{"taxonomy":"product_brand","embeddable":true,"href":"https:\/\/aleyani-swimwear.ch\/de\/wp-json\/wp\/v2\/product_brand?post=4146"},{"taxonomy":"product_cat","embeddable":true,"href":"https:\/\/aleyani-swimwear.ch\/de\/wp-json\/wp\/v2\/product_cat?post=4146"},{"taxonomy":"product_tag","embeddable":true,"href":"https:\/\/aleyani-swimwear.ch\/de\/wp-json\/wp\/v2\/product_tag?post=4146"}],"curies":[{"name":"wp","href":"https:\/\/api.w.org\/{rel}","templated":true}]}}