{"id":1925,"date":"2024-07-30T05:45:43","date_gmt":"2024-07-30T05:45:43","guid":{"rendered":"https:\/\/aleyani-swimwear.ch\/?page_id=1925"},"modified":"2025-06-03T07:35:59","modified_gmt":"2025-06-03T07:35:59","slug":"politique-de-retour-2","status":"publish","type":"page","link":"https:\/\/aleyani-swimwear.ch\/fr\/return-policy-2\/","title":{"rendered":"Conditions g\u00e9n\u00e9rales"},"content":{"rendered":"<div data-elementor-type=\"wp-page\" data-elementor-id=\"1925\" class=\"elementor elementor-1925\" wpc-filter-elementor-widget=\"1\" data-elementor-post-type=\"page\">\n\t\t\t\t<div class=\"elementor-element elementor-element-d955057 e-flex e-con-boxed e-con e-parent\" data-id=\"d955057\" data-element_type=\"container\" data-e-type=\"container\">\n\t\t\t\t\t<div class=\"e-con-inner\">\n\t\t\t\t<div class=\"elementor-element elementor-element-852af7e elementor-widget-divider--view-line elementor-widget elementor-widget-divider\" data-id=\"852af7e\" data-element_type=\"widget\" data-e-type=\"widget\" data-widget_type=\"divider.default\">\n\t\t\t\t<div class=\"elementor-widget-container\">\n\t\t\t\t\t\t\t<div class=\"elementor-divider\">\n\t\t\t<span class=\"elementor-divider-separator\">\n\t\t\t\t\t\t<\/span>\n\t\t<\/div>\n\t\t\t\t\t\t<\/div>\n\t\t\t\t<\/div>\n\t\t\t\t<div class=\"elementor-element elementor-element-5e35ffd elementor-widget__width-initial elementor-widget-mobile__width-inherit elementor-widget elementor-widget-text-editor\" data-id=\"5e35ffd\" data-element_type=\"widget\" data-e-type=\"widget\" data-widget_type=\"text-editor.default\">\n\t\t\t\t<div class=\"elementor-widget-container\">\n\t\t\t\t\t\t\t\t\t<p><b>1. INFORMATIONS G\u00c9N\u00c9RALES<\/b><\/p><p>\"ALEYANI\" est une marque d\u00e9pos\u00e9e d'ALEYANI Fashion &amp; Photography. Les pr\u00e9sentes conditions g\u00e9n\u00e9rales (CG) r\u00e9gissent toutes les relations juridiques d\u00e9coulant des contrats de vente conclus entre ALEYANI Fashion &amp; Photography (vendeur) et ses clients (acheteur) dans la boutique en ligne (aleyani-swimwear.ch). Toute condition contraire de l'acheteur est express\u00e9ment exclue.<\/p><p>Le pr\u00e9sent accord d\u00e9finit les conditions g\u00e9n\u00e9rales d'utilisation du site Internet aleyani-swimwear.ch (\"Site Internet\", \"Site\" ou \"Service\") et de tous les produits et services connexes (collectivement \"Services\"). En acc\u00e9dant et en utilisant le Site Internet et les Services, tu reconnais avoir lu, compris et accept\u00e9 ces termes et conditions. Le pr\u00e9sent contrat est juridiquement contraignant entre toi (\" Utilisateur \", \" tu \" ou \" ton \") et ALEYANI Fashion &amp; Photography (\" ALEYANI \", \" nous \", \" notre \" ou \" nos \").<\/p><p>Si tu conclues le pr\u00e9sent accord au nom d'une soci\u00e9t\u00e9 ou d'une autre entit\u00e9 juridique, tu confirmes que tu as l'autorit\u00e9 n\u00e9cessaire pour lier cette entit\u00e9 au pr\u00e9sent accord. Dans ce cas, \"utilisateur\", \"vous\" ou \"votre\" fait r\u00e9f\u00e9rence \u00e0 cette entit\u00e9. Si tu n'as pas cette autorit\u00e9 ou si tu n'acceptes pas les conditions g\u00e9n\u00e9rales, tu ne peux pas accepter le pr\u00e9sent accord et tu n'es pas autoris\u00e9 \u00e0 acc\u00e9der ou \u00e0 utiliser le site Web ou les services. <br \/>Le pr\u00e9sent accord, bien qu'\u00e9lectronique et non sign\u00e9 physiquement, constitue un contrat juridiquement contraignant r\u00e9gissant ton utilisation du site Web et des services. Ces termes et conditions s'appliqueront \u00e0 toutes les transactions futures, sauf accord contraire.<\/p><p><b>2. PARTIES CONTRACTANTES<\/b><\/p><p>Si un contrat est conclu, il est conclu avec:<br \/>ALEYANI Fashion &amp; Photography - St\u00e9phanie Alessia Nyffenegger<br \/>Vieristrasse 13<br \/>CH - 8603 Schwerzenbach<br \/>Num\u00e9ro d'identification de la soci\u00e9t\u00e9: CHE-153.074.552, inscrit au registre du commerce du canton de Zurich, en Suisse.<br \/>Pour toute demande de renseignements, commande ou r\u00e9clamation, tu peux contacter le Vendeur par e-mail \u00e0 l'adresse hello@aleyani.ch. Tu noteras que le Vendeur n'est pas responsable des probl\u00e8mes d\u00e9coulant d'informations de contact incorrectes ou obsol\u00e8tes.<\/p><p><b>3. COMPTES ET MEMBRES<\/b><\/p><p><b>3.1 CR\u00c9ATION D'UN COMPTE<\/b><br \/>Si tu cr\u00e9es un compte sur le site, tu es responsable du maintien de la s\u00e9curit\u00e9 de ton compte et de toutes les activit\u00e9s qui s'y d\u00e9roulent. Nous nous r\u00e9servons le droit de surveiller et d'examiner les nouveaux comptes avant d'accorder l'acc\u00e8s aux services. Fournir de fausses coordonn\u00e9es peut entra\u00eener la r\u00e9siliation du compte. Tu dois nous informer imm\u00e9diatement de toute utilisation non autoris\u00e9e de ton compte ou de toute autre violation de la s\u00e9curit\u00e9. Nous ne serons pas responsables des dommages r\u00e9sultant de tes actions ou omissions, y compris tout probl\u00e8me d\u00e9coulant de l'utilisation non autoris\u00e9e de ton compte.<\/p><p><b>3.2 ANNULATION<\/b><br \/>ALEYANI Fashion &amp; Photography se r\u00e9serve le droit de suspendre ou de r\u00e9silier ton acc\u00e8s aux services si nous d\u00e9terminons que tu as viol\u00e9 les pr\u00e9sentes conditions d'utilisation ou pour toute autre raison justifiant une telle action. Ton compte peut \u00eatre suspendu, d\u00e9sactiv\u00e9 ou supprim\u00e9 si ta conduite est jug\u00e9e pr\u00e9judiciable \u00e0 notre r\u00e9putation. En cas de r\u00e9siliation du compte, la r\u00e9inscription peut \u00eatre bloqu\u00e9e et les adresses \u00e9lectroniques ou IP peuvent \u00eatre restreintes pour emp\u00eacher tout acc\u00e8s ult\u00e9rieur.<\/p><p><b>3.3 CONTENU DE L'UTILISATEUR<\/b><br \/>Tu restes propri\u00e9taire de toute donn\u00e9e, information ou mat\u00e9riel (\"Contenu\") que tu soumets lors de l'utilisation du Service. Cependant, tu es seul responsable de l'exactitude, de la qualit\u00e9, de la l\u00e9galit\u00e9 et des droits de propri\u00e9t\u00e9 intellectuelle associ\u00e9s \u00e0 ce Contenu. Nous nous r\u00e9servons le droit de refuser ou de supprimer tout contenu qui enfreint nos politiques ou que nous jugeons nuisible. En soumettant du contenu, tu nous donnes la permission d'utiliser, d'afficher et d'ex\u00e9cuter ton contenu si n\u00e9cessaire pour fournir les services, y compris \u00e0 des fins commerciales ou de marketing. Les utilisateurs doivent s'assurer que leur contenu est conforme aux lois applicables en mati\u00e8re de protection de la vie priv\u00e9e.<\/p><p><b>3.3 CONTENU DE L'UTILISATEUR<\/b><br \/>Nous ne sommes pas propri\u00e9taires des donn\u00e9es, des informations ou du mat\u00e9riel (\"Contenu\") que tu soumets au site lors de l'utilisation du service. Tu es seul responsable de l'exactitude, de la qualit\u00e9, de l'int\u00e9grit\u00e9, de la l\u00e9galit\u00e9 et des droits de propri\u00e9t\u00e9 intellectuelle du Contenu. Nous nous r\u00e9servons le droit de refuser ou de supprimer tout contenu qui enfreint nos politiques ou qui est nuisible de quelque mani\u00e8re que ce soit. Tu nous donnes la permission d'utiliser, d'afficher et d'ex\u00e9cuter ton contenu dans le cadre de la fourniture des services. Nous pouvons utiliser le contenu \u00e0 des fins commerciales, de marketing ou similaires.<\/p><p><b>4. OFFRES<\/b><br \/>Les offres affich\u00e9es sur le site Web sont non contraignantes et n'ont qu'une valeur illustrative. Les informations sur les produits sont fournies \u00e0 titre indicatif et ne sont pas contraignantes. Les prix, les gammes de produits et les sp\u00e9cifications techniques peuvent \u00eatre modifi\u00e9s sans pr\u00e9avis. Les offres ne sont valables que pendant leur affichage sur le site Internet et dans la limite des stocks disponibles. Nous ne garantissons pas la disponibilit\u00e9 des produits. Si tu as des questions sur les produits ou les commandes, contacte-nous par e-mail.<\/p><p><b>5. \u00c9CHANGE DE BONS PROMOTIONNELS<\/b><\/p><ol><li>Les bons \u00e9mis gratuitement dans le cadre de campagnes promotionnelles, avec des p\u00e9riodes de validit\u00e9 sp\u00e9cifiques et non disponibles \u00e0 l'achat (\"bons promotionnels\") ne peuvent \u00eatre \u00e9chang\u00e9s que dans la boutique en ligne du vendeur et uniquement pendant la p\u00e9riode de validit\u00e9 sp\u00e9cifi\u00e9e.<\/li><li>Certains produits peuvent \u00eatre exclus des promotions sous forme de bons d'achat en fonction des conditions sp\u00e9cifi\u00e9es dans le bon d'achat.<\/li><li>Les bons promotionnels doivent \u00eatre \u00e9chang\u00e9s avant de terminer le processus de commande et ne peuvent pas \u00eatre appliqu\u00e9s r\u00e9trospectivement.<\/li><li>Un seul bon promotionnel peut \u00eatre utilis\u00e9 par commande.<\/li><li>La valeur des marchandises doit \u00eatre au moins \u00e9gale \u00e0 la valeur du bon promotionnel ; tout cr\u00e9dit restant ne sera pas rembours\u00e9.<\/li><li>Si la valeur du bon d'achat est insuffisante pour couvrir la totalit\u00e9 de la commande, d'autres moyens de paiement disponibles doivent \u00eatre utilis\u00e9s pour r\u00e9gler le solde.<\/li><li>Les bons promotionnels ne sont pas \u00e9changeables contre de l'argent et ne produisent pas d'int\u00e9r\u00eats.<\/li><li>Aucun remboursement ne sera effectu\u00e9 si les marchandises pay\u00e9es avec un bon promotionnel sont retourn\u00e9es, en tout ou en partie, pendant le d\u00e9lai l\u00e9gal de r\u00e9tractation.<\/li><li>Les bons d'achat sont transf\u00e9rables. Le paiement effectu\u00e9 au titulaire qui \u00e9change le bon dans la boutique en ligne sera consid\u00e9r\u00e9 comme valide, sauf si le vendeur a connaissance ou fait preuve d'une n\u00e9gligence grave quant \u00e0 l'absence d'autorisation du titulaire.<\/li><li>Nous nous r\u00e9servons le droit d'annuler les bons promotionnels et les bons cadeaux en cas de suspicion de fraude ou d'utilisation abusive. Si tu as des probl\u00e8mes avec un bon, contacte le service client\u00e8le.<\/li><\/ol><p><b><br \/>6. PROCESSUS DE COMMANDE ET LIVRAISON<\/b><\/p><p><b>6.1 COMMANDE OBLIGATOIRE<\/b><br \/>En passant une commande dans la boutique en ligne, l'acheteur fait une offre juridiquement contraignante de conclure un contrat en acceptant les pr\u00e9sentes conditions g\u00e9n\u00e9rales. Le contrat est conclu lorsque l'acheteur re\u00e7oit une confirmation de commande par e-mail.<\/p><p><b>6.2 LIVRAISON<\/b><br \/>Les options et les co\u00fbts de livraison sont affich\u00e9s dans la boutique en ligne. La disponibilit\u00e9 et les d\u00e9lais de livraison ne sont pas contraignants. Si un article n'est pas en stock, nous informerons l'acheteur de la date de livraison pr\u00e9vue. Sauf accord contraire, les marchandises sont livr\u00e9es par la poste \u00e0 l'adresse indiqu\u00e9e par le client. L'adresse de livraison indiqu\u00e9e lors du processus de commande est d\u00e9terminante pour la transaction. Si le transporteur renvoie la marchandise en raison d'une livraison infructueuse, le client doit prendre en charge les frais de retour. Nous ne sommes pas responsables des retards caus\u00e9s par les fabricants ou des tiers. Les d\u00e9lais de livraison sont donc approximatifs et susceptibles d'\u00eatre modifi\u00e9s. La livraison se fait aux risques et p\u00e9rils de l'acheteur. L'enl\u00e8vement par le client lui-m\u00eame n'est pas possible.<\/p><p><b>6.3 PRIX ET CONDITIONS DE PAIEMENT<\/b><br \/>Tous les prix figurant sur le Site sont indiqu\u00e9s en francs suisses (CHF). Les prix et les conditions sont susceptibles d'\u00eatre modifi\u00e9s, la date d'entr\u00e9e en vigueur \u00e9tant la date de la commande de l'Acheteur. Le paiement des marchandises command\u00e9es doit \u00eatre effectu\u00e9 \u00e0 l'avance par carte de cr\u00e9dit, TWINT ou d'autres m\u00e9thodes de paiement disponibles.<\/p><p>Pour les paiements en ligne, le montant sera d\u00e9bit\u00e9 \u00e0 la r\u00e9ception de la commande. Nous nous r\u00e9servons le droit d'exclure les acheteurs de certains modes de paiement sans justification. Le paiement par carte de cr\u00e9dit est soumis aux conditions g\u00e9n\u00e9rales de Worldline (http:\/\/www.worldline.com) ou de Paypal (http:\/\/www.paypal.com).<\/p><p>Pour les virements bancaires convenus, le paiement est d\u00fb imm\u00e9diatement \u00e0 la conclusion du contrat, sauf accord contraire. En passant commande, tu acceptes les conditions de paiement.<\/p><p>En cas de retard de paiement, nous nous r\u00e9servons le droit de facturer des int\u00e9r\u00eats de retard au taux de 5% par an, conform\u00e9ment \u00e0 la loi suisse sur la protection des consommateurs.<\/p><p><b>6.4 R\u00c9SERVE DE PROPRI\u00c9T\u00c9<\/b><br \/>Les marchandises livr\u00e9es restent la propri\u00e9t\u00e9 du vendeur jusqu'au paiement int\u00e9gral. Le vendeur peut enregistrer la r\u00e9serve de propri\u00e9t\u00e9. Si l'acheteur ne paie pas, le vendeur peut r\u00e9silier le contrat et r\u00e9clamer les marchandises.<\/p><p><b>6.5 DROIT D'ANNULATION<\/b><br \/>Les commandes sont contraignantes et les clients doivent accepter les services. Des modifications ult\u00e9rieures sont possibles \u00e0 la discr\u00e9tion du vendeur. Les acheteurs ont le droit de r\u00e9silier le contrat dans un d\u00e9lai de 14 jours sans donner de raisons. L'annulation doit se faire par \u00e9crit ou par le renvoi de la marchandise. Le droit de retour ne peut \u00eatre exerc\u00e9 que si la marchandise est inutilis\u00e9e, intacte, compl\u00e8te et dans son emballage d'origine. D\u00e8s r\u00e9ception de la marchandise retourn\u00e9e dans l'\u00e9tat d\u00e9crit, le vendeur remboursera la valeur de la marchandise. Un mod\u00e8le de formulaire de retour\/annulation est disponible sur notre site Internet. Les retours se font aux frais, aux risques et \u00e0 la convenance de l'acheteur.<\/p><p><b>6.6 R\u00c9SERVE DE DROITS<\/b><br \/>Nous nous r\u00e9servons le droit de modifier les produits et les prix \u00e0 tout moment et de refuser des commandes. Des limites de quantit\u00e9 peuvent s'appliquer par personne, m\u00e9nage ou commande, y compris les commandes provenant du m\u00eame compte, de la m\u00eame carte de cr\u00e9dit et\/ou de la m\u00eame adresse. En cas de changement ou d'annulation, nous tenterons de te contacter \u00e0 l'adresse \u00e9lectronique ou au num\u00e9ro de t\u00e9l\u00e9phone fournis.<\/p><p><b>7. GARANTIE ET RESPONSABILIT\u00c9<\/b><\/p><p><b>7.1 NOTIFICATION DES D\u00c9FAUTS<\/b><br \/>Les r\u00e9clamations concernant des d\u00e9fauts, des livraisons incompl\u00e8tes ou incorrectes doivent \u00eatre notifi\u00e9es au vendeur par \u00e9crit imm\u00e9diatement, mais au plus tard 14 jours apr\u00e8s la livraison. Les vices cach\u00e9s doivent \u00eatre notifi\u00e9s imm\u00e9diatement, mais au plus tard 14 jours apr\u00e8s leur d\u00e9couverte. Si tu n'informes pas le vendeur en temps voulu, tu perds tes droits. D\u00e8s r\u00e9ception de la marchandise retourn\u00e9e, un remplacement sera fourni si un d\u00e9faut est confirm\u00e9. Si le remplacement n'est pas possible, le vendeur remboursera le montant pay\u00e9. Toutes les demandes de r\u00e9duction, d'annulation ou d'indemnisation des dommages cons\u00e9cutifs sont exclues, sauf si la loi l'exige.<\/p><p><b>7.2 GARANTIE<\/b><br \/>L'acheteur perd tous ses droits en mati\u00e8re de d\u00e9fauts en cas d'utilisation non conforme. Les d\u00e9fauts dus \u00e0 l'usure normale, \u00e0 une mauvaise manipulation, \u00e0 des dommages caus\u00e9s par l'acheteur ou des tiers, ainsi que les dommages caus\u00e9s par des circonstances ext\u00e9rieures (par exemple, un mauvais stockage, le gel, la chaleur) ne donnent pas le droit \u00e0 l'acheteur de r\u00e9silier le contrat ou de r\u00e9clamer des dommages-int\u00e9r\u00eats. Le vendeur d\u00e9cline toute responsabilit\u00e9 \u00e0 cet \u00e9gard. Les marchandises retourn\u00e9es doivent \u00eatre correctement emball\u00e9es dans l'emballage d'origine et envoy\u00e9es par courrier recommand\u00e9. Si aucun d\u00e9faut couvert par la garantie ou la garantie du fabricant n'est constat\u00e9, le vendeur se r\u00e9serve le droit de facturer les frais d'inspection et d'exp\u00e9dition.<\/p><p><b>7.3 EXCLUSION DE LA RESPONSABILIT\u00c9<\/b><br \/>Dans toute la mesure permise par la loi, toutes les autres r\u00e9clamations de l'Acheteur relatives \u00e0 l'utilisation ou \u00e0 l'incapacit\u00e9 d'utiliser les Marchandises sont exclues. Le vendeur, ses repr\u00e9sentants ou agents ne sont pas responsables des dommages qui ne sont pas directement caus\u00e9s aux marchandises. Cela inclut les dommages cons\u00e9cutifs, la perte de profit ou toute autre perte p\u00e9cuniaire. La responsabilit\u00e9 pour les inexactitudes dans les devis (y compris, mais sans s'y limiter, les illustrations, textes et prix incorrects) et la livraison est exclue dans la mesure permise par la loi. Cette exclusion s'applique aux dommages directs, indirects, accessoires, cons\u00e9cutifs ou punitifs. Le vendeur n'est pas responsable des actes, des omissions ou de la conduite d'un tiers dans le cadre de la vente et de la livraison des marchandises, sauf en cas de n\u00e9gligence grave ou de faute intentionnelle.<\/p><p><b>8. COPYRIGHT<\/b><\/p><p>Tout le contenu du Site, y compris, mais sans s'y limiter, les textes, graphiques, logos, images, vid\u00e9os, audios, t\u00e9l\u00e9chargements num\u00e9riques et donn\u00e9es, est la propri\u00e9t\u00e9 d'ALEYANI Fashion &amp; Photography et est prot\u00e9g\u00e9 par les lois applicables en mati\u00e8re de droits d'auteur et autres droits de propri\u00e9t\u00e9 intellectuelle dans le monde entier. La reproduction, la modification, la publication, la transmission, la vente, l'octroi de licences, la d\u00e9rivation ou toute autre utilisation de ce contenu sans l'autorisation \u00e9crite expresse d'ALEYANI Fashion &amp; Photography est strictement interdite. Toutes les marques de commerce, marques de service et appellations commerciales utilis\u00e9es sur le Site sont la propri\u00e9t\u00e9 d'ALEYANI Fashion &amp; Photography ou de leurs propri\u00e9taires respectifs. L'utilisation non autoris\u00e9e de ces marques est interdite et peut donner lieu \u00e0 des poursuites judiciaires.<\/p><p><b>9. POLITIQUE DE CONFIDENTIALIT\u00c9<\/b><\/p><p>ALEYANI Fashion &amp; Photography s'engage \u00e0 prot\u00e9ger tes informations personnelles. La collecte, l'utilisation et le stockage des donn\u00e9es personnelles sont effectu\u00e9s conform\u00e9ment aux r\u00e9glementations applicables en mati\u00e8re de protection des donn\u00e9es et aux directives de protection des donn\u00e9es d'ALEYANI Fashion &amp; Photography. Nous ne recueillons des donn\u00e9es personnelles telles que le nom, l'adresse, l'adresse \u00e9lectronique et les informations de paiement que si tu nous les fournis volontairement ou si elles sont essentielles \u00e0 l'utilisation de nos services. Nous utilisons tes informations pour traiter tes commandes, pour r\u00e9pondre \u00e0 tes demandes, pour t'envoyer des mises \u00e0 jour sur nos produits et services et pour am\u00e9liorer l'utilisation de notre site Internet. ALEYANI Fashion &amp; Photography s'engage \u00e0 ne pas vendre, louer ou transf\u00e9rer de quelque mani\u00e8re que ce soit tes donn\u00e9es personnelles \u00e0 des tiers, sauf si cela est n\u00e9cessaire pour fournir les services command\u00e9s ou exig\u00e9 par la loi.<\/p><p>ALEYANI Fashion &amp; Photography peut envoyer au client des informations sur d'autres produits ou services du vendeur (par exemple sous la forme d'une lettre d'information ou par courrier). Si le client ne souhaite plus recevoir de telles communications de la part du vendeur, il peut se d\u00e9sinscrire \u00e0 tout moment en envoyant un courriel \u00e0 hello@aleyani.ch.<\/p><p>Pour plus d'informations, tu peux te r\u00e9f\u00e9rer \u00e0 la version actuelle de la politique de confidentialit\u00e9 disponible sur www.aleyani-swimwear.ch.<\/p><p><b>10. D\u00c9CLARATION DE RESPONSABILIT\u00c9<\/b><\/p><p>ALEYANI Fashion &amp; Photography d\u00e9cline toute responsabilit\u00e9 pour tout dommage r\u00e9sultant de l'utilisation du site web, des informations ou des services. L'utilisation du site se fait \u00e0 tes risques et p\u00e9rils. Nous ne donnons aucune garantie, expresse ou implicite, quant \u00e0 l'exactitude, la fiabilit\u00e9 ou la disponibilit\u00e9 des informations fournies sur le site Web. Nous nous r\u00e9servons le droit de modifier ou d'interrompre le site Web \u00e0 tout moment et sans pr\u00e9avis.<\/p><p>Il est de ta responsabilit\u00e9 de t'assurer que les produits, services ou informations achet\u00e9s ou obtenus par le biais de notre site Internet r\u00e9pondent \u00e0 tes besoins sp\u00e9cifiques. Nous ne sommes pas responsables des probl\u00e8mes ind\u00e9pendants de notre volont\u00e9, y compris les difficult\u00e9s techniques, les cas de force majeure ou les actions de tiers. Cette clause de non-responsabilit\u00e9 n'exclut pas la responsabilit\u00e9 pour les dommages caus\u00e9s par une n\u00e9gligence grave ou une faute intentionnelle.<\/p><p>En utilisant nos services, tu acceptes d'indemniser ALEYANI Fashion &amp; Photography et ses employ\u00e9s, agents et affili\u00e9s dans toute la mesure permise par la loi.<\/p><p><b>11. UTILISATIONS INTERDITES<\/b><\/p><p>Tu ne dois pas utiliser ou encourager d'autres personnes \u00e0 utiliser le site Web ou les services \u00e0 des fins ill\u00e9gales, y compris, mais sans s'y limiter, la violation des droits de propri\u00e9t\u00e9 intellectuelle, le harc\u00e8lement, l'abus, la discrimination ou la transmission de fausses informations. Tu ne dois pas t\u00e9l\u00e9charger de logiciels malveillants ou interf\u00e9rer avec la fonctionnalit\u00e9 du site Web. Toute tentative de contourner ou d'\u00e9luder les dispositifs de s\u00e9curit\u00e9 est \u00e9galement interdite. Les violations peuvent donner lieu \u00e0 des poursuites judiciaires.<\/p><p><b>12. EXACTITUDE DES INFORMATIONS<\/b><\/p><p>Note que notre site Internet peut contenir des erreurs typographiques, des inexactitudes ou des omissions, notamment en ce qui concerne les promotions et les offres. Nous nous r\u00e9servons le droit de corriger toute erreur ou inexactitude et de mettre \u00e0 jour les informations, m\u00eame apr\u00e8s qu'une commande a \u00e9t\u00e9 pass\u00e9e. Bien que nous nous efforcions d'assurer l'exactitude des informations, nous n'avons aucune obligation de mettre r\u00e9guli\u00e8rement \u00e0 jour les informations sur le site Web, sauf si la loi nous y oblige. La date de la derni\u00e8re mise \u00e0 jour ne garantit pas que toutes les informations soient \u00e0 jour.<\/p><p><b>13. BACKUPS<\/b><\/p><p>ALEYANI Fashion &amp; Photography n'est pas tenue de sauvegarder le contenu des utilisateurs, l'historique des commandes ou d'autres informations fournies sur le site web. Les utilisateurs sont responsables de la sauvegarde et du stockage r\u00e9guliers de leurs propres donn\u00e9es. Nous ne garantissons pas la disponibilit\u00e9 ou la conservation des donn\u00e9es des utilisateurs.<\/p><p><b>14. RESSOURCES LI\u00c9ES<\/b><\/p><p>Notre site web peut contenir des liens vers des sites web de tiers. ALEYANI Fashion &amp; Photography n'a aucun contr\u00f4le sur le contenu ou les pratiques de confidentialit\u00e9 de ces sites web et n'assume aucune responsabilit\u00e9 pour les dommages d\u00e9coulant de leur utilisation. La pr\u00e9sence d'un lien n'implique pas l'approbation du site web li\u00e9 ou de son contenu. Nous ne sommes pas responsables des pratiques de confidentialit\u00e9 des tiers.<\/p><p><b>15. INDEMNIT\u00c9<\/b><\/p><p>Tu acceptes d'indemniser et de tenir ALEYANI Fashion &amp; Photography et ses filiales, agents, affili\u00e9s et employ\u00e9s, \u00e0 l'abri de toute r\u00e9clamation ou demande, y compris les frais raisonnables d'avocat, faite par une tierce partie en raison de ou d\u00e9coulant de ta violation de ces termes et conditions, ou de ta violation de toute loi ou des droits d'une autre personne.<\/p><p><b>16. S\u00c9V\u00c9RABILIT\u00c9<\/b><\/p><p>Si une disposition des pr\u00e9sentes conditions g\u00e9n\u00e9rales est ou devient invalide en tout ou en partie, cela n'affecte pas la validit\u00e9 des autres dispositions. La disposition invalide est remplac\u00e9e par une disposition l\u00e9galement admissible qui se rapproche le plus possible de l'objectif \u00e9conomique de la disposition invalide. Les autres dispositions restent pleinement en vigueur.<\/p><p><b>17. MODIFICATIONS ET AJOUTS<\/b><\/p><p>ALEYANI Fashion &amp; Photography se r\u00e9serve le droit de modifier les pr\u00e9sentes conditions g\u00e9n\u00e9rales \u00e0 tout moment, avec effet imm\u00e9diat d\u00e8s leur publication sur le site Internet. La poursuite de l'utilisation des services apr\u00e8s de telles modifications constitue l'acceptation des conditions modifi\u00e9es. Nous t'informerons de toute modification importante par courrier \u00e9lectronique ou par un avis bien visible sur le site Web.<\/p><p><b>18. ACCEPTATION DE CES CONDITIONS<\/b><\/p><p>En utilisant le site web et les services d'ALEYANI Fashion &amp; Photography, tu acceptes d'\u00eatre li\u00e9 par ces termes et conditions. Si tu n'acceptes pas ces conditions, n'utilise pas nos services. La poursuite de l'utilisation de notre site web constitue l'acceptation de ces termes et conditions.<\/p><p><b>19. LOI APPLICABLE ET JURIDICTION<\/b><\/p><p>Tous les contrats conclus avec ALEYANI Fashion &amp; Photography sont r\u00e9gis par le droit suisse, \u00e0 l'exclusion de ses principes de conflit de lois et de la Convention des Nations unies sur les contrats de vente internationale de marchandises (CISG). Pour les contrats conclus avec des particuliers pour un usage personnel, les dispositions de la loi sur la protection des consommateurs s'appliquent. Dans tous les autres cas, Zurich est le lieu de juridiction exclusif. Les litiges d\u00e9coulant de contrats avec des consommateurs seront trait\u00e9s conform\u00e9ment aux lois applicables en mati\u00e8re de protection des consommateurs.<\/p><p>ALEYANI Mode et photographie, 2024<\/p>\t\t\t\t\t\t\t\t<\/div>\n\t\t\t\t<\/div>\n\t\t\t\t\t<\/div>\n\t\t\t\t<\/div>\n\t\t\t\t<\/div>","protected":false},"excerpt":{"rendered":"<p>1. GENERAL INFORMATION &#8220;ALEYANI&#8221; is a registered trademark of ALEYANI Fashion &amp; Photography. These General Terms and Conditions (GTC) govern all legal relationships arising from sales contracts concluded between ALEYANI Fashion &amp; Photography (Seller) and its customers (Buyer) in the online shop (aleyani-swimwear.ch). Any conflicting terms and conditions of the Buyer are expressly excluded. This [&hellip;]<\/p>\n","protected":false},"author":1,"featured_media":0,"parent":0,"menu_order":0,"comment_status":"closed","ping_status":"closed","template":"elementor_header_footer","meta":{"_acf_changed":false,"footnotes":""},"class_list":["post-1925","page","type-page","status-publish","hentry"],"acf":[],"_links":{"self":[{"href":"https:\/\/aleyani-swimwear.ch\/fr\/wp-json\/wp\/v2\/pages\/1925","targetHints":{"allow":["GET"]}}],"collection":[{"href":"https:\/\/aleyani-swimwear.ch\/fr\/wp-json\/wp\/v2\/pages"}],"about":[{"href":"https:\/\/aleyani-swimwear.ch\/fr\/wp-json\/wp\/v2\/types\/page"}],"author":[{"embeddable":true,"href":"https:\/\/aleyani-swimwear.ch\/fr\/wp-json\/wp\/v2\/users\/1"}],"replies":[{"embeddable":true,"href":"https:\/\/aleyani-swimwear.ch\/fr\/wp-json\/wp\/v2\/comments?post=1925"}],"version-history":[{"count":11,"href":"https:\/\/aleyani-swimwear.ch\/fr\/wp-json\/wp\/v2\/pages\/1925\/revisions"}],"predecessor-version":[{"id":10701,"href":"https:\/\/aleyani-swimwear.ch\/fr\/wp-json\/wp\/v2\/pages\/1925\/revisions\/10701"}],"wp:attachment":[{"href":"https:\/\/aleyani-swimwear.ch\/fr\/wp-json\/wp\/v2\/media?parent=1925"}],"curies":[{"name":"wp","href":"https:\/\/api.w.org\/{rel}","templated":true}]}}