{"id":3486,"date":"2024-09-04T01:45:57","date_gmt":"2024-09-04T01:45:57","guid":{"rendered":"https:\/\/aleyani-swimwear.ch\/?page_id=3486"},"modified":"2025-05-20T08:25:48","modified_gmt":"2025-05-20T08:25:48","slug":"conditions-dexpedition","status":"publish","type":"page","link":"https:\/\/aleyani-swimwear.ch\/fr\/shipping-conditions\/","title":{"rendered":"Conditions d'exp\u00e9dition"},"content":{"rendered":"<div data-elementor-type=\"wp-page\" data-elementor-id=\"3486\" class=\"elementor elementor-3486\" wpc-filter-elementor-widget=\"1\" data-elementor-post-type=\"page\">\n\t\t\t\t<div class=\"elementor-element elementor-element-5a53ce3 e-flex e-con-boxed e-con e-parent\" data-id=\"5a53ce3\" data-element_type=\"container\" data-e-type=\"container\">\n\t\t\t\t\t<div class=\"e-con-inner\">\n\t\t\t\t<div class=\"elementor-element elementor-element-d7a918e elementor-widget-divider--view-line elementor-widget elementor-widget-divider\" data-id=\"d7a918e\" data-element_type=\"widget\" data-e-type=\"widget\" data-widget_type=\"divider.default\">\n\t\t\t\t<div class=\"elementor-widget-container\">\n\t\t\t\t\t\t\t<div class=\"elementor-divider\">\n\t\t\t<span class=\"elementor-divider-separator\">\n\t\t\t\t\t\t<\/span>\n\t\t<\/div>\n\t\t\t\t\t\t<\/div>\n\t\t\t\t<\/div>\n\t\t\t\t<div class=\"elementor-element elementor-element-32a0223 elementor-widget__width-initial elementor-widget-mobile__width-inherit elementor-widget elementor-widget-text-editor\" data-id=\"32a0223\" data-element_type=\"widget\" data-e-type=\"widget\" data-widget_type=\"text-editor.default\">\n\t\t\t\t<div class=\"elementor-widget-container\">\n\t\t\t\t\t\t\t\t\t<p>Nous exp\u00e9dions toutes les commandes en Suisse par <strong>livraison standard gratuite<\/strong> directement depuis notre entrep\u00f4t de Zurich. <strong>Nous nous associons \u00e0 une fondation sociale qui soutient les jeunes handicap\u00e9s gr\u00e2ce \u00e0 des programmes de formation sp\u00e9cialis\u00e9s<\/strong>. Ce partenariat nous permet de les aider \u00e0 atteindre leur objectif d'am\u00e9lioration des perspectives d'emploi gr\u00e2ce \u00e0 l'\u00e9ducation et au renforcement des comp\u00e9tences en logistique.<\/p><p>Tu recevras un <strong>num\u00e9ro de suivi avec chaque colis<\/strong>Tu sais donc exactement o\u00f9 il se trouve. Nous exp\u00e9dions \u00e9galement vers tous les autres pays europ\u00e9ens. Juste un petit conseil : des droits de douane peuvent s'appliquer, selon l'endroit d'o\u00f9 tu commandes. Ils sont \u00e0 la charge du client.<\/p><p>Les commandes sont g\u00e9n\u00e9ralement <strong>exp\u00e9dier sous 1-3 jours ouvrables<\/strong>. Tu recevras un courriel lorsque ta commande sera exp\u00e9di\u00e9e. Si tu as des questions au sujet de ta livraison, appelle notre \u00e9quipe du service \u00e0 la client\u00e8le.<\/p><p>Parfois, malgr\u00e9 tous nos efforts, les services de colis subissent des retards inattendus. Dans ces cas-l\u00e0, nous ne pouvons accepter aucune responsabilit\u00e9 et nous nous excusons pour les d\u00e9sagr\u00e9ments occasionn\u00e9s.<\/p><p>Une fois qu'une commande est exp\u00e9di\u00e9e via notre site Internet, il n'est g\u00e9n\u00e9ralement pas possible de l'annuler. Si tu n'as pas re\u00e7u de confirmation d'exp\u00e9dition et que tu souhaites annuler ou modifier ta commande, contacte-nous imm\u00e9diatement \u00e0 l'aide du formulaire de contact. <em><strong><a href=\"https:\/\/aleyani-swimwear.ch\/fr\/nous-contacter\/\"><span style=\"text-decoration: underline;\">formulaire de contact<\/span><\/a><\/strong><\/em>. Nous ferons de notre mieux pour traiter ta demande avant l'exp\u00e9dition, mais nous ne pouvons pas le garantir.<\/p>\t\t\t\t\t\t\t\t<\/div>\n\t\t\t\t<\/div>\n\t\t<div class=\"elementor-element elementor-element-934fc2f e-con-full elementor-hidden-desktop elementor-hidden-tablet e-flex e-con e-child\" data-id=\"934fc2f\" data-element_type=\"container\" data-e-type=\"container\">\n\t\t<div class=\"elementor-element elementor-element-0c1dfb6 e-con-full e-flex e-con e-child\" data-id=\"0c1dfb6\" data-element_type=\"container\" data-e-type=\"container\">\n\t\t\t\t<div class=\"elementor-element elementor-element-8226b68 elementor-widget elementor-widget-text-editor\" data-id=\"8226b68\" data-element_type=\"widget\" data-e-type=\"widget\" data-widget_type=\"text-editor.default\">\n\t\t\t\t<div class=\"elementor-widget-container\">\n\t\t\t\t\t\t\t\t\t<p><strong>Suisse<\/strong><br \/>CO\u00dbT : Gratuit<br \/>D\u00e9lai de livraison : 1 \u00e0 3 jours ouvrables<br \/>JOURS DE LIVRAISON : Lun - ven<br \/>LE SUIVI ET LA TRA\u00c7ABILIT\u00c9 : OUI<\/p>\t\t\t\t\t\t\t\t<\/div>\n\t\t\t\t<\/div>\n\t\t\t\t<\/div>\n\t\t<div class=\"elementor-element elementor-element-baf916b e-con-full e-flex e-con e-child\" data-id=\"baf916b\" data-element_type=\"container\" data-e-type=\"container\">\n\t\t\t\t<div class=\"elementor-element elementor-element-86f31a9 elementor-widget elementor-widget-text-editor\" data-id=\"86f31a9\" data-element_type=\"widget\" data-e-type=\"widget\" data-widget_type=\"text-editor.default\">\n\t\t\t\t<div class=\"elementor-widget-container\">\n\t\t\t\t\t\t\t\t\t<p><strong>L'UE<\/strong><br \/>CO\u00dbT : 25.00 CHF<br \/>D\u00e9lai de livraison : 5 \u00e0 7 jours ouvrables<br \/>JOURS DE LIVRAISON : Du lundi au vendredi, \u00e9galement possible le samedi<br \/>LE SUIVI ET LA TRA\u00c7ABILIT\u00c9 : OUI<\/p>\t\t\t\t\t\t\t\t<\/div>\n\t\t\t\t<\/div>\n\t\t\t\t<\/div>\n\t\t\t\t<\/div>\n\t\t<div class=\"elementor-element elementor-element-c856c10 e-grid e-con-full elementor-hidden-mobile e-con e-child\" data-id=\"c856c10\" data-element_type=\"container\" data-e-type=\"container\">\n\t\t\t\t<div class=\"elementor-element elementor-element-b8a65af elementor-widget elementor-widget-heading\" data-id=\"b8a65af\" data-element_type=\"widget\" data-e-type=\"widget\" data-widget_type=\"heading.default\">\n\t\t\t\t<div class=\"elementor-widget-container\">\n\t\t\t\t\t<h4 class=\"elementor-heading-title elementor-size-default\">PAYS<\/h4>\t\t\t\t<\/div>\n\t\t\t\t<\/div>\n\t\t\t\t<div class=\"elementor-element elementor-element-a0cf5f0 elementor-widget elementor-widget-heading\" data-id=\"a0cf5f0\" data-element_type=\"widget\" data-e-type=\"widget\" data-widget_type=\"heading.default\">\n\t\t\t\t<div class=\"elementor-widget-container\">\n\t\t\t\t\t<h4 class=\"elementor-heading-title elementor-size-default\">CO\u00dbT<\/h4>\t\t\t\t<\/div>\n\t\t\t\t<\/div>\n\t\t\t\t<div class=\"elementor-element elementor-element-9d1454a elementor-widget elementor-widget-heading\" data-id=\"9d1454a\" data-element_type=\"widget\" data-e-type=\"widget\" data-widget_type=\"heading.default\">\n\t\t\t\t<div class=\"elementor-widget-container\">\n\t\t\t\t\t<h4 class=\"elementor-heading-title elementor-size-default\">D\u00c9LAI DE LIVRAISON<\/h4>\t\t\t\t<\/div>\n\t\t\t\t<\/div>\n\t\t\t\t<div class=\"elementor-element elementor-element-cc9194d elementor-widget elementor-widget-heading\" data-id=\"cc9194d\" data-element_type=\"widget\" data-e-type=\"widget\" data-widget_type=\"heading.default\">\n\t\t\t\t<div class=\"elementor-widget-container\">\n\t\t\t\t\t<h4 class=\"elementor-heading-title elementor-size-default\">JOURS DE LIVRAISON<\/h4>\t\t\t\t<\/div>\n\t\t\t\t<\/div>\n\t\t\t\t<div class=\"elementor-element elementor-element-e23a4af elementor-widget elementor-widget-heading\" data-id=\"e23a4af\" data-element_type=\"widget\" data-e-type=\"widget\" data-widget_type=\"heading.default\">\n\t\t\t\t<div class=\"elementor-widget-container\">\n\t\t\t\t\t<h4 class=\"elementor-heading-title elementor-size-default\">PISTAGE<\/h4>\t\t\t\t<\/div>\n\t\t\t\t<\/div>\n\t\t\t\t<div class=\"elementor-element elementor-element-539cde6 elementor-widget elementor-widget-heading\" data-id=\"539cde6\" data-element_type=\"widget\" data-e-type=\"widget\" data-widget_type=\"heading.default\">\n\t\t\t\t<div class=\"elementor-widget-container\">\n\t\t\t\t\t<h4 class=\"elementor-heading-title elementor-size-default\">Suisse<\/h4>\t\t\t\t<\/div>\n\t\t\t\t<\/div>\n\t\t\t\t<div class=\"elementor-element elementor-element-5f8d8de elementor-widget elementor-widget-heading\" data-id=\"5f8d8de\" data-element_type=\"widget\" data-e-type=\"widget\" data-widget_type=\"heading.default\">\n\t\t\t\t<div class=\"elementor-widget-container\">\n\t\t\t\t\t<h4 class=\"elementor-heading-title elementor-size-default\">Gratuit<\/h4>\t\t\t\t<\/div>\n\t\t\t\t<\/div>\n\t\t\t\t<div class=\"elementor-element elementor-element-0fed1ab elementor-widget elementor-widget-heading\" data-id=\"0fed1ab\" data-element_type=\"widget\" data-e-type=\"widget\" data-widget_type=\"heading.default\">\n\t\t\t\t<div class=\"elementor-widget-container\">\n\t\t\t\t\t<h4 class=\"elementor-heading-title elementor-size-default\">1 - 3 jours ouvrables<\/h4>\t\t\t\t<\/div>\n\t\t\t\t<\/div>\n\t\t\t\t<div class=\"elementor-element elementor-element-992c296 elementor-widget elementor-widget-heading\" data-id=\"992c296\" data-element_type=\"widget\" data-e-type=\"widget\" data-widget_type=\"heading.default\">\n\t\t\t\t<div class=\"elementor-widget-container\">\n\t\t\t\t\t<h4 class=\"elementor-heading-title elementor-size-default\">Du lundi au vendredi<\/h4>\t\t\t\t<\/div>\n\t\t\t\t<\/div>\n\t\t\t\t<div class=\"elementor-element elementor-element-b029fe7 elementor-widget elementor-widget-heading\" data-id=\"b029fe7\" data-element_type=\"widget\" data-e-type=\"widget\" data-widget_type=\"heading.default\">\n\t\t\t\t<div class=\"elementor-widget-container\">\n\t\t\t\t\t<h4 class=\"elementor-heading-title elementor-size-default\">OUI<\/h4>\t\t\t\t<\/div>\n\t\t\t\t<\/div>\n\t\t\t\t<div class=\"elementor-element elementor-element-1c97238 elementor-widget elementor-widget-heading\" data-id=\"1c97238\" data-element_type=\"widget\" data-e-type=\"widget\" data-widget_type=\"heading.default\">\n\t\t\t\t<div class=\"elementor-widget-container\">\n\t\t\t\t\t<h4 class=\"elementor-heading-title elementor-size-default\">L'UE<\/h4>\t\t\t\t<\/div>\n\t\t\t\t<\/div>\n\t\t\t\t<div class=\"elementor-element elementor-element-3a37c40 elementor-widget elementor-widget-heading\" data-id=\"3a37c40\" data-element_type=\"widget\" data-e-type=\"widget\" data-widget_type=\"heading.default\">\n\t\t\t\t<div class=\"elementor-widget-container\">\n\t\t\t\t\t<h4 class=\"elementor-heading-title elementor-size-default\">25.00 CHF<\/h4>\t\t\t\t<\/div>\n\t\t\t\t<\/div>\n\t\t\t\t<div class=\"elementor-element elementor-element-25d0278 elementor-widget elementor-widget-heading\" data-id=\"25d0278\" data-element_type=\"widget\" data-e-type=\"widget\" data-widget_type=\"heading.default\">\n\t\t\t\t<div class=\"elementor-widget-container\">\n\t\t\t\t\t<h4 class=\"elementor-heading-title elementor-size-default\">5 - 7 jours ouvrables<\/h4>\t\t\t\t<\/div>\n\t\t\t\t<\/div>\n\t\t\t\t<div class=\"elementor-element elementor-element-2555f3e elementor-widget elementor-widget-heading\" data-id=\"2555f3e\" data-element_type=\"widget\" data-e-type=\"widget\" data-widget_type=\"heading.default\">\n\t\t\t\t<div class=\"elementor-widget-container\">\n\t\t\t\t\t<h4 class=\"elementor-heading-title elementor-size-default\">Du lundi au vendredi, \u00e9galement possible le samedi<\/h4>\t\t\t\t<\/div>\n\t\t\t\t<\/div>\n\t\t\t\t<div class=\"elementor-element elementor-element-c49c257 elementor-widget elementor-widget-heading\" data-id=\"c49c257\" data-element_type=\"widget\" data-e-type=\"widget\" data-widget_type=\"heading.default\">\n\t\t\t\t<div class=\"elementor-widget-container\">\n\t\t\t\t\t<h4 class=\"elementor-heading-title elementor-size-default\">OUI<\/h4>\t\t\t\t<\/div>\n\t\t\t\t<\/div>\n\t\t\t\t<\/div>\n\t\t\t\t<div class=\"elementor-element elementor-element-6b03a31 elementor-widget__width-initial elementor-widget-mobile__width-inherit elementor-widget elementor-widget-text-editor\" data-id=\"6b03a31\" data-element_type=\"widget\" data-e-type=\"widget\" data-widget_type=\"text-editor.default\">\n\t\t\t\t<div class=\"elementor-widget-container\">\n\t\t\t\t\t\t\t\t\t<p><em>Remarque : pour les livraisons au sein de l'UE, des frais de douane ou des taxes locales peuvent s'appliquer en fonction de la r\u00e9glementation de ton pays. Ces frais sont \u00e0 la charge de l'acheteur.\u00a0<\/em><\/p>\t\t\t\t\t\t\t\t<\/div>\n\t\t\t\t<\/div>\n\t\t\t\t\t<\/div>\n\t\t\t\t<\/div>\n\t\t\t\t<\/div>","protected":false},"excerpt":{"rendered":"<p>We ship all orders within Switzerland via free standard shipping directly from our warehouse in Zurich. We partner with a social foundation that supports young people with disabilities through specialized training programs. This partnership lets us help them achieve their goal of improving future job prospects through education and skill building in logistics. You&#8217;ll get [&hellip;]<\/p>\n","protected":false},"author":1,"featured_media":0,"parent":0,"menu_order":0,"comment_status":"closed","ping_status":"closed","template":"elementor_header_footer","meta":{"_acf_changed":false,"footnotes":""},"class_list":["post-3486","page","type-page","status-publish","hentry"],"acf":[],"_links":{"self":[{"href":"https:\/\/aleyani-swimwear.ch\/fr\/wp-json\/wp\/v2\/pages\/3486","targetHints":{"allow":["GET"]}}],"collection":[{"href":"https:\/\/aleyani-swimwear.ch\/fr\/wp-json\/wp\/v2\/pages"}],"about":[{"href":"https:\/\/aleyani-swimwear.ch\/fr\/wp-json\/wp\/v2\/types\/page"}],"author":[{"embeddable":true,"href":"https:\/\/aleyani-swimwear.ch\/fr\/wp-json\/wp\/v2\/users\/1"}],"replies":[{"embeddable":true,"href":"https:\/\/aleyani-swimwear.ch\/fr\/wp-json\/wp\/v2\/comments?post=3486"}],"version-history":[{"count":78,"href":"https:\/\/aleyani-swimwear.ch\/fr\/wp-json\/wp\/v2\/pages\/3486\/revisions"}],"predecessor-version":[{"id":10539,"href":"https:\/\/aleyani-swimwear.ch\/fr\/wp-json\/wp\/v2\/pages\/3486\/revisions\/10539"}],"wp:attachment":[{"href":"https:\/\/aleyani-swimwear.ch\/fr\/wp-json\/wp\/v2\/media?parent=3486"}],"curies":[{"name":"wp","href":"https:\/\/api.w.org\/{rel}","templated":true}]}}