{"id":352,"date":"2024-07-02T23:09:34","date_gmt":"2024-07-02T23:09:34","guid":{"rendered":"https:\/\/aleyani-swimwear.ch\/?page_id=352"},"modified":"2025-03-09T07:06:59","modified_gmt":"2025-03-09T07:06:59","slug":"a-propos-de-nous","status":"publish","type":"page","link":"https:\/\/aleyani-swimwear.ch\/fr\/about-us\/","title":{"rendered":"\u00c0 propos de nous"},"content":{"rendered":"<div data-elementor-type=\"wp-page\" data-elementor-id=\"352\" class=\"elementor elementor-352\" wpc-filter-elementor-widget=\"1\" data-elementor-post-type=\"page\">\n\t\t\t\t<div class=\"elementor-element elementor-element-202095e e-flex e-con-boxed e-con e-parent\" data-id=\"202095e\" data-element_type=\"container\" data-e-type=\"container\">\n\t\t\t\t\t<div class=\"e-con-inner\">\n\t\t<div class=\"elementor-element elementor-element-c2eb4e1 e-con-full e-flex e-con e-child\" data-id=\"c2eb4e1\" data-element_type=\"container\" data-e-type=\"container\">\n\t\t\t\t<div class=\"elementor-element elementor-element-02274f3 elementor-widget elementor-widget-heading\" data-id=\"02274f3\" data-element_type=\"widget\" data-e-type=\"widget\" data-widget_type=\"heading.default\">\n\t\t\t\t<div class=\"elementor-widget-container\">\n\t\t\t\t\t<h2 class=\"elementor-heading-title elementor-size-default\">LA MARQUE<\/h2>\t\t\t\t<\/div>\n\t\t\t\t<\/div>\n\t\t\t\t<div class=\"elementor-element elementor-element-28ec9ed elementor-widget elementor-widget-heading\" data-id=\"28ec9ed\" data-element_type=\"widget\" data-e-type=\"widget\" data-widget_type=\"heading.default\">\n\t\t\t\t<div class=\"elementor-widget-container\">\n\t\t\t\t\t<h1 class=\"elementor-heading-title elementor-size-default\">ALEYANI SWIMWEAR<\/h1>\t\t\t\t<\/div>\n\t\t\t\t<\/div>\n\t\t\t\t<div class=\"elementor-element elementor-element-d30a6f7 elementor-widget elementor-widget-text-editor\" data-id=\"d30a6f7\" data-element_type=\"widget\" data-e-type=\"widget\" data-widget_type=\"text-editor.default\">\n\t\t\t\t<div class=\"elementor-widget-container\">\n\t\t\t\t\t\t\t\t\t<p class=\"p1\">ALEYANI SWIMWEAR est plus que des maillots de bain - c'est une attitude. Un mainfeste de confiance, de f\u00e9minit\u00e9 audacieuse et d'expression de soi sans crainte.<\/p><p class=\"p1\">Une fusion de confiance, de diversit\u00e9 et d'\u00e9l\u00e9gance intemporelle, inspir\u00e9e par la culture vibrante des plages br\u00e9siliennes, o\u00f9 les courbes sont c\u00e9l\u00e9br\u00e9es, et la pr\u00e9cision du luxe suisse. ALEYANI SWIMWEAR incarne la sophistication sans effort et la qualit\u00e9 exceptionnelle.<\/p><p class=\"p1\">Chaque collection c\u00e9l\u00e8bre l'individualit\u00e9 et l'expression de soi, en veillant \u00e0 ce que chaque femme se sente bien dans sa peau. Chaque pi\u00e8ce est con\u00e7ue pour mettre en valeur la beaut\u00e9 naturelle, embrasser une f\u00e9minit\u00e9 audacieuse et red\u00e9finir ce que signifie avoir confiance en soi.<\/p>\t\t\t\t\t\t\t\t<\/div>\n\t\t\t\t<\/div>\n\t\t\t\t<\/div>\n\t\t<div class=\"elementor-element elementor-element-a58c1e8 e-con-full e-flex e-con e-child\" data-id=\"a58c1e8\" data-element_type=\"container\" data-e-type=\"container\">\n\t\t\t\t<div class=\"elementor-element elementor-element-4898cc9 elementor-widget elementor-widget-image\" data-id=\"4898cc9\" data-element_type=\"widget\" data-e-type=\"widget\" data-widget_type=\"image.default\">\n\t\t\t\t<div class=\"elementor-widget-container\">\n\t\t\t\t\t\t\t\t\t\t\t\t\t\t\t<img fetchpriority=\"high\" decoding=\"async\" width=\"800\" height=\"857\" src=\"https:\/\/aleyani-swimwear.ch\/wp-content\/uploads\/2024\/07\/the-brand-956x1024.webp\" class=\"attachment-large size-large wp-image-531\" alt=\"ALEYANI SWIMWEAR - Une c\u00e9l\u00e9bration de la confiance, de la f\u00e9minit\u00e9 et de l&#039;expression de soi dans les maillots de bain. Donner aux femmes les moyens d&#039;embrasser leur individualit\u00e9.\" srcset=\"https:\/\/aleyani-swimwear.ch\/wp-content\/uploads\/2024\/07\/the-brand-956x1024.webp 956w, https:\/\/aleyani-swimwear.ch\/wp-content\/uploads\/2024\/07\/the-brand-600x643.webp 600w, https:\/\/aleyani-swimwear.ch\/wp-content\/uploads\/2024\/07\/the-brand-280x300.webp 280w, https:\/\/aleyani-swimwear.ch\/wp-content\/uploads\/2024\/07\/the-brand-768x823.webp 768w, https:\/\/aleyani-swimwear.ch\/wp-content\/uploads\/2024\/07\/the-brand-1434x1536.webp 1434w, https:\/\/aleyani-swimwear.ch\/wp-content\/uploads\/2024\/07\/the-brand.webp 1600w\" sizes=\"(max-width: 800px) 100vw, 800px\" \/>\t\t\t\t\t\t\t\t\t\t\t\t\t\t\t<\/div>\n\t\t\t\t<\/div>\n\t\t\t\t<\/div>\n\t\t\t\t\t<\/div>\n\t\t\t\t<\/div>\n\t\t<div class=\"elementor-element elementor-element-9ce3d24 e-flex e-con-boxed e-con e-parent\" data-id=\"9ce3d24\" data-element_type=\"container\" data-e-type=\"container\" data-settings=\"{&quot;background_background&quot;:&quot;classic&quot;}\">\n\t\t\t\t\t<div class=\"e-con-inner\">\n\t\t<div class=\"elementor-element elementor-element-49740bb e-con-full e-flex e-con e-child\" data-id=\"49740bb\" data-element_type=\"container\" data-e-type=\"container\">\n\t\t\t\t<div class=\"elementor-element elementor-element-9f2843b elementor-widget elementor-widget-image\" data-id=\"9f2843b\" data-element_type=\"widget\" data-e-type=\"widget\" data-widget_type=\"image.default\">\n\t\t\t\t<div class=\"elementor-widget-container\">\n\t\t\t\t\t\t\t\t\t\t\t\t\t\t\t<img decoding=\"async\" width=\"563\" height=\"600\" src=\"https:\/\/aleyani-swimwear.ch\/wp-content\/uploads\/2024\/07\/two-girl-img.webp\" class=\"attachment-full size-full wp-image-532\" alt=\"ALEYANI SWIMWEAR - Une c\u00e9l\u00e9bration de la confiance, de la f\u00e9minit\u00e9 et de l&#039;expression de soi dans les maillots de bain. Donner aux femmes les moyens d&#039;embrasser leur individualit\u00e9.\" srcset=\"https:\/\/aleyani-swimwear.ch\/wp-content\/uploads\/2024\/07\/two-girl-img.webp 563w, https:\/\/aleyani-swimwear.ch\/wp-content\/uploads\/2024\/07\/two-girl-img-282x300.webp 282w\" sizes=\"(max-width: 563px) 100vw, 563px\" \/>\t\t\t\t\t\t\t\t\t\t\t\t\t\t\t<\/div>\n\t\t\t\t<\/div>\n\t\t\t\t<\/div>\n\t\t<div class=\"elementor-element elementor-element-efbc267 e-con-full e-flex e-con e-child\" data-id=\"efbc267\" data-element_type=\"container\" data-e-type=\"container\">\n\t\t\t\t<div class=\"elementor-element elementor-element-76313e0 elementor-widget elementor-widget-heading\" data-id=\"76313e0\" data-element_type=\"widget\" data-e-type=\"widget\" data-widget_type=\"heading.default\">\n\t\t\t\t<div class=\"elementor-widget-container\">\n\t\t\t\t\t<h3 class=\"elementor-heading-title elementor-size-default\">LA FONDEUSE<\/h3>\t\t\t\t<\/div>\n\t\t\t\t<\/div>\n\t\t\t\t<div class=\"elementor-element elementor-element-9803120 elementor-widget elementor-widget-heading\" data-id=\"9803120\" data-element_type=\"widget\" data-e-type=\"widget\" data-widget_type=\"heading.default\">\n\t\t\t\t<div class=\"elementor-widget-container\">\n\t\t\t\t\t<h2 class=\"elementor-heading-title elementor-size-default\">LE VISIONNAIRE DERRI\u00c8RE ALEYANI<\/h2>\t\t\t\t<\/div>\n\t\t\t\t<\/div>\n\t\t\t\t<div class=\"elementor-element elementor-element-08b941c elementor-widget elementor-widget-text-editor\" data-id=\"08b941c\" data-element_type=\"widget\" data-e-type=\"widget\" data-widget_type=\"text-editor.default\">\n\t\t\t\t<div class=\"elementor-widget-container\">\n\t\t\t\t\t\t\t\t\t<p class=\"p1\">ALEYANI SWIMWEAR est n\u00e9e d'un amour pour le mouvement, le soleil sur la peau nue et la libert\u00e9 de l'oc\u00e9an. Avec une formation en finance, la fondatrice allie une pens\u00e9e rationnelle et une vision cr\u00e9ative, port\u00e9e par une passion pour le design, l'aventure et l'expression audacieuse de soi.<\/p><p class=\"p1\">Pour elle, voyager ne consiste pas seulement \u00e0 explorer de nouveaux endroits - il s'agit d'embrasser la libert\u00e9 et de trouver l'inspiration dans chaque voyage. Des plages baign\u00e9es de soleil aux villes anim\u00e9es, chaque exp\u00e9rience alimente sa cr\u00e9ativit\u00e9. En tant que conteuse naturelle, elle canalise la beaut\u00e9, la confiance et l'\u00e9nergie dans chaque pi\u00e8ce d'ALEYANI SWIMWEAR.<\/p><p class=\"p1\">ALEYANI SWIMWEAR n\u2019est pas qu\u2019une marque, c\u2019est un mode de vie libre, un esprit audacieux et une f\u00e9minit\u00e9 pleine de pouvoir. Un appel aux femmes pour qu\u2019elles s\u2019approprient leur pouvoir, leurs courbes et avancent avec confiance et s\u00e9duction.<\/p>\t\t\t\t\t\t\t\t<\/div>\n\t\t\t\t<\/div>\n\t\t\t\t<\/div>\n\t\t\t\t\t<\/div>\n\t\t\t\t<\/div>\n\t\t<div class=\"elementor-element elementor-element-5ea0f19 e-flex e-con-boxed e-con e-parent\" data-id=\"5ea0f19\" data-element_type=\"container\" data-e-type=\"container\">\n\t\t\t\t\t<div class=\"e-con-inner\">\n\t\t<div class=\"elementor-element elementor-element-09ede95 e-con-full e-flex e-con e-child\" data-id=\"09ede95\" data-element_type=\"container\" data-e-type=\"container\">\n\t\t\t\t<div class=\"elementor-element elementor-element-a5b4fbe elementor-widget elementor-widget-heading\" data-id=\"a5b4fbe\" data-element_type=\"widget\" data-e-type=\"widget\" data-widget_type=\"heading.default\">\n\t\t\t\t<div class=\"elementor-widget-container\">\n\t\t\t\t\t<h5 class=\"elementor-heading-title elementor-size-default\">L'ID\u00c9E<\/h5>\t\t\t\t<\/div>\n\t\t\t\t<\/div>\n\t\t\t\t<div class=\"elementor-element elementor-element-df38c2e elementor-widget elementor-widget-heading\" data-id=\"df38c2e\" data-element_type=\"widget\" data-e-type=\"widget\" data-widget_type=\"heading.default\">\n\t\t\t\t<div class=\"elementor-widget-container\">\n\t\t\t\t\t<h2 class=\"elementor-heading-title elementor-size-default\">L'HISTOIRE D'ALEYANI<\/h2>\t\t\t\t<\/div>\n\t\t\t\t<\/div>\n\t\t\t\t<div class=\"elementor-element elementor-element-e2e2aeb elementor-widget elementor-widget-text-editor\" data-id=\"e2e2aeb\" data-element_type=\"widget\" data-e-type=\"widget\" data-widget_type=\"text-editor.default\">\n\t\t\t\t<div class=\"elementor-widget-container\">\n\t\t\t\t\t\t\t\t\t<p class=\"p1\">L'id\u00e9e d'ALEYANI SWIMWEAR est n\u00e9e d'une passion pour les voyages, la mode et la beaut\u00e9 des corps authentiques et confiants. Un bikini est plus qu'un simple v\u00eatement - il repr\u00e9sente l'aventure, la confiance et une libert\u00e9 sans limites.<\/p><p class=\"p1\">En m\u00ealant l'insouciance des plages br\u00e9siliennes \u00e0 la pr\u00e9cision et \u00e0 la qualit\u00e9 qui font la r\u00e9putation de la Suisse, ALEYANI SWIMWEAR cr\u00e9e des maillots de bain qui harmonisent la mode, la coupe et la durabilit\u00e9.<\/p><p class=\"translation-block\">D\u00e9couvre ta coupe parfaite avec l'aide de notre <a href=\"https:\/\/aleyani-swimwear.ch\/fr\/guide-dajustement\/\" target=\"_self\"><span style=\"text-decoration : underline\">Guide des coupes<\/span><\/a>.<\/p>\t\t\t\t\t\t\t\t<\/div>\n\t\t\t\t<\/div>\n\t\t\t\t<\/div>\n\t\t<div class=\"elementor-element elementor-element-a4c9ace e-con-full e-flex e-con e-child\" data-id=\"a4c9ace\" data-element_type=\"container\" data-e-type=\"container\">\n\t\t\t\t<div class=\"elementor-element elementor-element-c91ed31 elementor-widget elementor-widget-image\" data-id=\"c91ed31\" data-element_type=\"widget\" data-e-type=\"widget\" data-widget_type=\"image.default\">\n\t\t\t\t<div class=\"elementor-widget-container\">\n\t\t\t\t\t\t\t\t\t\t\t\t\t\t\t<img decoding=\"async\" width=\"800\" height=\"852\" src=\"https:\/\/aleyani-swimwear.ch\/wp-content\/uploads\/2024\/08\/DSC2353-961x1024.jpg\" class=\"attachment-large size-large wp-image-3141\" alt=\"ALEYANI SWIMWEAR - Une c\u00e9l\u00e9bration de la confiance, de la f\u00e9minit\u00e9 et de l&#039;expression de soi dans les maillots de bain. Donner aux femmes les moyens d&#039;embrasser leur individualit\u00e9.\" srcset=\"https:\/\/aleyani-swimwear.ch\/wp-content\/uploads\/2024\/08\/DSC2353-961x1024.jpg 961w, https:\/\/aleyani-swimwear.ch\/wp-content\/uploads\/2024\/08\/DSC2353-282x300.jpg 282w, https:\/\/aleyani-swimwear.ch\/wp-content\/uploads\/2024\/08\/DSC2353-768x818.jpg 768w, https:\/\/aleyani-swimwear.ch\/wp-content\/uploads\/2024\/08\/DSC2353-1441x1536.jpg 1441w, https:\/\/aleyani-swimwear.ch\/wp-content\/uploads\/2024\/08\/DSC2353-1922x2048.jpg 1922w, https:\/\/aleyani-swimwear.ch\/wp-content\/uploads\/2024\/08\/DSC2353-600x639.jpg 600w\" sizes=\"(max-width: 800px) 100vw, 800px\" \/>\t\t\t\t\t\t\t\t\t\t\t\t\t\t\t<\/div>\n\t\t\t\t<\/div>\n\t\t\t\t<\/div>\n\t\t\t\t\t<\/div>\n\t\t\t\t<\/div>\n\t\t<div class=\"elementor-element elementor-element-b880c47 e-flex e-con-boxed e-con e-parent\" data-id=\"b880c47\" data-element_type=\"container\" data-e-type=\"container\" data-settings=\"{&quot;background_background&quot;:&quot;classic&quot;}\">\n\t\t\t\t\t<div class=\"e-con-inner\">\n\t\t<div class=\"elementor-element elementor-element-929cc71 e-con-full e-flex e-con e-child\" data-id=\"929cc71\" data-element_type=\"container\" data-e-type=\"container\">\n\t\t\t\t<div class=\"elementor-element elementor-element-69d6da8 elementor-widget elementor-widget-image\" data-id=\"69d6da8\" data-element_type=\"widget\" data-e-type=\"widget\" data-widget_type=\"image.default\">\n\t\t\t\t<div class=\"elementor-widget-container\">\n\t\t\t\t\t\t\t\t\t\t\t\t\t\t\t<img loading=\"lazy\" decoding=\"async\" width=\"563\" height=\"600\" src=\"https:\/\/aleyani-swimwear.ch\/wp-content\/uploads\/2024\/08\/Frauen-in-Bikinis_Body-Positivity.jpg\" class=\"attachment-full size-full wp-image-3124\" alt=\"ALEYANI SWIMWEAR - Une c\u00e9l\u00e9bration de la confiance, de la f\u00e9minit\u00e9 et de l&#039;expression de soi dans les maillots de bain. Donner aux femmes les moyens d&#039;embrasser leur individualit\u00e9.\" srcset=\"https:\/\/aleyani-swimwear.ch\/wp-content\/uploads\/2024\/08\/Frauen-in-Bikinis_Body-Positivity.jpg 563w, https:\/\/aleyani-swimwear.ch\/wp-content\/uploads\/2024\/08\/Frauen-in-Bikinis_Body-Positivity-282x300.jpg 282w\" sizes=\"(max-width: 563px) 100vw, 563px\" \/>\t\t\t\t\t\t\t\t\t\t\t\t\t\t\t<\/div>\n\t\t\t\t<\/div>\n\t\t\t\t<\/div>\n\t\t<div class=\"elementor-element elementor-element-fba5560 e-con-full e-flex e-con e-child\" data-id=\"fba5560\" data-element_type=\"container\" data-e-type=\"container\">\n\t\t\t\t<div class=\"elementor-element elementor-element-69ae35f elementor-widget elementor-widget-heading\" data-id=\"69ae35f\" data-element_type=\"widget\" data-e-type=\"widget\" data-widget_type=\"heading.default\">\n\t\t\t\t<div class=\"elementor-widget-container\">\n\t\t\t\t\t<h5 class=\"elementor-heading-title elementor-size-default\">NOTRE MOTIVATION<\/h5>\t\t\t\t<\/div>\n\t\t\t\t<\/div>\n\t\t\t\t<div class=\"elementor-element elementor-element-a17a906 elementor-widget elementor-widget-heading\" data-id=\"a17a906\" data-element_type=\"widget\" data-e-type=\"widget\" data-widget_type=\"heading.default\">\n\t\t\t\t<div class=\"elementor-widget-container\">\n\t\t\t\t\t<h2 class=\"elementor-heading-title elementor-size-default\">RED\u00c9FINIR LA CONFIANCE EN SOI AVEC ALEYANI SWIMWEAR<\/h2>\t\t\t\t<\/div>\n\t\t\t\t<\/div>\n\t\t\t\t<div class=\"elementor-element elementor-element-37136df elementor-widget elementor-widget-text-editor\" data-id=\"37136df\" data-element_type=\"widget\" data-e-type=\"widget\" data-widget_type=\"text-editor.default\">\n\t\t\t\t<div class=\"elementor-widget-container\">\n\t\t\t\t\t\t\t\t\t<p class=\"p1\">Nous avons toutes des moments o\u00f9 le doute s'immisce, surtout lorsqu'il s'agit de maillots de bain. Chez ALEYANI SWIMWEAR, nous pensons que chaque femme m\u00e9rite de se sentir forte, confiante et belle dans sa peau.<\/p><p class=\"p1\">C'est pourquoi nous concevons des bikinis qui c\u00e9l\u00e8brent l'individualit\u00e9 et l'authenticit\u00e9, plut\u00f4t que de poursuivre des id\u00e9aux de beaut\u00e9 irr\u00e9alistes. Notre mission est de cr\u00e9er un mouvement d'amour de soi et d'autonomisation - parce que chaque corps est un corps de bikini.<\/p><p class=\"p1\">En savoir plus sur notre\u00a0<a href=\"https:\/\/aleyani-swimwear.ch\/fr\/positivite-du-corps\/\"><span style=\"text-decoration: underline;\">BODY POSITIVITY<\/span><\/a> philosophie.\u00a0<\/p>\t\t\t\t\t\t\t\t<\/div>\n\t\t\t\t<\/div>\n\t\t\t\t<\/div>\n\t\t\t\t\t<\/div>\n\t\t\t\t<\/div>\n\t\t<div class=\"elementor-element elementor-element-4e66d46 e-flex e-con-boxed e-con e-parent\" data-id=\"4e66d46\" data-element_type=\"container\" data-e-type=\"container\">\n\t\t\t\t\t<div class=\"e-con-inner\">\n\t\t<div class=\"elementor-element elementor-element-5b27175 e-con-full e-flex e-con e-child\" data-id=\"5b27175\" data-element_type=\"container\" data-e-type=\"container\">\n\t\t\t\t<div class=\"elementor-element elementor-element-794c88d elementor-widget elementor-widget-heading\" data-id=\"794c88d\" data-element_type=\"widget\" data-e-type=\"widget\" data-widget_type=\"heading.default\">\n\t\t\t\t<div class=\"elementor-widget-container\">\n\t\t\t\t\t<h5 class=\"elementor-heading-title elementor-size-default\">NOTRE MISSION<\/h5>\t\t\t\t<\/div>\n\t\t\t\t<\/div>\n\t\t\t\t<div class=\"elementor-element elementor-element-d25453e elementor-widget elementor-widget-heading\" data-id=\"d25453e\" data-element_type=\"widget\" data-e-type=\"widget\" data-widget_type=\"heading.default\">\n\t\t\t\t<div class=\"elementor-widget-container\">\n\t\t\t\t\t<h2 class=\"elementor-heading-title elementor-size-default\">SEXY, REBELLE ET DIVERSIFI\u00c9E<\/h2>\t\t\t\t<\/div>\n\t\t\t\t<\/div>\n\t\t\t\t<div class=\"elementor-element elementor-element-ce84b8c elementor-widget elementor-widget-text-editor\" data-id=\"ce84b8c\" data-element_type=\"widget\" data-e-type=\"widget\" data-widget_type=\"text-editor.default\">\n\t\t\t\t<div class=\"elementor-widget-container\">\n\t\t\t\t\t\t\t\t\t<p class=\"p1\">Chez ALEYANI, nous avons pour mission de red\u00e9finir les normes de l'industrie des maillots de bain en c\u00e9l\u00e9brant la diversit\u00e9 et en renfor\u00e7ant l'autonomie des femmes. Notre objectif est de cr\u00e9er un mouvement qui encourage les femmes de formes et de tailles diff\u00e9rentes \u00e0 embrasser leur individualit\u00e9.<\/p><p class=\"p1\">Nous favorisons une communaut\u00e9 de femmes audacieuses et confiantes qui c\u00e9l\u00e8brent leurs courbes et s'affranchissent des attentes de la soci\u00e9t\u00e9. Notre credo, \"Sexy, rebelle et diversifi\u00e9\", est au c\u0153ur d'ALEYANI et refl\u00e8te notre engagement en faveur de l'autonomisation des femmes et de la diversit\u00e9 en mati\u00e8re de beaut\u00e9.<\/p><p>Rejoins notre communaut\u00e9 de <span style=\"text-decoration: underline;\"><a href=\"https:\/\/www.instagram.com\/aleyani_swim\" target=\"_blank\" rel=\"noopener\">#ALEYANIRebels<\/a><\/span> en nous suivant sur Instagram.<\/p>\t\t\t\t\t\t\t\t<\/div>\n\t\t\t\t<\/div>\n\t\t\t\t<\/div>\n\t\t<div class=\"elementor-element elementor-element-be2ac54 e-con-full elementor-hidden-tablet elementor-hidden-mobile e-flex e-con e-child\" data-id=\"be2ac54\" data-element_type=\"container\" data-e-type=\"container\">\n\t\t\t\t<div class=\"elementor-element elementor-element-2c3876b elementor-widget elementor-widget-image\" data-id=\"2c3876b\" data-element_type=\"widget\" data-e-type=\"widget\" data-widget_type=\"image.default\">\n\t\t\t\t<div class=\"elementor-widget-container\">\n\t\t\t\t\t\t\t\t\t\t\t\t\t\t\t<img loading=\"lazy\" decoding=\"async\" width=\"563\" height=\"600\" src=\"https:\/\/aleyani-swimwear.ch\/wp-content\/uploads\/2024\/09\/Blaues-Triangle-Bikini_ALEYANI_sexy-und-nachhaltig.jpg\" class=\"attachment-large size-large wp-image-3427\" alt=\"ALEYANI SWIMWEAR - Une c\u00e9l\u00e9bration de la confiance, de la f\u00e9minit\u00e9 et de l&#039;expression de soi dans les maillots de bain. Donner aux femmes les moyens d&#039;embrasser leur individualit\u00e9.\" srcset=\"https:\/\/aleyani-swimwear.ch\/wp-content\/uploads\/2024\/09\/Blaues-Triangle-Bikini_ALEYANI_sexy-und-nachhaltig.jpg 563w, https:\/\/aleyani-swimwear.ch\/wp-content\/uploads\/2024\/09\/Blaues-Triangle-Bikini_ALEYANI_sexy-und-nachhaltig-282x300.jpg 282w\" sizes=\"(max-width: 563px) 100vw, 563px\" \/>\t\t\t\t\t\t\t\t\t\t\t\t\t\t\t<\/div>\n\t\t\t\t<\/div>\n\t\t\t\t<\/div>\n\t\t\t\t\t<\/div>\n\t\t\t\t<\/div>\n\t\t<div class=\"elementor-element elementor-element-03ee0c6 e-flex e-con-boxed e-con e-parent\" data-id=\"03ee0c6\" data-element_type=\"container\" data-e-type=\"container\" data-settings=\"{&quot;background_background&quot;:&quot;classic&quot;}\">\n\t\t\t\t\t<div class=\"e-con-inner\">\n\t\t\t\t<div class=\"elementor-element elementor-element-11333dc elementor-widget-mobile__width-inherit elementor-widget elementor-widget-heading\" data-id=\"11333dc\" data-element_type=\"widget\" data-e-type=\"widget\" data-widget_type=\"heading.default\">\n\t\t\t\t<div class=\"elementor-widget-container\">\n\t\t\t\t\t<div class=\"elementor-heading-title elementor-size-default\">REJOINS-NOUS POUR UN VOYAGE VERS UNE<br> UN AVENIR DURABLE !<\/div>\t\t\t\t<\/div>\n\t\t\t\t<\/div>\n\t\t\t\t<div class=\"elementor-element elementor-element-8f17293 elementor-widget elementor-widget-heading\" data-id=\"8f17293\" data-element_type=\"widget\" data-e-type=\"widget\" data-widget_type=\"heading.default\">\n\t\t\t\t<div class=\"elementor-widget-container\">\n\t\t\t\t\t<h2 class=\"elementor-heading-title elementor-size-default\">En savoir plus sur les pratiques \u00e9cologiques d'ALEYANI.<\/h2>\t\t\t\t<\/div>\n\t\t\t\t<\/div>\n\t\t\t\t<div class=\"elementor-element elementor-element-edcc70e elementor-widget elementor-widget-button\" data-id=\"edcc70e\" data-element_type=\"widget\" data-e-type=\"widget\" data-widget_type=\"button.default\">\n\t\t\t\t<div class=\"elementor-widget-container\">\n\t\t\t\t\t\t\t\t\t<div class=\"elementor-button-wrapper\">\n\t\t\t\t\t<a class=\"elementor-button elementor-button-link elementor-size-sm\" href=\"https:\/\/aleyani-swimwear.ch\/fr\/sustainable-swimwear\/\">\n\t\t\t\t\t\t<span class=\"elementor-button-content-wrapper\">\n\t\t\t\t\t\t\t\t\t<span class=\"elementor-button-text\">PRATIQUES DURABLES <\/span>\n\t\t\t\t\t<\/span>\n\t\t\t\t\t<\/a>\n\t\t\t\t<\/div>\n\t\t\t\t\t\t\t\t<\/div>\n\t\t\t\t<\/div>\n\t\t\t\t\t<\/div>\n\t\t\t\t<\/div>\n\t\t\t\t<\/div>","protected":false},"excerpt":{"rendered":"<p>THE BRAND ALEYANI SWIMWEAR ALEYANI SWIMWEAR is more than swimwear \u2013 it\u2019s an attitude. A statement of confidence, bold femininity, and fearless self-expression. A fusion of confidence, diversity, and timeless elegance, inspired by Brazil\u2019s vibrant beach culture where curves are celebrated, and Swiss luxury precision. ALEYANI SWIMWEAR embodies effortless sophistication and exceptional quality. Each collection [&hellip;]<\/p>\n","protected":false},"author":1,"featured_media":0,"parent":0,"menu_order":0,"comment_status":"closed","ping_status":"closed","template":"elementor_header_footer","meta":{"_acf_changed":false,"footnotes":""},"class_list":["post-352","page","type-page","status-publish","hentry"],"acf":[],"_links":{"self":[{"href":"https:\/\/aleyani-swimwear.ch\/fr\/wp-json\/wp\/v2\/pages\/352","targetHints":{"allow":["GET"]}}],"collection":[{"href":"https:\/\/aleyani-swimwear.ch\/fr\/wp-json\/wp\/v2\/pages"}],"about":[{"href":"https:\/\/aleyani-swimwear.ch\/fr\/wp-json\/wp\/v2\/types\/page"}],"author":[{"embeddable":true,"href":"https:\/\/aleyani-swimwear.ch\/fr\/wp-json\/wp\/v2\/users\/1"}],"replies":[{"embeddable":true,"href":"https:\/\/aleyani-swimwear.ch\/fr\/wp-json\/wp\/v2\/comments?post=352"}],"version-history":[{"count":116,"href":"https:\/\/aleyani-swimwear.ch\/fr\/wp-json\/wp\/v2\/pages\/352\/revisions"}],"predecessor-version":[{"id":10294,"href":"https:\/\/aleyani-swimwear.ch\/fr\/wp-json\/wp\/v2\/pages\/352\/revisions\/10294"}],"wp:attachment":[{"href":"https:\/\/aleyani-swimwear.ch\/fr\/wp-json\/wp\/v2\/media?parent=352"}],"curies":[{"name":"wp","href":"https:\/\/api.w.org\/{rel}","templated":true}]}}