{"id":410,"date":"2024-07-03T00:39:51","date_gmt":"2024-07-03T00:39:51","guid":{"rendered":"https:\/\/aleyani-swimwear.ch\/?page_id=410"},"modified":"2024-10-20T01:35:12","modified_gmt":"2024-10-20T01:35:12","slug":"politique-de-retour","status":"publish","type":"page","link":"https:\/\/aleyani-swimwear.ch\/fr\/return-policy\/","title":{"rendered":"Politique de retour"},"content":{"rendered":"<div data-elementor-type=\"wp-page\" data-elementor-id=\"410\" class=\"elementor elementor-410\" wpc-filter-elementor-widget=\"1\" data-elementor-post-type=\"page\">\n\t\t\t\t<div class=\"elementor-element elementor-element-d955057 e-flex e-con-boxed e-con e-parent\" data-id=\"d955057\" data-element_type=\"container\" data-e-type=\"container\">\n\t\t\t\t\t<div class=\"e-con-inner\">\n\t\t\t\t<div class=\"elementor-element elementor-element-852af7e elementor-widget-divider--view-line elementor-widget elementor-widget-divider\" data-id=\"852af7e\" data-element_type=\"widget\" data-e-type=\"widget\" data-widget_type=\"divider.default\">\n\t\t\t\t<div class=\"elementor-widget-container\">\n\t\t\t\t\t\t\t<div class=\"elementor-divider\">\n\t\t\t<span class=\"elementor-divider-separator\">\n\t\t\t\t\t\t<\/span>\n\t\t<\/div>\n\t\t\t\t\t\t<\/div>\n\t\t\t\t<\/div>\n\t\t\t\t<div class=\"elementor-element elementor-element-5e35ffd elementor-widget__width-initial elementor-widget-mobile__width-inherit elementor-widget elementor-widget-text-editor\" data-id=\"5e35ffd\" data-element_type=\"widget\" data-e-type=\"widget\" data-widget_type=\"text-editor.default\">\n\t\t\t\t<div class=\"elementor-widget-container\">\n\t\t\t\t\t\t\t\t\t<p>Nous nous soucions de notre environnement. C'est pourquoi nous ne proposons pas de retours gratuits. Cela conduit souvent \u00e0 des achats impulsifs qui doivent \u00eatre retourn\u00e9s. Merci de faire tes achats en toute conscience.\u00a0<\/p><p>Nos bas de bikini taille haute <a href=\"https:\/\/aleyani-swimwear.ch\/fr\/guide-dajustement\/\"><span style=\"text-decoration: underline;\">Fit Guide<\/span><\/a> et <a href=\"https:\/\/aleyani-swimwear.ch\/fr\/guide-des-tailles\/\"><span style=\"text-decoration: underline;\">Guide des tailles<\/span><\/a> t'aideront \u00e0 trouver la bonne taille et la bonne coupe pour que tu te sentes \u00e0 l'aise et sexy dans nos maillots de bain. Cependant, si ta commande ne te convient pas ou ne r\u00e9pond pas \u00e0 tes attentes, les conditions suivantes s'appliquent :<\/p><p><strong>POLITIQUE DE RETOUR ET REMBOURSEMENTS<\/strong><\/p><p>Tu as 14 jours calendaires \u00e0 compter de la livraison des marchandises pour les retourner. Les remboursements seront effectu\u00e9s sur le mode de paiement initial.<\/p><p><strong>ARTICLES RETOURNABLES<\/strong><\/p><p>Les articles ne peuvent \u00eatre retourn\u00e9s que s'ils n'ont pas \u00e9t\u00e9 utilis\u00e9s et que toutes les \u00e9tiquettes et les doublures hygi\u00e9niques sont encore attach\u00e9es. Les articles ne doivent pas avoir \u00e9t\u00e9 port\u00e9s, lav\u00e9s ou modifi\u00e9s. Les articles achet\u00e9s en solde ne peuvent pas \u00eatre retourn\u00e9s. En outre, les articles qui pr\u00e9sentent des signes d'usure, tels que des taches ou des odeurs, ne peuvent pas \u00eatre retourn\u00e9s et le seront \u00e0 tes frais.<\/p><p><strong>RETURN PROCESS<\/strong><\/p><ol><li>Connecte-toi \u00e0 ton compte client<\/li><li>T\u00e9l\u00e9charge et imprime le formulaire de retour<\/li><li>Inscris la raison du retour sur le formulaire<\/li><li>Inclure le formulaire de retour avec le colis<\/li><li>Envoie le colis \u00e0 l'adresse indiqu\u00e9e sur le formulaire<\/li><\/ol><p>Pour les commandes d'invit\u00e9s, cr\u00e9e un compte avec l'e-mail que tu as utilis\u00e9 pour ta commande d'invit\u00e9. Tu y trouveras le formulaire de retour.<\/p><p><strong>CO\u00dbTS ET RETOURS<\/strong><\/p><p>Les frais de retour sont \u00e0 ta charge. Nous te recommandons vivement d'envoyer le retour en utilisant un mode d'exp\u00e9dition avec suivi pour garantir une livraison s\u00fbre et tra\u00e7able. Tu noteras qu'un remboursement n'est possible que si le retour nous parvient dans les d\u00e9lais impartis.<\/p><p><strong>PRODUIT D\u00c9FECTUEUX OU MAUVAISE LIVRAISON<\/strong><\/p><p>Dans le cas d'une erreur de fabrication ou d'une livraison incorrecte, tu dois <a href=\"https:\/\/aleyani-swimwear.ch\/fr\/nous-contacter\/\"><span style=\"text-decoration: underline;\">Contact<\/span><\/a> pour une assistance rapide.<\/p><p><strong>COLIS NON DISTRIBUABLES OU NON ACCEPT\u00c9S<\/strong><\/p><p>Les colis qui ne peuvent pas \u00eatre livr\u00e9s en raison d'une adresse de livraison incorrecte seront trait\u00e9s comme un retour normal. Tu recevras une note de cr\u00e9dit correspondant \u00e0 la valeur originale de la commande, moins les frais de livraison du retour.<\/p><p><strong>TU AS BESOIN D'AIDE ?<\/strong><\/p><p>Si tu as des questions ou si tu rencontres un probl\u00e8me avec un article d\u00e9fectueux, n'h\u00e9site pas \u00e0 nous contacter \u00e0 tout moment via <span style=\"text-decoration: underline;\"><a href=\"https:\/\/aleyani-swimwear.ch\/fr\/nous-contacter\/\">formulaire de contact<\/a><\/span>.<\/p>\t\t\t\t\t\t\t\t<\/div>\n\t\t\t\t<\/div>\n\t\t\t\t\t<\/div>\n\t\t\t\t<\/div>\n\t\t\t\t<\/div>","protected":false},"excerpt":{"rendered":"<p>We care about our environment. That is why we do not offer free returns. This often leads to impulse purchases that have to be returned. Thank you for shopping consciously.\u00a0 Our Fit Guide and Size Guide will help you find the right size and fit to make you feel comfortable and sexy in our swimwear. [&hellip;]<\/p>\n","protected":false},"author":1,"featured_media":0,"parent":0,"menu_order":0,"comment_status":"closed","ping_status":"closed","template":"elementor_header_footer","meta":{"_acf_changed":false,"footnotes":""},"class_list":["post-410","page","type-page","status-publish","hentry"],"acf":[],"_links":{"self":[{"href":"https:\/\/aleyani-swimwear.ch\/fr\/wp-json\/wp\/v2\/pages\/410","targetHints":{"allow":["GET"]}}],"collection":[{"href":"https:\/\/aleyani-swimwear.ch\/fr\/wp-json\/wp\/v2\/pages"}],"about":[{"href":"https:\/\/aleyani-swimwear.ch\/fr\/wp-json\/wp\/v2\/types\/page"}],"author":[{"embeddable":true,"href":"https:\/\/aleyani-swimwear.ch\/fr\/wp-json\/wp\/v2\/users\/1"}],"replies":[{"embeddable":true,"href":"https:\/\/aleyani-swimwear.ch\/fr\/wp-json\/wp\/v2\/comments?post=410"}],"version-history":[{"count":40,"href":"https:\/\/aleyani-swimwear.ch\/fr\/wp-json\/wp\/v2\/pages\/410\/revisions"}],"predecessor-version":[{"id":5713,"href":"https:\/\/aleyani-swimwear.ch\/fr\/wp-json\/wp\/v2\/pages\/410\/revisions\/5713"}],"wp:attachment":[{"href":"https:\/\/aleyani-swimwear.ch\/fr\/wp-json\/wp\/v2\/media?parent=410"}],"curies":[{"name":"wp","href":"https:\/\/api.w.org\/{rel}","templated":true}]}}