{"id":501,"date":"2024-07-03T03:19:25","date_gmt":"2024-07-03T03:19:25","guid":{"rendered":"https:\/\/aleyani-swimwear.ch\/?page_id=501"},"modified":"2025-03-28T19:21:01","modified_gmt":"2025-03-28T19:21:01","slug":"maillots-de-bain-durables","status":"publish","type":"page","link":"https:\/\/aleyani-swimwear.ch\/fr\/sustainable-swimwear\/","title":{"rendered":"Maillots de bain durables"},"content":{"rendered":"<div data-elementor-type=\"wp-page\" data-elementor-id=\"501\" class=\"elementor elementor-501\" wpc-filter-elementor-widget=\"1\" data-elementor-post-type=\"page\">\n\t\t\t\t<div class=\"elementor-element elementor-element-60709c2c e-flex e-con-boxed e-con e-parent\" data-id=\"60709c2c\" data-element_type=\"container\" data-e-type=\"container\">\n\t\t\t\t\t<div class=\"e-con-inner\">\n\t\t<div class=\"elementor-element elementor-element-42d8cd3f e-con-full e-flex e-con e-child\" data-id=\"42d8cd3f\" data-element_type=\"container\" data-e-type=\"container\">\n\t\t\t\t<div class=\"elementor-element elementor-element-282999d5 elementor-widget elementor-widget-heading\" data-id=\"282999d5\" data-element_type=\"widget\" data-e-type=\"widget\" data-widget_type=\"heading.default\">\n\t\t\t\t<div class=\"elementor-widget-container\">\n\t\t\t\t\t<h5 class=\"elementor-heading-title elementor-size-default\">NOTRE PROMESSE<\/h5>\t\t\t\t<\/div>\n\t\t\t\t<\/div>\n\t\t\t\t<div class=\"elementor-element elementor-element-437aebf5 elementor-widget elementor-widget-heading\" data-id=\"437aebf5\" data-element_type=\"widget\" data-e-type=\"widget\" data-widget_type=\"heading.default\">\n\t\t\t\t<div class=\"elementor-widget-container\">\n\t\t\t\t\t<h1 class=\"elementor-heading-title elementor-size-default\">MAILLOTS DE BAIN DURABLES<\/h1>\t\t\t\t<\/div>\n\t\t\t\t<\/div>\n\t\t\t\t<div class=\"elementor-element elementor-element-2910f687 elementor-widget elementor-widget-text-editor\" data-id=\"2910f687\" data-element_type=\"widget\" data-e-type=\"widget\" data-widget_type=\"text-editor.default\">\n\t\t\t\t<div class=\"elementor-widget-container\">\n\t\t\t\t\t\t\t\t\t<p>Chez ALEYANI, on pense que les maillots de bain durables doivent \u00eatre aussi beaux \u00e0 porter qu'\u00e0 regarder. C\u2019est pourquoi on cr\u00e9e des bikinis \u00e9coresponsables qui allient style, confort et valeurs \u00e9thiques \u2013 sans compromis.<\/p><p>Avec des mati\u00e8res innovantes et une vraie conscience environnementale, nos maillots de bain durables t\u2019aident \u00e0 faire des choix responsables sans renoncer \u00e0 ton style. Du tissu \u00e0 l\u2019emballage, chaque d\u00e9tail compte.<\/p><p><span style=\"text-decoration: underline;\"><a href=\"https:\/\/aleyani-swimwear.ch\/fr\/boutique\/\">D\u00e9couvrir la collection<\/a><\/span>.<\/p>\t\t\t\t\t\t\t\t<\/div>\n\t\t\t\t<\/div>\n\t\t\t\t<\/div>\n\t\t<div class=\"elementor-element elementor-element-6c039569 e-con-full e-flex e-con e-child\" data-id=\"6c039569\" data-element_type=\"container\" data-e-type=\"container\">\n\t\t\t\t<div class=\"elementor-element elementor-element-26a681e8 elementor-widget elementor-widget-image\" data-id=\"26a681e8\" data-element_type=\"widget\" data-e-type=\"widget\" data-widget_type=\"image.default\">\n\t\t\t\t<div class=\"elementor-widget-container\">\n\t\t\t\t\t\t\t\t\t\t\t\t\t\t\t<img fetchpriority=\"high\" decoding=\"async\" width=\"800\" height=\"857\" src=\"https:\/\/aleyani-swimwear.ch\/wp-content\/uploads\/2024\/07\/sustainable-environment-956x1024.webp\" class=\"attachment-large size-large wp-image-543\" alt=\"\" srcset=\"https:\/\/aleyani-swimwear.ch\/wp-content\/uploads\/2024\/07\/sustainable-environment-956x1024.webp 956w, https:\/\/aleyani-swimwear.ch\/wp-content\/uploads\/2024\/07\/sustainable-environment-600x643.webp 600w, https:\/\/aleyani-swimwear.ch\/wp-content\/uploads\/2024\/07\/sustainable-environment-280x300.webp 280w, https:\/\/aleyani-swimwear.ch\/wp-content\/uploads\/2024\/07\/sustainable-environment-768x823.webp 768w, https:\/\/aleyani-swimwear.ch\/wp-content\/uploads\/2024\/07\/sustainable-environment-1434x1536.webp 1434w, https:\/\/aleyani-swimwear.ch\/wp-content\/uploads\/2024\/07\/sustainable-environment.webp 1500w\" sizes=\"(max-width: 800px) 100vw, 800px\" \/>\t\t\t\t\t\t\t\t\t\t\t\t\t\t\t<\/div>\n\t\t\t\t<\/div>\n\t\t\t\t<\/div>\n\t\t\t\t\t<\/div>\n\t\t\t\t<\/div>\n\t\t<div class=\"elementor-element elementor-element-109ccdb6 e-flex e-con-boxed e-con e-parent\" data-id=\"109ccdb6\" data-element_type=\"container\" data-e-type=\"container\" data-settings=\"{&quot;background_background&quot;:&quot;classic&quot;}\">\n\t\t\t\t\t<div class=\"e-con-inner\">\n\t\t<div class=\"elementor-element elementor-element-27db870e e-con-full e-flex e-con e-child\" data-id=\"27db870e\" data-element_type=\"container\" data-e-type=\"container\">\n\t\t\t\t<div class=\"elementor-element elementor-element-6ec801cf elementor-widget elementor-widget-image\" data-id=\"6ec801cf\" data-element_type=\"widget\" data-e-type=\"widget\" data-widget_type=\"image.default\">\n\t\t\t\t<div class=\"elementor-widget-container\">\n\t\t\t\t\t\t\t\t\t\t\t\t\t\t\t<img decoding=\"async\" width=\"800\" height=\"857\" src=\"https:\/\/aleyani-swimwear.ch\/wp-content\/uploads\/2024\/07\/made-from-recycle-nets-956x1024.webp\" class=\"attachment-large size-large wp-image-547\" alt=\"Filets de p\u00eache usag\u00e9s \u2013 transform\u00e9s en tissu haut de gamme pour nos maillots de bain durables ALEYANI\" srcset=\"https:\/\/aleyani-swimwear.ch\/wp-content\/uploads\/2024\/07\/made-from-recycle-nets-956x1024.webp 956w, https:\/\/aleyani-swimwear.ch\/wp-content\/uploads\/2024\/07\/made-from-recycle-nets-600x643.webp 600w, https:\/\/aleyani-swimwear.ch\/wp-content\/uploads\/2024\/07\/made-from-recycle-nets-280x300.webp 280w, https:\/\/aleyani-swimwear.ch\/wp-content\/uploads\/2024\/07\/made-from-recycle-nets-768x823.webp 768w, https:\/\/aleyani-swimwear.ch\/wp-content\/uploads\/2024\/07\/made-from-recycle-nets-1434x1536.webp 1434w, https:\/\/aleyani-swimwear.ch\/wp-content\/uploads\/2024\/07\/made-from-recycle-nets.webp 1500w\" sizes=\"(max-width: 800px) 100vw, 800px\" \/>\t\t\t\t\t\t\t\t\t\t\t\t\t\t\t<\/div>\n\t\t\t\t<\/div>\n\t\t\t\t<\/div>\n\t\t<div class=\"elementor-element elementor-element-7779a662 e-con-full e-flex e-con e-child\" data-id=\"7779a662\" data-element_type=\"container\" data-e-type=\"container\">\n\t\t\t\t<div class=\"elementor-element elementor-element-2cc20598 elementor-widget elementor-widget-heading\" data-id=\"2cc20598\" data-element_type=\"widget\" data-e-type=\"widget\" data-widget_type=\"heading.default\">\n\t\t\t\t<div class=\"elementor-widget-container\">\n\t\t\t\t\t<h5 class=\"elementor-heading-title elementor-size-default\">TISSUS \u00c9COLOGIQUES<\/h5>\t\t\t\t<\/div>\n\t\t\t\t<\/div>\n\t\t\t\t<div class=\"elementor-element elementor-element-77742516 elementor-widget elementor-widget-heading\" data-id=\"77742516\" data-element_type=\"widget\" data-e-type=\"widget\" data-widget_type=\"heading.default\">\n\t\t\t\t<div class=\"elementor-widget-container\">\n\t\t\t\t\t<h2 class=\"elementor-heading-title elementor-size-default\">FABRIQU\u00c9 \u00c0 PARTIR DE FILETS<br>\nDE P\u00caCHE RECYCL\u00c9S<\/h2>\t\t\t\t<\/div>\n\t\t\t\t<\/div>\n\t\t\t\t<div class=\"elementor-element elementor-element-633368b2 elementor-widget elementor-widget-text-editor\" data-id=\"633368b2\" data-element_type=\"widget\" data-e-type=\"widget\" data-widget_type=\"text-editor.default\">\n\t\t\t\t<div class=\"elementor-widget-container\">\n\t\t\t\t\t\t\t\t\t<p>Chaque pi\u00e8ce de notre collection commence par le choix du tissu. Nous utilisons de l\u2019ECONYL\u00ae, un nylon r\u00e9g\u00e9n\u00e9r\u00e9 fabriqu\u00e9 \u00e0 partir de filets de p\u00eache abandonn\u00e9s et de d\u00e9chets plastiques.<\/p><p>Ce mat\u00e9riau est non seulement doux et chic, mais il contribue aussi \u00e0 nettoyer les oc\u00e9ans et \u00e0 r\u00e9duire les d\u00e9charges. L'\u00e9coresponsabilit\u00e9 n'a jamais \u00e9t\u00e9 aussi styl\u00e9e.<\/p>\t\t\t\t\t\t\t\t<\/div>\n\t\t\t\t<\/div>\n\t\t\t\t<\/div>\n\t\t\t\t\t<\/div>\n\t\t\t\t<\/div>\n\t\t<div class=\"elementor-element elementor-element-1d463157 e-flex e-con-boxed e-con e-parent\" data-id=\"1d463157\" data-element_type=\"container\" data-e-type=\"container\">\n\t\t\t\t\t<div class=\"e-con-inner\">\n\t\t<div class=\"elementor-element elementor-element-2ec352da e-con-full e-flex e-con e-child\" data-id=\"2ec352da\" data-element_type=\"container\" data-e-type=\"container\">\n\t\t\t\t<div class=\"elementor-element elementor-element-786a3d51 elementor-widget elementor-widget-heading\" data-id=\"786a3d51\" data-element_type=\"widget\" data-e-type=\"widget\" data-widget_type=\"heading.default\">\n\t\t\t\t<div class=\"elementor-widget-container\">\n\t\t\t\t\t<h5 class=\"elementor-heading-title elementor-size-default\">DESIGN ET QUALIT\u00c9<\/h5>\t\t\t\t<\/div>\n\t\t\t\t<\/div>\n\t\t\t\t<div class=\"elementor-element elementor-element-6dcd57e6 elementor-widget elementor-widget-heading\" data-id=\"6dcd57e6\" data-element_type=\"widget\" data-e-type=\"widget\" data-widget_type=\"heading.default\">\n\t\t\t\t<div class=\"elementor-widget-container\">\n\t\t\t\t\t<h2 class=\"elementor-heading-title elementor-size-default\">DURABILIT\u00c9 ET DESIGNS INTEMPORELS<\/h2>\t\t\t\t<\/div>\n\t\t\t\t<\/div>\n\t\t\t\t<div class=\"elementor-element elementor-element-69d28148 elementor-widget elementor-widget-text-editor\" data-id=\"69d28148\" data-element_type=\"widget\" data-e-type=\"widget\" data-widget_type=\"text-editor.default\">\n\t\t\t\t<div class=\"elementor-widget-container\">\n\t\t\t\t\t\t\t\t\t<p>Chez ALEYANI, on con\u00e7oit des maillots slow fashion, pens\u00e9s pour durer. Des coupes intemporelles et des mat\u00e9riaux haut de gamme pour que tu puisses porter ton bikini saison apr\u00e8s saison, en toute confiance.<\/p><p>Le r\u00e9sultat: des maillots durables, flatteurs et styl\u00e9s, faits pour ton corps, ton style et la plan\u00e8te.<\/p>\t\t\t\t\t\t\t\t<\/div>\n\t\t\t\t<\/div>\n\t\t\t\t<\/div>\n\t\t<div class=\"elementor-element elementor-element-2ec4f521 e-con-full e-flex e-con e-child\" data-id=\"2ec4f521\" data-element_type=\"container\" data-e-type=\"container\">\n\t\t\t\t<div class=\"elementor-element elementor-element-62d53270 elementor-widget elementor-widget-image\" data-id=\"62d53270\" data-element_type=\"widget\" data-e-type=\"widget\" data-widget_type=\"image.default\">\n\t\t\t\t<div class=\"elementor-widget-container\">\n\t\t\t\t\t\t\t\t\t\t\t\t\t\t\t<img decoding=\"async\" width=\"800\" height=\"751\" src=\"https:\/\/aleyani-swimwear.ch\/wp-content\/uploads\/2024\/09\/Sustainable-Swimwear-Women2-1-1-1024x961.jpg\" class=\"attachment-large size-large wp-image-3463\" alt=\"Femme engag\u00e9e portant un ensemble bikini durable de la marque ALEYANI\" srcset=\"https:\/\/aleyani-swimwear.ch\/wp-content\/uploads\/2024\/09\/Sustainable-Swimwear-Women2-1-1-1024x961.jpg 1024w, https:\/\/aleyani-swimwear.ch\/wp-content\/uploads\/2024\/09\/Sustainable-Swimwear-Women2-1-1-300x282.jpg 300w, https:\/\/aleyani-swimwear.ch\/wp-content\/uploads\/2024\/09\/Sustainable-Swimwear-Women2-1-1-768x721.jpg 768w, https:\/\/aleyani-swimwear.ch\/wp-content\/uploads\/2024\/09\/Sustainable-Swimwear-Women2-1-1-600x563.jpg 600w, https:\/\/aleyani-swimwear.ch\/wp-content\/uploads\/2024\/09\/Sustainable-Swimwear-Women2-1-1.jpg 1200w\" sizes=\"(max-width: 800px) 100vw, 800px\" \/>\t\t\t\t\t\t\t\t\t\t\t\t\t\t\t<\/div>\n\t\t\t\t<\/div>\n\t\t\t\t<\/div>\n\t\t\t\t\t<\/div>\n\t\t\t\t<\/div>\n\t\t<div class=\"elementor-element elementor-element-6d2e0ed3 e-flex e-con-boxed e-con e-parent\" data-id=\"6d2e0ed3\" data-element_type=\"container\" data-e-type=\"container\" data-settings=\"{&quot;background_background&quot;:&quot;classic&quot;}\">\n\t\t\t\t\t<div class=\"e-con-inner\">\n\t\t<div class=\"elementor-element elementor-element-4efc8e0a e-con-full e-flex e-con e-child\" data-id=\"4efc8e0a\" data-element_type=\"container\" data-e-type=\"container\">\n\t\t\t\t<div class=\"elementor-element elementor-element-58f3b2ca elementor-widget elementor-widget-image\" data-id=\"58f3b2ca\" data-element_type=\"widget\" data-e-type=\"widget\" data-widget_type=\"image.default\">\n\t\t\t\t<div class=\"elementor-widget-container\">\n\t\t\t\t\t\t\t\t\t\t\t\t\t\t\t<img loading=\"lazy\" decoding=\"async\" width=\"800\" height=\"852\" src=\"https:\/\/aleyani-swimwear.ch\/wp-content\/uploads\/2024\/09\/Packaging-1-961x1024.jpg\" class=\"attachment-large size-large wp-image-4398\" alt=\"Emballage compostable \u2013 un choix r\u00e9fl\u00e9chi dans l\u2019exp\u00e9rience de nos maillots de bain durables\" srcset=\"https:\/\/aleyani-swimwear.ch\/wp-content\/uploads\/2024\/09\/Packaging-1-961x1024.jpg 961w, https:\/\/aleyani-swimwear.ch\/wp-content\/uploads\/2024\/09\/Packaging-1-282x300.jpg 282w, https:\/\/aleyani-swimwear.ch\/wp-content\/uploads\/2024\/09\/Packaging-1-768x818.jpg 768w, https:\/\/aleyani-swimwear.ch\/wp-content\/uploads\/2024\/09\/Packaging-1-1441x1536.jpg 1441w, https:\/\/aleyani-swimwear.ch\/wp-content\/uploads\/2024\/09\/Packaging-1-600x639.jpg 600w, https:\/\/aleyani-swimwear.ch\/wp-content\/uploads\/2024\/09\/Packaging-1.jpg 1689w\" sizes=\"(max-width: 800px) 100vw, 800px\" \/>\t\t\t\t\t\t\t\t\t\t\t\t\t\t\t<\/div>\n\t\t\t\t<\/div>\n\t\t\t\t<\/div>\n\t\t<div class=\"elementor-element elementor-element-12666848 e-con-full e-flex e-con e-child\" data-id=\"12666848\" data-element_type=\"container\" data-e-type=\"container\">\n\t\t\t\t<div class=\"elementor-element elementor-element-2d8c50ea elementor-widget elementor-widget-heading\" data-id=\"2d8c50ea\" data-element_type=\"widget\" data-e-type=\"widget\" data-widget_type=\"heading.default\">\n\t\t\t\t<div class=\"elementor-widget-container\">\n\t\t\t\t\t<h5 class=\"elementor-heading-title elementor-size-default\">EMBALLAGE<\/h5>\t\t\t\t<\/div>\n\t\t\t\t<\/div>\n\t\t\t\t<div class=\"elementor-element elementor-element-10917add elementor-widget elementor-widget-heading\" data-id=\"10917add\" data-element_type=\"widget\" data-e-type=\"widget\" data-widget_type=\"heading.default\">\n\t\t\t\t<div class=\"elementor-widget-container\">\n\t\t\t\t\t<h2 class=\"elementor-heading-title elementor-size-default\">\u00c9CO-RESPONSABLE DE A \u00c0 Z<\/h2>\t\t\t\t<\/div>\n\t\t\t\t<\/div>\n\t\t\t\t<div class=\"elementor-element elementor-element-7aa293fa elementor-widget elementor-widget-text-editor\" data-id=\"7aa293fa\" data-element_type=\"widget\" data-e-type=\"widget\" data-widget_type=\"text-editor.default\">\n\t\t\t\t<div class=\"elementor-widget-container\">\n\t\t\t\t\t\t\t\t\t<p>Notre engagement ne s'arr\u00eate pas aux maillots. Nos emballages sont 100 % compostables et fabriqu\u00e9s \u00e0 partir de mati\u00e8res v\u00e9g\u00e9tales comme l'amidon de ma\u00efs. Avec chaque commande, on r\u00e9duit les d\u00e9chets pour t'offrir une exp\u00e9rience vraiment \u00e9coresponsable.<\/p>\t\t\t\t\t\t\t\t<\/div>\n\t\t\t\t<\/div>\n\t\t\t\t<\/div>\n\t\t\t\t\t<\/div>\n\t\t\t\t<\/div>\n\t\t<div class=\"elementor-element elementor-element-58e98a34 e-flex e-con-boxed e-con e-parent\" data-id=\"58e98a34\" data-element_type=\"container\" data-e-type=\"container\">\n\t\t\t\t\t<div class=\"e-con-inner\">\n\t\t<div class=\"elementor-element elementor-element-6586a438 e-con-full e-flex e-con e-child\" data-id=\"6586a438\" data-element_type=\"container\" data-e-type=\"container\">\n\t\t\t\t<div class=\"elementor-element elementor-element-2e75202 elementor-widget elementor-widget-heading\" data-id=\"2e75202\" data-element_type=\"widget\" data-e-type=\"widget\" data-widget_type=\"heading.default\">\n\t\t\t\t<div class=\"elementor-widget-container\">\n\t\t\t\t\t<h5 class=\"elementor-heading-title elementor-size-default\">TA CONTRIBUTION<\/h5>\t\t\t\t<\/div>\n\t\t\t\t<\/div>\n\t\t\t\t<div class=\"elementor-element elementor-element-4de5908a elementor-widget elementor-widget-heading\" data-id=\"4de5908a\" data-element_type=\"widget\" data-e-type=\"widget\" data-widget_type=\"heading.default\">\n\t\t\t\t<div class=\"elementor-widget-container\">\n\t\t\t\t\t<h2 class=\"elementor-heading-title elementor-size-default\">PRENDS SOIN DE TOI, PORTE-TOI PLUS LONGTEMPS<\/h2>\t\t\t\t<\/div>\n\t\t\t\t<\/div>\n\t\t\t\t<div class=\"elementor-element elementor-element-2c30c9c6 elementor-widget elementor-widget-text-editor\" data-id=\"2c30c9c6\" data-element_type=\"widget\" data-e-type=\"widget\" data-widget_type=\"text-editor.default\">\n\t\t\t\t<div class=\"elementor-widget-container\">\n\t\t\t\t\t\t\t\t\t<p>On veut que tu profites de tes pi\u00e8ces ALEYANI pendant des ann\u00e9es. C'est pourquoi on propose un <a href=\"https:\/\/aleyani-swimwear.ch\/fr\/guide-des-tailles\/\"><span style=\"text-decoration: underline;\">guide des tailles<\/span><\/a> d\u00e9taill\u00e9 et des <a href=\"https:\/\/aleyani-swimwear.ch\/fr\/faq\/\"><span style=\"text-decoration: underline;\">conseils d'entretien<\/span><\/a>simples. Bien entretenir ton maillot, c\u2019est r\u00e9duire les d\u00e9chets \u2013 et soutenir la mode durable avec nous.<\/p>\t\t\t\t\t\t\t\t<\/div>\n\t\t\t\t<\/div>\n\t\t\t\t<\/div>\n\t\t<div class=\"elementor-element elementor-element-47203a86 e-con-full elementor-hidden-tablet elementor-hidden-mobile e-flex e-con e-child\" data-id=\"47203a86\" data-element_type=\"container\" data-e-type=\"container\">\n\t\t\t\t<div class=\"elementor-element elementor-element-3660c7e elementor-widget elementor-widget-image\" data-id=\"3660c7e\" data-element_type=\"widget\" data-e-type=\"widget\" data-widget_type=\"image.default\">\n\t\t\t\t<div class=\"elementor-widget-container\">\n\t\t\t\t\t\t\t\t\t\t\t\t\t\t\t<img loading=\"lazy\" decoding=\"async\" width=\"800\" height=\"852\" src=\"https:\/\/aleyani-swimwear.ch\/wp-content\/uploads\/2024\/09\/Packaging-1-1-961x1024.jpg\" class=\"attachment-large size-large wp-image-4400\" alt=\"Deux femmes portant des maillots de bain durables de premi\u00e8re qualit\u00e9 ALEYANI \u00e0 la lumi\u00e8re naturelle.\" srcset=\"https:\/\/aleyani-swimwear.ch\/wp-content\/uploads\/2024\/09\/Packaging-1-1-961x1024.jpg 961w, https:\/\/aleyani-swimwear.ch\/wp-content\/uploads\/2024\/09\/Packaging-1-1-282x300.jpg 282w, https:\/\/aleyani-swimwear.ch\/wp-content\/uploads\/2024\/09\/Packaging-1-1-768x818.jpg 768w, https:\/\/aleyani-swimwear.ch\/wp-content\/uploads\/2024\/09\/Packaging-1-1-1441x1536.jpg 1441w, https:\/\/aleyani-swimwear.ch\/wp-content\/uploads\/2024\/09\/Packaging-1-1-600x639.jpg 600w, https:\/\/aleyani-swimwear.ch\/wp-content\/uploads\/2024\/09\/Packaging-1-1.jpg 1689w\" sizes=\"(max-width: 800px) 100vw, 800px\" \/>\t\t\t\t\t\t\t\t\t\t\t\t\t\t\t<\/div>\n\t\t\t\t<\/div>\n\t\t\t\t<\/div>\n\t\t\t\t\t<\/div>\n\t\t\t\t<\/div>\n\t\t<div class=\"elementor-element elementor-element-11a9a170 e-flex e-con-boxed e-con e-parent\" data-id=\"11a9a170\" data-element_type=\"container\" data-e-type=\"container\" data-settings=\"{&quot;background_background&quot;:&quot;classic&quot;}\">\n\t\t\t\t\t<div class=\"e-con-inner\">\n\t\t\t\t<div class=\"elementor-element elementor-element-66b6ae46 elementor-widget elementor-widget-heading\" data-id=\"66b6ae46\" data-element_type=\"widget\" data-e-type=\"widget\" data-widget_type=\"heading.default\">\n\t\t\t\t<div class=\"elementor-widget-container\">\n\t\t\t\t\t<h2 class=\"elementor-heading-title elementor-size-default\">D\u00c9COUVRE LE C\u00d4T\u00c9 GLAM DE LA DURABILIT\u00c9<\/h2>\t\t\t\t<\/div>\n\t\t\t\t<\/div>\n\t\t\t\t<div class=\"elementor-element elementor-element-59ded37e elementor-widget elementor-widget-heading\" data-id=\"59ded37e\" data-element_type=\"widget\" data-e-type=\"widget\" data-widget_type=\"heading.default\">\n\t\t\t\t<div class=\"elementor-widget-container\">\n\t\t\t\t\t<div class=\"elementor-heading-title elementor-size-default\">Craque pour nos maillots \u00e9coresponsables et fais un geste positif pour la plan\u00e8te.<\/div>\t\t\t\t<\/div>\n\t\t\t\t<\/div>\n\t\t\t\t<div class=\"elementor-element elementor-element-70dbaff3 elementor-widget elementor-widget-button\" data-id=\"70dbaff3\" data-element_type=\"widget\" data-e-type=\"widget\" data-widget_type=\"button.default\">\n\t\t\t\t<div class=\"elementor-widget-container\">\n\t\t\t\t\t\t\t\t\t<div class=\"elementor-button-wrapper\">\n\t\t\t\t\t<a class=\"elementor-button elementor-button-link elementor-size-sm\" href=\"https:\/\/aleyani-swimwear.ch\/fr\/shop\/\">\n\t\t\t\t\t\t<span class=\"elementor-button-content-wrapper\">\n\t\t\t\t\t\t\t\t\t<span class=\"elementor-button-text\">ACHETER DURABLEMENT<\/span>\n\t\t\t\t\t<\/span>\n\t\t\t\t\t<\/a>\n\t\t\t\t<\/div>\n\t\t\t\t\t\t\t\t<\/div>\n\t\t\t\t<\/div>\n\t\t\t\t\t<\/div>\n\t\t\t\t<\/div>\n\t\t\t\t<\/div>","protected":false},"excerpt":{"rendered":"<p>OUR PROMISE SUSTAINABLE SWIMWEAR At ALEYANI, we believe sustainable swimwear should feel just as good as it looks. That\u2019s why we create eco-friendly bikinis that combine style, comfort and ethics \u2013 all without compromise. Made with innovative fabrics and a love for the planet, our sustainable swimwear empowers you to make conscious choices without giving [&hellip;]<\/p>\n","protected":false},"author":1,"featured_media":0,"parent":0,"menu_order":0,"comment_status":"closed","ping_status":"closed","template":"elementor_header_footer","meta":{"_acf_changed":false,"footnotes":""},"class_list":["post-501","page","type-page","status-publish","hentry"],"acf":[],"_links":{"self":[{"href":"https:\/\/aleyani-swimwear.ch\/fr\/wp-json\/wp\/v2\/pages\/501","targetHints":{"allow":["GET"]}}],"collection":[{"href":"https:\/\/aleyani-swimwear.ch\/fr\/wp-json\/wp\/v2\/pages"}],"about":[{"href":"https:\/\/aleyani-swimwear.ch\/fr\/wp-json\/wp\/v2\/types\/page"}],"author":[{"embeddable":true,"href":"https:\/\/aleyani-swimwear.ch\/fr\/wp-json\/wp\/v2\/users\/1"}],"replies":[{"embeddable":true,"href":"https:\/\/aleyani-swimwear.ch\/fr\/wp-json\/wp\/v2\/comments?post=501"}],"version-history":[{"count":61,"href":"https:\/\/aleyani-swimwear.ch\/fr\/wp-json\/wp\/v2\/pages\/501\/revisions"}],"predecessor-version":[{"id":8587,"href":"https:\/\/aleyani-swimwear.ch\/fr\/wp-json\/wp\/v2\/pages\/501\/revisions\/8587"}],"wp:attachment":[{"href":"https:\/\/aleyani-swimwear.ch\/fr\/wp-json\/wp\/v2\/media?parent=501"}],"curies":[{"name":"wp","href":"https:\/\/api.w.org\/{rel}","templated":true}]}}