{"id":509,"date":"2024-07-03T03:24:00","date_gmt":"2024-07-03T03:24:00","guid":{"rendered":"https:\/\/aleyani-swimwear.ch\/?page_id=509"},"modified":"2025-07-01T14:40:21","modified_gmt":"2025-07-01T14:40:21","slug":"positivite-du-corps","status":"publish","type":"page","link":"https:\/\/aleyani-swimwear.ch\/fr\/body-positivity\/","title":{"rendered":"BODY POSITIVITY"},"content":{"rendered":"<div data-elementor-type=\"wp-page\" data-elementor-id=\"509\" class=\"elementor elementor-509\" wpc-filter-elementor-widget=\"1\" data-elementor-post-type=\"page\">\n\t\t\t\t<div class=\"elementor-element elementor-element-e77093c elementor-hidden-mobile e-flex e-con-boxed e-con e-parent\" data-id=\"e77093c\" data-element_type=\"container\" data-e-type=\"container\" data-settings=\"{&quot;background_background&quot;:&quot;classic&quot;}\">\n\t\t\t\t\t<div class=\"e-con-inner\">\n\t\t\t\t<div class=\"elementor-element elementor-element-d0d2178 elementor-widget elementor-widget-heading\" data-id=\"d0d2178\" data-element_type=\"widget\" data-e-type=\"widget\" data-widget_type=\"heading.default\">\n\t\t\t\t<div class=\"elementor-widget-container\">\n\t\t\t\t\t<h3 class=\"elementor-heading-title elementor-size-default\">NOTRE MESSAGE<\/h3>\t\t\t\t<\/div>\n\t\t\t\t<\/div>\n\t\t\t\t<div class=\"elementor-element elementor-element-640406a elementor-widget elementor-widget-heading\" data-id=\"640406a\" data-element_type=\"widget\" data-e-type=\"widget\" data-widget_type=\"heading.default\">\n\t\t\t\t<div class=\"elementor-widget-container\">\n\t\t\t\t\t<h1 class=\"elementor-heading-title elementor-size-default\">BODY POSITIVITY MAILLOTS DE BAIN <\/h1>\t\t\t\t<\/div>\n\t\t\t\t<\/div>\n\t\t\t\t<div class=\"elementor-element elementor-element-e78abcb elementor-hidden-mobile elementor-widget elementor-widget-text-editor\" data-id=\"e78abcb\" data-element_type=\"widget\" data-e-type=\"widget\" data-widget_type=\"text-editor.default\">\n\t\t\t\t<div class=\"elementor-widget-container\">\n\t\t\t\t\t\t\t\t\t<p>Une image corporelle positive, c\u2019est la base pour se sentir bien. Chez ALEYANI, on c\u00e9l\u00e8bre la vraie diversit\u00e9 des corps \u2013 pas les standards d\u00e9pass\u00e9s. Nos maillots de bain sont pens\u00e9s pour diff\u00e9rentes morphologies, tailles de poitrine et styles, pour que tu te sentes libre, belle et forte dans ta peau. Que tu sois athl\u00e9tique, pulpeuse ou toute fine \u2013 nos bikinis sont l\u00e0 pour t\u2019aider \u00e0 te sentir bien dans ton corps et \u00e0 l\u2019aimer tel qu\u2019il est.<\/p>\t\t\t\t\t\t\t\t<\/div>\n\t\t\t\t<\/div>\n\t\t\t\t\t<\/div>\n\t\t\t\t<\/div>\n\t\t<div class=\"elementor-element elementor-element-9cc3b09 elementor-hidden-desktop elementor-hidden-tablet e-flex e-con-boxed e-con e-parent\" data-id=\"9cc3b09\" data-element_type=\"container\" data-e-type=\"container\" data-settings=\"{&quot;background_background&quot;:&quot;classic&quot;}\">\n\t\t\t\t\t<div class=\"e-con-inner\">\n\t\t\t\t<div class=\"elementor-element elementor-element-23f6e4b elementor-widget elementor-widget-heading\" data-id=\"23f6e4b\" data-element_type=\"widget\" data-e-type=\"widget\" data-widget_type=\"heading.default\">\n\t\t\t\t<div class=\"elementor-widget-container\">\n\t\t\t\t\t<h3 class=\"elementor-heading-title elementor-size-default\">NOTRE MESSAGE<\/h3>\t\t\t\t<\/div>\n\t\t\t\t<\/div>\n\t\t\t\t<div class=\"elementor-element elementor-element-29a6832 elementor-widget elementor-widget-heading\" data-id=\"29a6832\" data-element_type=\"widget\" data-e-type=\"widget\" data-widget_type=\"heading.default\">\n\t\t\t\t<div class=\"elementor-widget-container\">\n\t\t\t\t\t<h1 class=\"elementor-heading-title elementor-size-default\">BODY POSITIVITY MAILLOTS DE BAIN<\/h1>\t\t\t\t<\/div>\n\t\t\t\t<\/div>\n\t\t\t\t<div class=\"elementor-element elementor-element-4947f48 elementor-widget elementor-widget-text-editor\" data-id=\"4947f48\" data-element_type=\"widget\" data-e-type=\"widget\" data-widget_type=\"text-editor.default\">\n\t\t\t\t<div class=\"elementor-widget-container\">\n\t\t\t\t\t\t\t\t\t<p>Une image corporelle positive, c\u2019est la base pour se sentir bien. Chez ALEYANI, on c\u00e9l\u00e8bre la vraie diversit\u00e9 des corps \u2013 pas les standards d\u00e9pass\u00e9s. Nos maillots de bain sont pens\u00e9s pour diff\u00e9rentes morphologies, tailles de poitrine et styles, pour que tu te sentes libre, belle et forte dans ta peau. Que tu sois athl\u00e9tique, pulpeuse ou toute fine \u2013 nos bikinis sont l\u00e0 pour t\u2019aider \u00e0 te sentir bien dans ton corps et \u00e0 l\u2019aimer tel qu\u2019il est.<\/p>\t\t\t\t\t\t\t\t<\/div>\n\t\t\t\t<\/div>\n\t\t\t\t<div class=\"elementor-element elementor-element-9426676 elementor-widget elementor-widget-image\" data-id=\"9426676\" data-element_type=\"widget\" data-e-type=\"widget\" data-widget_type=\"image.default\">\n\t\t\t\t<div class=\"elementor-widget-container\">\n\t\t\t\t\t\t\t\t\t\t\t\t\t\t\t<img decoding=\"async\" src=\"https:\/\/aleyani-swimwear.ch\/wp-content\/uploads\/elementor\/thumbs\/DSC2555-qtk5ysiee9joxn7bwdqxz31t7y1fpk8kkoe7jp3zgg.jpg\" title=\"Positivit\u00e9 corporelle_Femmes en maillot de bain\" alt=\"Deux femmes ayant une image corporelle saine dans des maillots de bain de positivit\u00e9 corporelle par ALEYANI.\" loading=\"lazy\" \/>\t\t\t\t\t\t\t\t\t\t\t\t\t\t\t<\/div>\n\t\t\t\t<\/div>\n\t\t\t\t<div class=\"elementor-element elementor-element-7d433bf elementor-widget elementor-widget-html\" data-id=\"7d433bf\" data-element_type=\"widget\" data-e-type=\"widget\" data-widget_type=\"html.default\">\n\t\t\t\t<div class=\"elementor-widget-container\">\n\t\t\t\t\t<style>\n@media(max-width: 767px) {\n.elementor-sticky svg, .wp-image-81 {\n    filter: invert(100%);\n}\n.elementor-sticky.elementor-sticky--active svg {\n    filter: none !important;\n}\n}\n<\/style>\t\t\t\t<\/div>\n\t\t\t\t<\/div>\n\t\t\t\t\t<\/div>\n\t\t\t\t<\/div>\n\t\t<div class=\"elementor-element elementor-element-72f64805 e-flex e-con-boxed e-con e-parent\" data-id=\"72f64805\" data-element_type=\"container\" data-e-type=\"container\" data-settings=\"{&quot;background_background&quot;:&quot;classic&quot;}\">\n\t\t\t\t\t<div class=\"e-con-inner\">\n\t\t<div class=\"elementor-element elementor-element-3d18a8d1 e-con-full e-flex e-con e-child\" data-id=\"3d18a8d1\" data-element_type=\"container\" data-e-type=\"container\">\n\t\t\t\t<div class=\"elementor-element elementor-element-5a099342 elementor-widget elementor-widget-image\" data-id=\"5a099342\" data-element_type=\"widget\" data-e-type=\"widget\" data-widget_type=\"image.default\">\n\t\t\t\t<div class=\"elementor-widget-container\">\n\t\t\t\t\t\t\t\t\t\t\t\t\t\t\t<img fetchpriority=\"high\" decoding=\"async\" width=\"563\" height=\"600\" src=\"https:\/\/aleyani-swimwear.ch\/wp-content\/uploads\/2024\/08\/Women-with-healthy-body-image.jpg\" class=\"attachment-full size-full wp-image-3133\" alt=\"Femme authentique portant des maillots de bain \u00ab body positivity \u00bb d&#039;ALEYANI - un look confiant et naturel.\" srcset=\"https:\/\/aleyani-swimwear.ch\/wp-content\/uploads\/2024\/08\/Women-with-healthy-body-image.jpg 563w, https:\/\/aleyani-swimwear.ch\/wp-content\/uploads\/2024\/08\/Women-with-healthy-body-image-282x300.jpg 282w\" sizes=\"(max-width: 563px) 100vw, 563px\" \/>\t\t\t\t\t\t\t\t\t\t\t\t\t\t\t<\/div>\n\t\t\t\t<\/div>\n\t\t\t\t<\/div>\n\t\t<div class=\"elementor-element elementor-element-4ce7aea7 e-con-full e-flex e-con e-child\" data-id=\"4ce7aea7\" data-element_type=\"container\" data-e-type=\"container\">\n\t\t\t\t<div class=\"elementor-element elementor-element-bb72403 elementor-widget elementor-widget-heading\" data-id=\"bb72403\" data-element_type=\"widget\" data-e-type=\"widget\" data-widget_type=\"heading.default\">\n\t\t\t\t<div class=\"elementor-widget-container\">\n\t\t\t\t\t<h5 class=\"elementor-heading-title elementor-size-default\">NOTRE ENGAGEMENT<\/h5>\t\t\t\t<\/div>\n\t\t\t\t<\/div>\n\t\t\t\t<div class=\"elementor-element elementor-element-2e1cafee elementor-widget elementor-widget-heading\" data-id=\"2e1cafee\" data-element_type=\"widget\" data-e-type=\"widget\" data-widget_type=\"heading.default\">\n\t\t\t\t<div class=\"elementor-widget-container\">\n\t\t\t\t\t<h2 class=\"elementor-heading-title elementor-size-default\">POUR UNE IMAGE CORPORELLE<br>\nSAINE \u2013 GR\u00c2CE AUX MAILLOTS DE BAIN<\/h2>\t\t\t\t<\/div>\n\t\t\t\t<\/div>\n\t\t\t\t<div class=\"elementor-element elementor-element-5aef1c87 elementor-widget elementor-widget-text-editor\" data-id=\"5aef1c87\" data-element_type=\"widget\" data-e-type=\"widget\" data-widget_type=\"text-editor.default\">\n\t\t\t\t<div class=\"elementor-widget-container\">\n\t\t\t\t\t\t\t\t\t<p>Chez ALEYANI, on veut montrer des vraies femmes, pas des retouches. Pour nous, une image corporelle saine commence par plus de visibilit\u00e9 et plus d\u2019authenticit\u00e9.<\/p><p>En tant que marque ind\u00e9pendante, on remet en question les diktats de beaut\u00e9 et on valorise les vraies courbes, les formes naturelles, et la personnalit\u00e9. Nos mod\u00e8les sont faits pour t\u2019apporter plus de confort, plus de bienveillance, plus de libert\u00e9.<\/p><p>T\u00e9l\u00e9charge notre\u00a0<a id=\"BodyPositivity\" href=\"#BodyPositivity\">Guide pour une image corporelle plus saine<\/a> et commence \u00e0 t\u2019aimer un peu plus chaque jour.<\/p><p>\u00a0<\/p>\t\t\t\t\t\t\t\t<\/div>\n\t\t\t\t<\/div>\n\t\t\t\t<\/div>\n\t\t\t\t\t<\/div>\n\t\t\t\t<\/div>\n\t\t<div class=\"elementor-element elementor-element-2b0fd520 e-flex e-con-boxed e-con e-parent\" data-id=\"2b0fd520\" data-element_type=\"container\" data-e-type=\"container\" data-settings=\"{&quot;background_background&quot;:&quot;classic&quot;}\">\n\t\t\t\t\t<div class=\"e-con-inner\">\n\t\t<div class=\"elementor-element elementor-element-3448e9d6 e-con-full e-flex e-con e-child\" data-id=\"3448e9d6\" data-element_type=\"container\" data-e-type=\"container\">\n\t\t\t\t<div class=\"elementor-element elementor-element-60771615 elementor-widget elementor-widget-heading\" data-id=\"60771615\" data-element_type=\"widget\" data-e-type=\"widget\" data-widget_type=\"heading.default\">\n\t\t\t\t<div class=\"elementor-widget-container\">\n\t\t\t\t\t<h5 class=\"elementor-heading-title elementor-size-default\">NOS MOD\u00c8LES<\/h5>\t\t\t\t<\/div>\n\t\t\t\t<\/div>\n\t\t\t\t<div class=\"elementor-element elementor-element-e406988 elementor-widget elementor-widget-heading\" data-id=\"e406988\" data-element_type=\"widget\" data-e-type=\"widget\" data-widget_type=\"heading.default\">\n\t\t\t\t<div class=\"elementor-widget-container\">\n\t\t\t\t\t<h2 class=\"elementor-heading-title elementor-size-default\">DES FEMMES R\u00c9ELLES &amp; INSPIRANTES<\/h2>\t\t\t\t<\/div>\n\t\t\t\t<\/div>\n\t\t\t\t<div class=\"elementor-element elementor-element-26745b0e elementor-widget elementor-widget-text-editor\" data-id=\"26745b0e\" data-element_type=\"widget\" data-e-type=\"widget\" data-widget_type=\"text-editor.default\">\n\t\t\t\t<div class=\"elementor-widget-container\">\n\t\t\t\t\t\t\t\t\t<p>Chez ALEYANI, nos mod\u00e8les sont des femmes comme toi. On ne travaille pas avec des pros du mannequinat \u2013 mais avec des femmes vraies, naturelles et lumineuses.<\/p><p>On montre des corps diff\u00e9rents, des \u00e2ges diff\u00e9rents, des parcours diff\u00e9rents \u2013 pour que chacune puisse se reconna\u00eetre. Et nos maillots de bain, on les pr\u00e9sente tels quels : sans filtres, sans retouches inutiles. Parce que la vraie confiance, c\u2019est toi.<\/p><p>D\u00e9couvre la mission et la motivation <a href=\"https:\/\/aleyani-swimwear.ch\/fr\/a-propos-de-nous\/\"><span style=\"text-decoration: underline;\">d'ALEYANI<\/span><\/a>.<\/p>\t\t\t\t\t\t\t\t<\/div>\n\t\t\t\t<\/div>\n\t\t\t\t<\/div>\n\t\t<div class=\"elementor-element elementor-element-13e21441 e-con-full e-flex e-con e-child\" data-id=\"13e21441\" data-element_type=\"container\" data-e-type=\"container\">\n\t\t\t\t<div class=\"elementor-element elementor-element-122ec9aa elementor-widget elementor-widget-image\" data-id=\"122ec9aa\" data-element_type=\"widget\" data-e-type=\"widget\" data-widget_type=\"image.default\">\n\t\t\t\t<div class=\"elementor-widget-container\">\n\t\t\t\t\t\t\t\t\t\t\t\t\t\t\t<img decoding=\"async\" width=\"563\" height=\"600\" src=\"https:\/\/aleyani-swimwear.ch\/wp-content\/uploads\/2024\/08\/Authentic-Women_Body-Positivity.jpg\" class=\"attachment-full size-full wp-image-3132\" alt=\"Vue de dos des maillots de bain inclusifs con\u00e7us pour tous les types de corps - collection ALEYANI\" srcset=\"https:\/\/aleyani-swimwear.ch\/wp-content\/uploads\/2024\/08\/Authentic-Women_Body-Positivity.jpg 563w, https:\/\/aleyani-swimwear.ch\/wp-content\/uploads\/2024\/08\/Authentic-Women_Body-Positivity-282x300.jpg 282w\" sizes=\"(max-width: 563px) 100vw, 563px\" \/>\t\t\t\t\t\t\t\t\t\t\t\t\t\t\t<\/div>\n\t\t\t\t<\/div>\n\t\t\t\t<\/div>\n\t\t\t\t\t<\/div>\n\t\t\t\t<\/div>\n\t\t<div class=\"elementor-element elementor-element-16b722c8 e-flex e-con-boxed e-con e-parent\" data-id=\"16b722c8\" data-element_type=\"container\" data-e-type=\"container\" data-settings=\"{&quot;background_background&quot;:&quot;classic&quot;}\">\n\t\t\t\t\t<div class=\"e-con-inner\">\n\t\t<div class=\"elementor-element elementor-element-2020dc1a e-con-full e-flex e-con e-child\" data-id=\"2020dc1a\" data-element_type=\"container\" data-e-type=\"container\">\n\t\t\t\t<div class=\"elementor-element elementor-element-15e2a28e elementor-widget elementor-widget-image\" data-id=\"15e2a28e\" data-element_type=\"widget\" data-e-type=\"widget\" data-widget_type=\"image.default\">\n\t\t\t\t<div class=\"elementor-widget-container\">\n\t\t\t\t\t\t\t\t\t\t\t\t\t\t\t<img decoding=\"async\" width=\"2402\" height=\"2560\" src=\"https:\/\/aleyani-swimwear.ch\/wp-content\/uploads\/2025\/02\/Flattering-and-Sustainable-Bikinis-for-women-with-different-body-shapes.-1-4-scaled.jpg\" class=\"attachment-full size-full wp-image-7307\" alt=\"Groupe de femmes diverses portant des maillots de bain ALEYANI - c\u00e9l\u00e9brant la confiance en soi et l&#039;individualit\u00e9\" srcset=\"https:\/\/aleyani-swimwear.ch\/wp-content\/uploads\/2025\/02\/Flattering-and-Sustainable-Bikinis-for-women-with-different-body-shapes.-1-4-scaled.jpg 2402w, https:\/\/aleyani-swimwear.ch\/wp-content\/uploads\/2025\/02\/Flattering-and-Sustainable-Bikinis-for-women-with-different-body-shapes.-1-4-281x300.jpg 281w, https:\/\/aleyani-swimwear.ch\/wp-content\/uploads\/2025\/02\/Flattering-and-Sustainable-Bikinis-for-women-with-different-body-shapes.-1-4-961x1024.jpg 961w, https:\/\/aleyani-swimwear.ch\/wp-content\/uploads\/2025\/02\/Flattering-and-Sustainable-Bikinis-for-women-with-different-body-shapes.-1-4-768x819.jpg 768w, https:\/\/aleyani-swimwear.ch\/wp-content\/uploads\/2025\/02\/Flattering-and-Sustainable-Bikinis-for-women-with-different-body-shapes.-1-4-1441x1536.jpg 1441w, https:\/\/aleyani-swimwear.ch\/wp-content\/uploads\/2025\/02\/Flattering-and-Sustainable-Bikinis-for-women-with-different-body-shapes.-1-4-1922x2048.jpg 1922w, https:\/\/aleyani-swimwear.ch\/wp-content\/uploads\/2025\/02\/Flattering-and-Sustainable-Bikinis-for-women-with-different-body-shapes.-1-4-600x639.jpg 600w\" sizes=\"(max-width: 2402px) 100vw, 2402px\" \/>\t\t\t\t\t\t\t\t\t\t\t\t\t\t\t<\/div>\n\t\t\t\t<\/div>\n\t\t\t\t<\/div>\n\t\t<div class=\"elementor-element elementor-element-7f1ab82e e-con-full e-flex e-con e-child\" data-id=\"7f1ab82e\" data-element_type=\"container\" data-e-type=\"container\">\n\t\t\t\t<div class=\"elementor-element elementor-element-657988d elementor-widget elementor-widget-heading\" data-id=\"657988d\" data-element_type=\"widget\" data-e-type=\"widget\" data-widget_type=\"heading.default\">\n\t\t\t\t<div class=\"elementor-widget-container\">\n\t\t\t\t\t<h5 class=\"elementor-heading-title elementor-size-default\">NOS CR\u00c9ATIONS<\/h5>\t\t\t\t<\/div>\n\t\t\t\t<\/div>\n\t\t\t\t<div class=\"elementor-element elementor-element-47f2db7 elementor-widget elementor-widget-heading\" data-id=\"47f2db7\" data-element_type=\"widget\" data-e-type=\"widget\" data-widget_type=\"heading.default\">\n\t\t\t\t<div class=\"elementor-widget-container\">\n\t\t\t\t\t<h2 class=\"elementor-heading-title elementor-size-default\">COLLECTION INCLUSIVE<\/h2>\t\t\t\t<\/div>\n\t\t\t\t<\/div>\n\t\t\t\t<div class=\"elementor-element elementor-element-70e0bb07 elementor-widget elementor-widget-text-editor\" data-id=\"70e0bb07\" data-element_type=\"widget\" data-e-type=\"widget\" data-widget_type=\"text-editor.default\">\n\t\t\t\t<div class=\"elementor-widget-container\">\n\t\t\t\t\t\t\t\t\t<p>Nos maillots de bain sont pens\u00e9s pour \u00e9pouser ton corps, et non l\u2019inverse. On cr\u00e9e avec notre communaut\u00e9 des pi\u00e8ces styl\u00e9es et confortables, sans compromis.<\/p><p>Le r\u00e9sultat: une collection qui met en valeur toutes les femmes \u2013 petites, grandes, athl\u00e9tiques ou pulpeuses. Du style, du maintien, et surtout: du vrai.<\/p><p>Explore <a href=\"https:\/\/aleyani-swimwear.ch\/fr\/boutique\/\">notre collection<\/a>et trouve ta coupe id\u00e9ale gr\u00e2ce \u00e0 notre\u00a0<a href=\"https:\/\/aleyani-swimwear.ch\/fr\/guide-dajustement\/\">Fit Guide<\/a> .\u00a0<\/p>\t\t\t\t\t\t\t\t<\/div>\n\t\t\t\t<\/div>\n\t\t\t\t<\/div>\n\t\t\t\t\t<\/div>\n\t\t\t\t<\/div>\n\t\t<div class=\"elementor-element elementor-element-2f2c6f33 e-flex e-con-boxed e-con e-parent\" data-id=\"2f2c6f33\" data-element_type=\"container\" data-e-type=\"container\" data-settings=\"{&quot;background_background&quot;:&quot;classic&quot;}\">\n\t\t\t\t\t<div class=\"e-con-inner\">\n\t\t<div class=\"elementor-element elementor-element-6b4e28ea e-con-full e-flex e-con e-child\" data-id=\"6b4e28ea\" data-element_type=\"container\" data-e-type=\"container\">\n\t\t\t\t<div class=\"elementor-element elementor-element-8cfcaed elementor-widget elementor-widget-heading\" data-id=\"8cfcaed\" data-element_type=\"widget\" data-e-type=\"widget\" data-widget_type=\"heading.default\">\n\t\t\t\t<div class=\"elementor-widget-container\">\n\t\t\t\t\t<h5 class=\"elementor-heading-title elementor-size-default\">LE MOUVEMENT<\/h5>\t\t\t\t<\/div>\n\t\t\t\t<\/div>\n\t\t\t\t<div class=\"elementor-element elementor-element-9a86d0f elementor-widget elementor-widget-heading\" data-id=\"9a86d0f\" data-element_type=\"widget\" data-e-type=\"widget\" data-widget_type=\"heading.default\">\n\t\t\t\t<div class=\"elementor-widget-container\">\n\t\t\t\t\t<h2 class=\"elementor-heading-title elementor-size-default\">#ALEYANIREBELS<\/h2>\t\t\t\t<\/div>\n\t\t\t\t<\/div>\n\t\t\t\t<div class=\"elementor-element elementor-element-cbd0dd elementor-widget elementor-widget-text-editor\" data-id=\"cbd0dd\" data-element_type=\"widget\" data-e-type=\"widget\" data-widget_type=\"text-editor.default\">\n\t\t\t\t<div class=\"elementor-widget-container\">\n\t\t\t\t\t\t\t\t\t<p>Chez ALEYANI, on aime les femmes qui osent \u00eatre elles-m\u00eames. Nos <a href=\"https:\/\/www.instagram.com\/aleyani_swim\" target=\"_blank\" rel=\"noopener\">#ALEYANIRebels <\/a>sont fi\u00e8res, fortes et engag\u00e9es dans le mouvement Body Positivity.<\/p><p>Elles nous inspirent \u00e0 casser les codes et \u00e0 red\u00e9finir la beaut\u00e9 \u00e0 leur fa\u00e7on. Peu importe ta morpho \u2013 chaque corps est l\u00e9gitime, chaque voix compte.<\/p><p>Rejoins le mouvement. Aime-toi plus fort. Montre-toi telle que tu es. Et porte ce qui te fait sentir bien.<\/p>\t\t\t\t\t\t\t\t<\/div>\n\t\t\t\t<\/div>\n\t\t\t\t<\/div>\n\t\t<div class=\"elementor-element elementor-element-a2086d1 e-con-full elementor-hidden-tablet elementor-hidden-mobile e-flex e-con e-child\" data-id=\"a2086d1\" data-element_type=\"container\" data-e-type=\"container\">\n\t\t\t\t<div class=\"elementor-element elementor-element-59705853 elementor-widget elementor-widget-image\" data-id=\"59705853\" data-element_type=\"widget\" data-e-type=\"widget\" data-widget_type=\"image.default\">\n\t\t\t\t<div class=\"elementor-widget-container\">\n\t\t\t\t\t\t\t\t\t\t\t\t\t\t\t<img loading=\"lazy\" decoding=\"async\" width=\"800\" height=\"751\" src=\"https:\/\/aleyani-swimwear.ch\/wp-content\/uploads\/2024\/08\/DSC1313-1024x961.jpg\" class=\"attachment-large size-large wp-image-3152\" alt=\"Moment authentique d&#039;une femme s\u00fbre d&#039;elle en maillot de bain body-positive par ALEYANI\" srcset=\"https:\/\/aleyani-swimwear.ch\/wp-content\/uploads\/2024\/08\/DSC1313-1024x961.jpg 1024w, https:\/\/aleyani-swimwear.ch\/wp-content\/uploads\/2024\/08\/DSC1313-300x281.jpg 300w, https:\/\/aleyani-swimwear.ch\/wp-content\/uploads\/2024\/08\/DSC1313-768x721.jpg 768w, https:\/\/aleyani-swimwear.ch\/wp-content\/uploads\/2024\/08\/DSC1313-1536x1441.jpg 1536w, https:\/\/aleyani-swimwear.ch\/wp-content\/uploads\/2024\/08\/DSC1313-2048x1922.jpg 2048w, https:\/\/aleyani-swimwear.ch\/wp-content\/uploads\/2024\/08\/DSC1313-600x563.jpg 600w\" sizes=\"(max-width: 800px) 100vw, 800px\" \/>\t\t\t\t\t\t\t\t\t\t\t\t\t\t\t<\/div>\n\t\t\t\t<\/div>\n\t\t\t\t<\/div>\n\t\t\t\t\t<\/div>\n\t\t\t\t<\/div>\n\t\t<div class=\"elementor-element elementor-element-39a4d1bd e-flex e-con-boxed e-con e-parent\" data-id=\"39a4d1bd\" data-element_type=\"container\" data-e-type=\"container\" data-settings=\"{&quot;background_background&quot;:&quot;classic&quot;}\">\n\t\t\t\t\t<div class=\"e-con-inner\">\n\t\t\t\t<div class=\"elementor-element elementor-element-6d70bfaa elementor-widget elementor-widget-heading\" data-id=\"6d70bfaa\" data-element_type=\"widget\" data-e-type=\"widget\" data-widget_type=\"heading.default\">\n\t\t\t\t<div class=\"elementor-widget-container\">\n\t\t\t\t\t<h2 class=\"elementor-heading-title elementor-size-default\">TROUVE TA COUPE PARFAITE!<\/h2>\t\t\t\t<\/div>\n\t\t\t\t<\/div>\n\t\t\t\t<div class=\"elementor-element elementor-element-78f99f09 elementor-widget elementor-widget-heading\" data-id=\"78f99f09\" data-element_type=\"widget\" data-e-type=\"widget\" data-widget_type=\"heading.default\">\n\t\t\t\t<div class=\"elementor-widget-container\">\n\t\t\t\t\t<div class=\"elementor-heading-title elementor-size-default\">D\u00e9couvre nos maillots de bain \u00abbody positivity\u00bb, con\u00e7us pour les femmes de tous les jours.<\/div>\t\t\t\t<\/div>\n\t\t\t\t<\/div>\n\t\t\t\t<div class=\"elementor-element elementor-element-2436e9 elementor-widget elementor-widget-button\" data-id=\"2436e9\" data-element_type=\"widget\" data-e-type=\"widget\" data-widget_type=\"button.default\">\n\t\t\t\t<div class=\"elementor-widget-container\">\n\t\t\t\t\t\t\t\t\t<div class=\"elementor-button-wrapper\">\n\t\t\t\t\t<a class=\"elementor-button elementor-button-link elementor-size-sm\" href=\"https:\/\/aleyani-swimwear.ch\/fr\/shop\/\">\n\t\t\t\t\t\t<span class=\"elementor-button-content-wrapper\">\n\t\t\t\t\t\t\t\t\t<span class=\"elementor-button-text\">D\u00c9COUVRE TOUS LES BIKINIS<\/span>\n\t\t\t\t\t<\/span>\n\t\t\t\t\t<\/a>\n\t\t\t\t<\/div>\n\t\t\t\t\t\t\t\t<\/div>\n\t\t\t\t<\/div>\n\t\t\t\t\t<\/div>\n\t\t\t\t<\/div>\n\t\t\t\t<\/div>","protected":false},"excerpt":{"rendered":"<p>OUR MESSAGE BODY POSITIVITY SWIMWEAR A positive body image is the foundation of true confidence. At ALEYANI, we celebrate the natural diversity of women\u2019s bodies \u2014 not outdated beauty ideals. Our thoughtfully designed swimwear fits different body types, bust sizes and styles, so every woman can feel strong, free and beautiful in her own skin. [&hellip;]<\/p>\n","protected":false},"author":1,"featured_media":0,"parent":0,"menu_order":0,"comment_status":"closed","ping_status":"closed","template":"elementor_header_footer","meta":{"_acf_changed":false,"footnotes":""},"class_list":["post-509","page","type-page","status-publish","hentry"],"acf":[],"_links":{"self":[{"href":"https:\/\/aleyani-swimwear.ch\/fr\/wp-json\/wp\/v2\/pages\/509","targetHints":{"allow":["GET"]}}],"collection":[{"href":"https:\/\/aleyani-swimwear.ch\/fr\/wp-json\/wp\/v2\/pages"}],"about":[{"href":"https:\/\/aleyani-swimwear.ch\/fr\/wp-json\/wp\/v2\/types\/page"}],"author":[{"embeddable":true,"href":"https:\/\/aleyani-swimwear.ch\/fr\/wp-json\/wp\/v2\/users\/1"}],"replies":[{"embeddable":true,"href":"https:\/\/aleyani-swimwear.ch\/fr\/wp-json\/wp\/v2\/comments?post=509"}],"version-history":[{"count":193,"href":"https:\/\/aleyani-swimwear.ch\/fr\/wp-json\/wp\/v2\/pages\/509\/revisions"}],"predecessor-version":[{"id":10764,"href":"https:\/\/aleyani-swimwear.ch\/fr\/wp-json\/wp\/v2\/pages\/509\/revisions\/10764"}],"wp:attachment":[{"href":"https:\/\/aleyani-swimwear.ch\/fr\/wp-json\/wp\/v2\/media?parent=509"}],"curies":[{"name":"wp","href":"https:\/\/api.w.org\/{rel}","templated":true}]}}