{"id":3600,"date":"2024-09-05T18:33:53","date_gmt":"2024-09-05T18:33:53","guid":{"rendered":"https:\/\/aleyani-swimwear.ch\/?post_type=product&#038;p=3600"},"modified":"2025-08-31T18:42:06","modified_gmt":"2025-08-31T18:42:06","slug":"bas-de-maillot-de-bain-string-cabo-vert","status":"publish","type":"product","link":"https:\/\/aleyani-swimwear.ch\/fr\/string-bikini-bottom-cabo-green\/","title":{"rendered":"CABO BAS DE BIKINI STRING - Vert"},"content":{"rendered":"<h2 class=\"p1\">BAS DE BIKINI \u00c0 CORDES AJUSTABLES - Bold Fit<\/h2>\n<p class=\"p1\">Le bas de bikini Cabo Adjustable String Bikini Bottom en Jungle Green est fait pour se d\u00e9marquer. Inspir\u00e9 par l'ambiance ensoleill\u00e9e de Cabo Frio, ce mod\u00e8le audacieux \u00e0 coupe haute \u00e9pouse tes courbes et s'ajuste parfaitement - que tu bronzes, que tu plonges ou que tu te prom\u00e8nes sur la plage comme s'il s'agissait de ta piste d'atterrissage. Ce mod\u00e8le est fait pour faire tourner les t\u00eates !<\/p>\n<h3 class=\"p1\">LIENS R\u00c9GLABLES POUR UN AJUSTEMENT SUR MESURE<\/h3>\n<ul>\n<li class=\"p1\">Les attaches lat\u00e9rales fines te permettent d'ajuster la coupe \u00e0 ton corps - et non l'inverse.<\/li>\n<li class=\"p1\">La coupe haute allonge les jambes et d\u00e9finit tes formes aux bons endroits.<\/li>\n<\/ul>\n<h3 class=\"p1\">COUVERTURE MINIMALE, STYLE MAXIMAL<\/h3>\n<ul>\n<li class=\"p1\">Le dos de style br\u00e9silien met en valeur tes courbes avec une silhouette naturellement lift\u00e9e.<\/li>\n<li class=\"p1\">Une couverture minimale permet de minimiser les lignes de bronzage et d'augmenter la confiance en soi.<\/li>\n<li class=\"p1\">La construction sans couture signifie qu'il n'y a pas de pincement, pas de creusage - juste un confort doux, une seconde peau.<\/li>\n<\/ul>\n<h3 class=\"p1\">TISSU DE QUALIT\u00c9 SUP\u00c9RIEURE ET QUINCAILLERIE DOR\u00c9E<\/h3>\n<ul>\n<li class=\"p1\">Tissu extensible brillant et ultra-doux - double couche, respirant et s\u00e9chant rapidement.<\/li>\n<li class=\"p1\">R\u00e9siste aux UV pour que la teinte vert jungle reste fra\u00eeche, port apr\u00e8s port.<\/li>\n<li class=\"p1\">Les bagues en or de luxe r\u00e9sistent au sel, au chlore et \u00e0 la chaleur - elles sont faites pour l'\u00e9t\u00e9.<\/li>\n<\/ul>\n<p class=\"p1\">Des clubs de plage aux endroits les plus recul\u00e9s, le bas de bikini Cabo Adjustable String Bikini Bottom apporte chaleur, confiance et un ajustement parfait - o\u00f9 que tu ailles.<\/p>","protected":false},"excerpt":{"rendered":"<p>ADJUSTABLE STRING BIKINI BOTTOM \u2013 Bold Fit The Cabo Adjustable String Bikini Bottom in Jungle Green is made to stand out. Inspired by the sun-drenched vibe of Cabo Frio, this daring, high-cut design hugs your curves and sits just right \u2013 whether you\u2019re tanning, diving in, or walking the beach like it\u2019s your runway. This [&hellip;]<\/p>\n","protected":false},"featured_media":7105,"comment_status":"open","ping_status":"closed","template":"","meta":{"_acf_changed":false},"product_brand":[],"product_cat":[207,39,35,36,380,203,38,391,402,401,396,386,394,387,400],"product_tag":[302,111,137,129,145,133,307,174,303,127,304,169,264,306,219,305,308,252,309],"class_list":{"0":"post-3600","1":"product","2":"type-product","3":"status-publish","4":"has-post-thumbnail","6":"product_cat-string-bikinis","7":"product_cat-adjustable-bikinis","8":"product_cat-bikini-bottoms","9":"product_cat-brazilian-bikinis","10":"product_cat-collections","11":"product_cat-green-bikinis","12":"product_cat-high-waisted-bikinis","13":"product_cat-wizard-do-not-delete","14":"product_cat-wizard-body-type-inverted-triangle","15":"product_cat-wizard-body-type-oval","16":"product_cat-wizard-bum-coverage-minimal","17":"product_cat-wizards-colorful","18":"product_cat-wizard-with-bottoms-side-adjustability","19":"product_cat-wizard-sustainable-bikinis","20":"product_cat-wizard-body-type-rectangle","21":"product_tag-adjustable-string-bikini-bottom","22":"product_tag-beachwear","23":"product_tag-brazilian-bikini-bottom","24":"product_tag-cheeky-bikini-bottom","25":"product_tag-chlorine-resistant-bikini","26":"product_tag-flattering-bikini-bottom","27":"product_tag-gold-detail-bikini","28":"product_tag-green-bikini-bottom","29":"product_tag-high-waisted-bikini-bottom","30":"product_tag-luxury-swimwear","31":"product_tag-minimal-coverage-bikini-bottom","32":"product_tag-saltwater-resistant-bikini","33":"product_tag-summer-bikini","34":"product_tag-swimwear","35":"product_tag-thong-bikini-bottom","36":"product_tag-tie-side-bikini-bottom","37":"product_tag-tropical-bikini","38":"product_tag-uv-resistant-bikini","39":"product_tag-vacation-bikini","41":"first","42":"instock","43":"sale","44":"shipping-taxable","45":"purchasable","46":"product-type-variable","47":"has-default-attributes"},"acf":[],"_links":{"self":[{"href":"https:\/\/aleyani-swimwear.ch\/fr\/wp-json\/wp\/v2\/product\/3600","targetHints":{"allow":["GET"]}}],"collection":[{"href":"https:\/\/aleyani-swimwear.ch\/fr\/wp-json\/wp\/v2\/product"}],"about":[{"href":"https:\/\/aleyani-swimwear.ch\/fr\/wp-json\/wp\/v2\/types\/product"}],"replies":[{"embeddable":true,"href":"https:\/\/aleyani-swimwear.ch\/fr\/wp-json\/wp\/v2\/comments?post=3600"}],"wp:featuredmedia":[{"embeddable":true,"href":"https:\/\/aleyani-swimwear.ch\/fr\/wp-json\/wp\/v2\/media\/7105"}],"wp:attachment":[{"href":"https:\/\/aleyani-swimwear.ch\/fr\/wp-json\/wp\/v2\/media?parent=3600"}],"wp:term":[{"taxonomy":"product_brand","embeddable":true,"href":"https:\/\/aleyani-swimwear.ch\/fr\/wp-json\/wp\/v2\/product_brand?post=3600"},{"taxonomy":"product_cat","embeddable":true,"href":"https:\/\/aleyani-swimwear.ch\/fr\/wp-json\/wp\/v2\/product_cat?post=3600"},{"taxonomy":"product_tag","embeddable":true,"href":"https:\/\/aleyani-swimwear.ch\/fr\/wp-json\/wp\/v2\/product_tag?post=3600"}],"curies":[{"name":"wp","href":"https:\/\/api.w.org\/{rel}","templated":true}]}}