{"id":4146,"date":"2024-09-10T10:42:40","date_gmt":"2024-09-10T10:42:40","guid":{"rendered":"https:\/\/aleyani-swimwear.ch\/?post_type=product&#038;p=4146"},"modified":"2025-08-15T09:30:35","modified_gmt":"2025-08-15T09:30:35","slug":"bas-de-maillot-de-bain-cheeky-iguacu","status":"publish","type":"product","link":"https:\/\/aleyani-swimwear.ch\/fr\/cheeky-bikini-bottom-iguacu\/","title":{"rendered":"IGUA\u00c7\u00da BAS DE BIKINI CHEEKY - Noir"},"content":{"rendered":"<h2>BAS DE BIKINI CHEEKY \u00c0 TAILLE HAUTE - Coupe flatteuse et confort sculpt\u00e9<\/h2>\n<p>Sois aussi audacieux et \u00e9poustouflant que les chutes d'Iguazu avec le bas de bikini taille haute Igua\u00e7u Cheeky - o\u00f9 le design qui am\u00e9liore la silhouette rencontre le confort tout au long de la journ\u00e9e. Avec une silhouette \u00e0 taille haute et une coupe flatteuse, ce bas de bikini cr\u00e9e un look \u00e9l\u00e9gant qui donne confiance en soi, tout en offrant le bon \u00e9quilibre entre couverture et style.<\/p>\n<h3>COUPE PARFAITE ET FORME FLATTEUSE<\/h3>\n<ul>\n<li>Le bas de bikini effront\u00e9 \u00e0 taille haute pr\u00e9sente une coupe qui allonge les jambes tout en sculptant la taille.<\/li>\n<li>Les c\u00f4t\u00e9s larges et sans coutures garantissent une sensation de seconde peau, sans s'enfoncer, pour un maintien s\u00fbr mais souple.<\/li>\n<li>Que tu prennes un bain de soleil ou que tu nages, ce bas reste en place, offrant une forme flatteuse sous tous les angles.<\/li>\n<\/ul>\n<h3>TAILLE HAUTE AVEC UNE POINTE D'EFFRONTERIE<\/h3>\n<ul>\n<li>Le bas de bikini effront\u00e9 \u00e0 taille haute \u00e9pouse ta taille tout en donnant un effet sculpt\u00e9 et rehaussant les courbes.<\/li>\n<li>La couverture minimale du dos met en valeur les courbes naturelles tout en gardant les lignes de bronzage discr\u00e8tes.<\/li>\n<li>Le tissu double couche offre un soutien l\u00e9ger tout en maintenant la respirabilit\u00e9 et la flexibilit\u00e9.<\/li>\n<\/ul>\n<h3 class=\"p1\">TISSU HAUT DE GAMME \u2013 RECYCL\u00c9 &amp; BRILLANT<\/h3>\n<ul>\n<li class=\"p1\">Ce bas de bikini est con\u00e7u dans un tissu ultra doux &amp; stretch, qui \u00e9pouse ton corps comme une seconde peau.<\/li>\n<li class=\"p1\">Tissu brillant &amp; \u00e9co-friendly, fabriqu\u00e9 \u00e0 partir de d\u00e9chets marins recycl\u00e9s et r\u00e9sistant aux UV.<\/li>\n<li class=\"p1\">La finition lisse &amp; sans coutures \u00e9vite les frottements et assure un confort longue dur\u00e9e, de la plage aux escapades estivales.<\/li>\n<\/ul>\n<p>Que ce soit \u00e0 la piscine ou sous les tropiques, le bikini Cheeky High-Waist est un must pour toutes celles qui recherchent un mod\u00e8le classique polyvalent.<\/p>","protected":false},"excerpt":{"rendered":"<p>CHEEKY HIGH WAISTED BIKINI BOTTOM \u2013 Flattering Fit &amp; Sculpted Comfort Feel as bold and breathtaking as the Iguazu Falls in the Igua\u00e7u Cheeky High Waisted Bikini Bottom \u2013 where figure-enhancing design meets all-day comfort. With a high-waist silhouette and a flattering cheeky cut, this bikini bottom creates a sleek, confidence-boosting look while providing just [&hellip;]<\/p>\n","protected":false},"featured_media":6826,"comment_status":"open","ping_status":"closed","template":"","meta":{"_acf_changed":false},"product_brand":[],"product_cat":[37,35,204,380,38,391,402,401,398,397,385,404,395,387,400],"product_tag":[338,339,341,337,342,239,347,344,343,133,226,127,132,228,346,345,340,146],"class_list":{"0":"post-4146","1":"product","2":"type-product","3":"status-publish","4":"has-post-thumbnail","6":"product_cat-cheeky-bikinis","7":"product_cat-bikini-bottoms","8":"product_cat-black-bikinis","9":"product_cat-collections","10":"product_cat-high-waisted-bikinis","11":"product_cat-wizard-do-not-delete","12":"product_cat-wizard-body-type-inverted-triangle","13":"product_cat-wizard-body-type-oval","14":"product_cat-wizard-body-type-triangle","15":"product_cat-wizard-bum-coverage-cheeky","16":"product_cat-wizard-dark-colors","17":"product_cat-wizard-fall-back","18":"product_cat-wizard-no-side-adjustabiliy","19":"product_cat-wizard-sustainable-bikinis","20":"product_cat-wizard-body-type-rectangle","21":"product_tag-black-high-waist-bikini-bottom","22":"product_tag-brazilian-high-waist-bikini-bottom","23":"product_tag-cheeky-coverage-bikini-bottom","24":"product_tag-cheeky-high-waisted-bikini-bottom","25":"product_tag-chlorine-resistant-bikini-bottom","26":"product_tag-comfortable-bikini-bottom","27":"product_tag-double-layered-bikini-bottom","28":"product_tag-elegant-high-waist-bikini-bottom","29":"product_tag-figure-enhancing-bikini-bottom","30":"product_tag-flattering-bikini-bottom","31":"product_tag-high-leg-bikini-bottom","32":"product_tag-luxury-swimwear","33":"product_tag-sculpting-bikini-bottom","34":"product_tag-seamless-bikini-bottom","35":"product_tag-supportive-bikini-bottom","36":"product_tag-timeless-beachwear","37":"product_tag-tummy-control-bikini-bottom","38":"product_tag-uv-resistant-swimwear","40":"first","41":"instock","42":"sale","43":"shipping-taxable","44":"purchasable","45":"product-type-variable","46":"has-default-attributes"},"acf":[],"_links":{"self":[{"href":"https:\/\/aleyani-swimwear.ch\/fr\/wp-json\/wp\/v2\/product\/4146","targetHints":{"allow":["GET"]}}],"collection":[{"href":"https:\/\/aleyani-swimwear.ch\/fr\/wp-json\/wp\/v2\/product"}],"about":[{"href":"https:\/\/aleyani-swimwear.ch\/fr\/wp-json\/wp\/v2\/types\/product"}],"replies":[{"embeddable":true,"href":"https:\/\/aleyani-swimwear.ch\/fr\/wp-json\/wp\/v2\/comments?post=4146"}],"wp:featuredmedia":[{"embeddable":true,"href":"https:\/\/aleyani-swimwear.ch\/fr\/wp-json\/wp\/v2\/media\/6826"}],"wp:attachment":[{"href":"https:\/\/aleyani-swimwear.ch\/fr\/wp-json\/wp\/v2\/media?parent=4146"}],"wp:term":[{"taxonomy":"product_brand","embeddable":true,"href":"https:\/\/aleyani-swimwear.ch\/fr\/wp-json\/wp\/v2\/product_brand?post=4146"},{"taxonomy":"product_cat","embeddable":true,"href":"https:\/\/aleyani-swimwear.ch\/fr\/wp-json\/wp\/v2\/product_cat?post=4146"},{"taxonomy":"product_tag","embeddable":true,"href":"https:\/\/aleyani-swimwear.ch\/fr\/wp-json\/wp\/v2\/product_tag?post=4146"}],"curies":[{"name":"wp","href":"https:\/\/api.w.org\/{rel}","templated":true}]}}